{"id":981,"date":"2025-10-12T20:58:28","date_gmt":"2025-10-12T18:58:28","guid":{"rendered":"https:\/\/greenwellnessbeauty.com\/?page_id=981"},"modified":"2026-01-07T20:49:11","modified_gmt":"2026-01-07T19:49:11","slug":"comment-nous-selectionnons-les-produits-sur-green-wellness-beauty","status":"publish","type":"page","link":"https:\/\/greenwellnessbeauty.com\/fr\/comment-nous-selectionnons-les-produits-sur-green-wellness-beauty\/","title":{"rendered":"Comment nous s\u00e9lectionnons les produits sur Green Wellness Beauty"},"content":{"rendered":"<div class=\"wp-block-group alignwide has-global-padding is-layout-constrained wp-container-core-group-is-layout-bea02a06 wp-block-group-is-layout-constrained\">\n<h1 class=\"wp-block-heading has-text-align-center\"><strong>Comment cela fonctionne-t-il ?<\/strong> \ud83c\udf3f <\/h1>\n\n\n\n<div style=\"margin-top:var(--wp--preset--spacing--30);margin-bottom:var(--wp--preset--spacing--30);height:var(--wp--preset--spacing--30)\" aria-hidden=\"true\" class=\"wp-block-spacer\"><\/div>\n\n\n\n<h2 class=\"wp-block-heading has-text-align-center\">\ud83d\udc9a Notre m\u00e9thode de s\u00e9lection<\/h2>\n\n\n\n<p class=\"has-text-align-center\">Au <em>Green Wellness Beauty<\/em> Nous pensons que la beaut\u00e9 ne doit jamais compromettre la sant\u00e9 ou l'environnement. C'est pourquoi chaque produit que vous voyez sur notre site web est soigneusement s\u00e9lectionn\u00e9 selon un processus transparent qui combine <strong>analyse objective, comp\u00e9tence et sensibilit\u00e9 \u00e9thique<\/strong>.<\/p>\n\n\n\n<div style=\"margin-top:var(--wp--preset--spacing--30);margin-bottom:var(--wp--preset--spacing--30);height:var(--wp--preset--spacing--30)\" aria-hidden=\"true\" class=\"wp-block-spacer\"><\/div>\n\n\n\n<h2 class=\"wp-block-heading has-text-align-center\">Analysons le score de Yuka.<\/h2>\n\n\n\n<p class=\"has-text-align-center\">La premi\u00e8re \u00e9tape est la v\u00e9rification par <strong>Yuka<\/strong>, une application ind\u00e9pendante qui \u00e9value les produits sur la base des crit\u00e8res suivants <strong>composition des ingr\u00e9dients<\/strong>. Nous ne prenons en compte que les produits cosm\u00e9tiques ayant un score de <strong>\u201cBon\u201d ou \u201cExcellent\u201d<\/strong>, parce qu'ils repr\u00e9sentent des normes \u00e9lev\u00e9es de s\u00e9curit\u00e9 et de qualit\u00e9.<\/p>\n\n\n\n<blockquote class=\"wp-block-quote is-layout-flow wp-block-quote-is-layout-flow\">\n<p class=\"has-text-align-center has-large-font-size\">\ud83d\udca1 <em>Remarque importante :<\/em> Green Wellness Beauty n'est ni affili\u00e9 ni approuv\u00e9 par Yuka SAS.<br>Nous utilisons les scores de Yuka comme <strong>information r\u00e9f\u00e9rence<\/strong>, pour vous aider \u00e0 faire des choix plus \u00e9clair\u00e9s.<\/p>\n<\/blockquote>\n\n\n\n<div style=\"margin-top:var(--wp--preset--spacing--30);margin-bottom:var(--wp--preset--spacing--30);height:var(--wp--preset--spacing--30)\" aria-hidden=\"true\" class=\"wp-block-spacer\"><\/div>\n\n\n\n<h2 class=\"wp-block-heading has-text-align-center\">Nous s\u00e9lectionnons les produits les plus efficaces et les plus abordables.<\/h2>\n\n\n\n<p class=\"has-text-align-center\">Parmi les produits qui r\u00e9pondent \u00e0 nos crit\u00e8res, nous s\u00e9lectionnons ceux qui offrent :<\/p>\n\n\n\n<ul class=\"wp-block-list\">\n<li><strong>excellent rapport qualit\u00e9-prix<\/strong><\/li>\n\n\n\n<li><strong>disponibilit\u00e9 facile<\/strong> (principalement sur Amazon ou des partenaires italiens fiables)<\/li>\n\n\n\n<li><strong>un v\u00e9ritable retour d'information positif<\/strong> par ceux qui les ont d\u00e9j\u00e0 essay\u00e9s<\/li>\n<\/ul>\n\n\n\n<p class=\"has-text-align-center\">\ud83d\udc9a Nous vous offrons ainsi <strong>seulement ce que nous utiliserions \u00e9galement<\/strong>.<\/p>\n\n\n\n<div style=\"margin-top:var(--wp--preset--spacing--30);margin-bottom:var(--wp--preset--spacing--30);height:var(--wp--preset--spacing--30)\" aria-hidden=\"true\" class=\"wp-block-spacer\"><\/div>\n\n\n\n<h2 class=\"wp-block-heading has-text-align-center\">\ud83d\udcac 3. nous vous accompagnons dans votre choix<\/h2>\n\n\n\n<p class=\"has-text-align-center\">Notre objectif est de simplifier votre recherche. Sur chaque page, vous trouverez :<\/p>\n\n\n\n<ul class=\"wp-block-list\">\n<li>a <strong>une description claire du produit<\/strong>, avec les avantages et les recommandations d'utilisation<\/li>\n\n\n\n<li>a <strong>lien direct vers le distributeur officiel<\/strong> pour un achat s\u00e9curis\u00e9<\/li>\n<\/ul>\n\n\n\n<p class=\"has-text-align-center\">Vous pouvez ainsi choisir en toute s\u00e9r\u00e9nit\u00e9, en toute connaissance de cause et en toute transparence.<\/p>\n\n\n\n<div style=\"margin-top:var(--wp--preset--spacing--30);margin-bottom:var(--wp--preset--spacing--30);height:var(--wp--preset--spacing--30)\" aria-hidden=\"true\" class=\"wp-block-spacer\"><\/div>\n\n\n\n<h2 class=\"wp-block-heading has-text-align-center\">\u2696\ufe0f 4. Ind\u00e9pendance et transparence<\/h2>\n\n\n\n<p class=\"has-text-align-center\">Green Wellness Beauty <strong>ne re\u00e7oit aucune r\u00e9mun\u00e9ration directe de la part des marques<\/strong> pour inclure des produits.<br>Nous participons \u00e0 la <strong>Programme d'affiliation Amazon EU<\/strong> et d'autres programmes d'affiliation \u00e9thiques : cela signifie que si vous effectuez un achat via nos liens, nous pouvons recevoir une petite commission qui nous aide \u00e0 maintenir le site actif. <strong>sans frais suppl\u00e9mentaires.<\/strong><\/p>\n\n\n\n<blockquote class=\"wp-block-quote is-layout-flow wp-block-quote-is-layout-flow\">\n<p class=\"has-text-align-center\">\ud83d\udd12 Notre priorit\u00e9 reste l'ind\u00e9pendance et l'honn\u00eatet\u00e9 :<br>Nous n'examinons que les produits qui r\u00e9pondent \u00e0 nos crit\u00e8res de s\u00e9curit\u00e9 et de qualit\u00e9.<\/p>\n<\/blockquote>\n\n\n\n<div style=\"margin-top:var(--wp--preset--spacing--30);margin-bottom:var(--wp--preset--spacing--30);height:var(--wp--preset--spacing--30)\" aria-hidden=\"true\" class=\"wp-block-spacer\"><\/div>\n\n\n\n<h2 class=\"wp-block-heading has-text-align-center\">\u2728 Notre mission<\/h2>\n\n\n\n<p class=\"has-text-align-center\">Nous voulons que Green Wellness Beauty devienne votre <strong>point de r\u00e9f\u00e9rence pour une beaut\u00e9 s\u00fbre et consciente<\/strong>. Il ne s'agit pas d'une simple liste de produits, mais d'une <strong>guide de confiance<\/strong> qui vous accompagne pas \u00e0 pas dans la cr\u00e9ation d'une routine naturelle, durable et en harmonie avec votre corps.<\/p>\n\n\n\n<blockquote class=\"wp-block-quote is-layout-flow wp-block-quote-is-layout-flow\">\n<p class=\"has-text-align-center\">\ud83d\udc9a <em>D\u00e9couvrez nos produits s\u00e9lectionn\u00e9s avec d'excellentes notes Yuka :<\/em><br><\/p>\n\n\n\n<div class=\"wp-block-buttons is-content-justification-center is-layout-flex wp-container-core-buttons-is-layout-a89b3969 wp-block-buttons-is-layout-flex\">\n<div class=\"wp-block-button\"><a class=\"wp-block-button__link has-text-align-center wp-element-button\" href=\"https:\/\/greenwellnessbeauty.com\/fr\/#categorie\">Explorer les cat\u00e9gories \u2192<\/a><\/div>\n<\/div>\n<\/blockquote>\n\n\n\n<div style=\"margin-top:var(--wp--preset--spacing--30);margin-bottom:var(--wp--preset--spacing--30);height:var(--wp--preset--spacing--30)\" aria-hidden=\"true\" class=\"wp-block-spacer\"><\/div>\n<\/div>","protected":false},"excerpt":{"rendered":"<p>Come funziona \ud83c\udf3f \ud83d\udc9a Il nostro metodo di selezione Su Green Wellness Beauty crediamo che la bellezza non debba mai compromettere la salute o l\u2019ambiente. Per questo ogni prodotto che vedi sul nostro sito \u00e8 scelto con cura, attraverso un processo trasparente che unisce analisi oggettiva, competenza e sensibilit\u00e0 etica. \ud83d\udd0d 1. Analizziamo il punteggio [&hellip;]<\/p>\n","protected":false},"author":1,"featured_media":0,"parent":0,"menu_order":0,"comment_status":"closed","ping_status":"closed","template":"","meta":{"_editorskit_title_hidden":true,"_editorskit_reading_time":0,"_editorskit_is_block_options_detached":false,"_editorskit_block_options_position":"{}","footnotes":""},"class_list":["post-981","page","type-page","status-publish","hentry"],"yoast_head":"<!-- This site is optimized with the Yoast SEO plugin v27.4 - https:\/\/yoast.com\/product\/yoast-seo-wordpress\/ -->\n<title>Come selezioniamo i prodotti su Green Wellness Beauty - Green Wellness Beauty<\/title>\n<meta name=\"robots\" content=\"index, follow, max-snippet:-1, max-image-preview:large, max-video-preview:-1\" \/>\n<link rel=\"canonical\" href=\"https:\/\/greenwellnessbeauty.com\/fr\/comment-nous-selectionnons-les-produits-sur-green-wellness-beauty\/\" \/>\n<meta property=\"og:locale\" content=\"fr_FR\" \/>\n<meta property=\"og:type\" content=\"article\" \/>\n<meta property=\"og:title\" content=\"Come selezioniamo i prodotti su Green Wellness Beauty - Green Wellness Beauty\" \/>\n<meta property=\"og:description\" content=\"Come funziona \ud83c\udf3f \ud83d\udc9a Il nostro metodo di selezione Su Green Wellness Beauty crediamo che la bellezza non debba mai compromettere la salute o l\u2019ambiente. Per questo ogni prodotto che vedi sul nostro sito \u00e8 scelto con cura, attraverso un processo trasparente che unisce analisi oggettiva, competenza e sensibilit\u00e0 etica. \ud83d\udd0d 1. Analizziamo il punteggio [&hellip;]\" \/>\n<meta property=\"og:url\" content=\"https:\/\/greenwellnessbeauty.com\/fr\/comment-nous-selectionnons-les-produits-sur-green-wellness-beauty\/\" \/>\n<meta property=\"og:site_name\" content=\"Green Wellness Beauty\" \/>\n<meta property=\"article:modified_time\" content=\"2026-01-07T19:49:11+00:00\" \/>\n<meta name=\"twitter:card\" content=\"summary_large_image\" \/>\n<meta name=\"twitter:label1\" content=\"Dur\u00e9e de lecture estim\u00e9e\" \/>\n\t<meta name=\"twitter:data1\" content=\"2 minutes\" \/>\n<script type=\"application\/ld+json\" class=\"yoast-schema-graph\">{\"@context\":\"https:\\\/\\\/schema.org\",\"@graph\":[{\"@type\":\"WebPage\",\"@id\":\"https:\\\/\\\/greenwellnessbeauty.com\\\/come-selezioniamo-i-prodotti-su-green-wellness-beauty\\\/\",\"url\":\"https:\\\/\\\/greenwellnessbeauty.com\\\/come-selezioniamo-i-prodotti-su-green-wellness-beauty\\\/\",\"name\":\"Come selezioniamo i prodotti su Green Wellness Beauty - Green Wellness Beauty\",\"isPartOf\":{\"@id\":\"https:\\\/\\\/greenwellnessbeauty.com\\\/#website\"},\"datePublished\":\"2025-10-12T18:58:28+00:00\",\"dateModified\":\"2026-01-07T19:49:11+00:00\",\"breadcrumb\":{\"@id\":\"https:\\\/\\\/greenwellnessbeauty.com\\\/come-selezioniamo-i-prodotti-su-green-wellness-beauty\\\/#breadcrumb\"},\"inLanguage\":\"fr-FR\",\"potentialAction\":[{\"@type\":\"ReadAction\",\"target\":[\"https:\\\/\\\/greenwellnessbeauty.com\\\/come-selezioniamo-i-prodotti-su-green-wellness-beauty\\\/\"]}]},{\"@type\":\"BreadcrumbList\",\"@id\":\"https:\\\/\\\/greenwellnessbeauty.com\\\/come-selezioniamo-i-prodotti-su-green-wellness-beauty\\\/#breadcrumb\",\"itemListElement\":[{\"@type\":\"ListItem\",\"position\":1,\"name\":\"Home\",\"item\":\"https:\\\/\\\/greenwellnessbeauty.com\\\/\"},{\"@type\":\"ListItem\",\"position\":2,\"name\":\"Come selezioniamo i prodotti su Green Wellness Beauty\"}]},{\"@type\":\"WebSite\",\"@id\":\"https:\\\/\\\/greenwellnessbeauty.com\\\/#website\",\"url\":\"https:\\\/\\\/greenwellnessbeauty.com\\\/\",\"name\":\"Green Wellness Beauty\",\"description\":\"Riscopri il benessere autentico: prodotti valutati positivamente da Yuka per una bellezza sicura e naturale.\",\"publisher\":{\"@id\":\"https:\\\/\\\/greenwellnessbeauty.com\\\/#\\\/schema\\\/person\\\/78392f21841425f9e8d8b2b34010b901\"},\"potentialAction\":[{\"@type\":\"SearchAction\",\"target\":{\"@type\":\"EntryPoint\",\"urlTemplate\":\"https:\\\/\\\/greenwellnessbeauty.com\\\/?s={search_term_string}\"},\"query-input\":{\"@type\":\"PropertyValueSpecification\",\"valueRequired\":true,\"valueName\":\"search_term_string\"}}],\"inLanguage\":\"fr-FR\"},{\"@type\":[\"Person\",\"Organization\"],\"@id\":\"https:\\\/\\\/greenwellnessbeauty.com\\\/#\\\/schema\\\/person\\\/78392f21841425f9e8d8b2b34010b901\",\"name\":\"daniele\",\"image\":{\"@type\":\"ImageObject\",\"inLanguage\":\"fr-FR\",\"@id\":\"https:\\\/\\\/greenwellnessbeauty.com\\\/wp-content\\\/uploads\\\/2023\\\/11\\\/Logo-grigio-stretto-1.jpg\",\"url\":\"https:\\\/\\\/greenwellnessbeauty.com\\\/wp-content\\\/uploads\\\/2023\\\/11\\\/Logo-grigio-stretto-1.jpg\",\"contentUrl\":\"https:\\\/\\\/greenwellnessbeauty.com\\\/wp-content\\\/uploads\\\/2023\\\/11\\\/Logo-grigio-stretto-1.jpg\",\"width\":2508,\"height\":772,\"caption\":\"daniele\"},\"logo\":{\"@id\":\"https:\\\/\\\/greenwellnessbeauty.com\\\/wp-content\\\/uploads\\\/2023\\\/11\\\/Logo-grigio-stretto-1.jpg\"},\"sameAs\":[\"http:\\\/\\\/devisdeswg.cluster028.hosting.ovh.net\"]}]}<\/script>\n<!-- \/ Yoast SEO plugin. -->","yoast_head_json":{"title":"Comment nous s\u00e9lectionnons les produits sur Green Wellness Beauty - Green Wellness Beauty","robots":{"index":"index","follow":"follow","max-snippet":"max-snippet:-1","max-image-preview":"max-image-preview:large","max-video-preview":"max-video-preview:-1"},"canonical":"https:\/\/greenwellnessbeauty.com\/fr\/comment-nous-selectionnons-les-produits-sur-green-wellness-beauty\/","og_locale":"fr_FR","og_type":"article","og_title":"Come selezioniamo i prodotti su Green Wellness Beauty - Green Wellness Beauty","og_description":"Come funziona \ud83c\udf3f \ud83d\udc9a Il nostro metodo di selezione Su Green Wellness Beauty crediamo che la bellezza non debba mai compromettere la salute o l\u2019ambiente. Per questo ogni prodotto che vedi sul nostro sito \u00e8 scelto con cura, attraverso un processo trasparente che unisce analisi oggettiva, competenza e sensibilit\u00e0 etica. \ud83d\udd0d 1. Analizziamo il punteggio [&hellip;]","og_url":"https:\/\/greenwellnessbeauty.com\/fr\/comment-nous-selectionnons-les-produits-sur-green-wellness-beauty\/","og_site_name":"Green Wellness Beauty","article_modified_time":"2026-01-07T19:49:11+00:00","twitter_card":"summary_large_image","twitter_misc":{"Dur\u00e9e de lecture estim\u00e9e":"2 minutes"},"schema":{"@context":"https:\/\/schema.org","@graph":[{"@type":"WebPage","@id":"https:\/\/greenwellnessbeauty.com\/come-selezioniamo-i-prodotti-su-green-wellness-beauty\/","url":"https:\/\/greenwellnessbeauty.com\/come-selezioniamo-i-prodotti-su-green-wellness-beauty\/","name":"Comment nous s\u00e9lectionnons les produits sur Green Wellness Beauty - Green Wellness Beauty","isPartOf":{"@id":"https:\/\/greenwellnessbeauty.com\/#website"},"datePublished":"2025-10-12T18:58:28+00:00","dateModified":"2026-01-07T19:49:11+00:00","breadcrumb":{"@id":"https:\/\/greenwellnessbeauty.com\/come-selezioniamo-i-prodotti-su-green-wellness-beauty\/#breadcrumb"},"inLanguage":"fr-FR","potentialAction":[{"@type":"ReadAction","target":["https:\/\/greenwellnessbeauty.com\/come-selezioniamo-i-prodotti-su-green-wellness-beauty\/"]}]},{"@type":"BreadcrumbList","@id":"https:\/\/greenwellnessbeauty.com\/come-selezioniamo-i-prodotti-su-green-wellness-beauty\/#breadcrumb","itemListElement":[{"@type":"ListItem","position":1,"name":"Home","item":"https:\/\/greenwellnessbeauty.com\/"},{"@type":"ListItem","position":2,"name":"Come selezioniamo i prodotti su Green Wellness Beauty"}]},{"@type":"WebSite","@id":"https:\/\/greenwellnessbeauty.com\/#website","url":"https:\/\/greenwellnessbeauty.com\/","name":"Green Wellness Beauty","description":"Red\u00e9couvrez un bien-\u00eatre authentique : les produits de Yuka, \u00e9valu\u00e9s positivement, pour une beaut\u00e9 s\u00fbre et naturelle.","publisher":{"@id":"https:\/\/greenwellnessbeauty.com\/#\/schema\/person\/78392f21841425f9e8d8b2b34010b901"},"potentialAction":[{"@type":"SearchAction","target":{"@type":"EntryPoint","urlTemplate":"https:\/\/greenwellnessbeauty.com\/?s={search_term_string}"},"query-input":{"@type":"PropertyValueSpecification","valueRequired":true,"valueName":"search_term_string"}}],"inLanguage":"fr-FR"},{"@type":["Person","Organization"],"@id":"https:\/\/greenwellnessbeauty.com\/#\/schema\/person\/78392f21841425f9e8d8b2b34010b901","name":"daniele","image":{"@type":"ImageObject","inLanguage":"fr-FR","@id":"https:\/\/greenwellnessbeauty.com\/wp-content\/uploads\/2023\/11\/Logo-grigio-stretto-1.jpg","url":"https:\/\/greenwellnessbeauty.com\/wp-content\/uploads\/2023\/11\/Logo-grigio-stretto-1.jpg","contentUrl":"https:\/\/greenwellnessbeauty.com\/wp-content\/uploads\/2023\/11\/Logo-grigio-stretto-1.jpg","width":2508,"height":772,"caption":"daniele"},"logo":{"@id":"https:\/\/greenwellnessbeauty.com\/wp-content\/uploads\/2023\/11\/Logo-grigio-stretto-1.jpg"},"sameAs":["http:\/\/devisdeswg.cluster028.hosting.ovh.net"]}]}},"_links":{"self":[{"href":"https:\/\/greenwellnessbeauty.com\/fr\/wp-json\/wp\/v2\/pages\/981","targetHints":{"allow":["GET"]}}],"collection":[{"href":"https:\/\/greenwellnessbeauty.com\/fr\/wp-json\/wp\/v2\/pages"}],"about":[{"href":"https:\/\/greenwellnessbeauty.com\/fr\/wp-json\/wp\/v2\/types\/page"}],"author":[{"embeddable":true,"href":"https:\/\/greenwellnessbeauty.com\/fr\/wp-json\/wp\/v2\/users\/1"}],"replies":[{"embeddable":true,"href":"https:\/\/greenwellnessbeauty.com\/fr\/wp-json\/wp\/v2\/comments?post=981"}],"version-history":[{"count":7,"href":"https:\/\/greenwellnessbeauty.com\/fr\/wp-json\/wp\/v2\/pages\/981\/revisions"}],"predecessor-version":[{"id":1067,"href":"https:\/\/greenwellnessbeauty.com\/fr\/wp-json\/wp\/v2\/pages\/981\/revisions\/1067"}],"wp:attachment":[{"href":"https:\/\/greenwellnessbeauty.com\/fr\/wp-json\/wp\/v2\/media?parent=981"}],"curies":[{"name":"wp","href":"https:\/\/api.w.org\/{rel}","templated":true}]}}