{"id":98,"date":"2023-11-11T16:01:33","date_gmt":"2023-11-11T15:01:33","guid":{"rendered":"https:\/\/greenwellnessbeauty.com\/?page_id=98"},"modified":"2025-02-09T14:01:42","modified_gmt":"2025-02-09T13:01:42","slug":"gel-capillaire","status":"publish","type":"page","link":"https:\/\/greenwellnessbeauty.com\/fr\/gel-capillaire\/","title":{"rendered":"Gels capillaires"},"content":{"rendered":"<div class=\"wp-block-query alignwide is-layout-flow wp-block-query-is-layout-flow\">\n\n\n<div class=\"wp-block-group is-layout-flow wp-block-group-is-layout-flow\" style=\"margin-top:0;margin-bottom:0;padding-top:var(--wp--preset--spacing--50);padding-right:0;padding-bottom:var(--wp--preset--spacing--50);padding-left:0\"><ul class=\"columns-3 alignfull wp-block-post-template is-layout-grid wp-container-core-post-template-is-layout-2d080239 wp-block-post-template-is-layout-grid\"><li class=\"wp-block-post post-631 post type-post status-publish format-standard has-post-thumbnail hentry category-hair-gel\">\n<figure style=\"aspect-ratio:3\/4; padding-bottom:var(--wp--preset--spacing--20);margin-bottom:0;\" class=\"wp-block-post-featured-image\"><a href=\"https:\/\/greenwellnessbeauty.com\/fr\/creme-coiffante-gyada-cosmetics\/\" target=\"_self\"  ><img loading=\"lazy\" decoding=\"async\" width=\"512\" height=\"1356\" src=\"https:\/\/greenwellnessbeauty.com\/wp-content\/uploads\/2025\/02\/GYADA-COSMETICS-Crema-Styling.jpg\" class=\"attachment-post-thumbnail size-post-thumbnail wp-post-image\" alt=\"GYADA COSMETICS, Cr\u00e8me coiffante\" style=\"width:100%;height:100%;object-fit:cover;\" srcset=\"https:\/\/greenwellnessbeauty.com\/wp-content\/uploads\/2025\/02\/GYADA-COSMETICS-Crema-Styling.jpg 512w, https:\/\/greenwellnessbeauty.com\/wp-content\/uploads\/2025\/02\/GYADA-COSMETICS-Crema-Styling-113x300.jpg 113w, https:\/\/greenwellnessbeauty.com\/wp-content\/uploads\/2025\/02\/GYADA-COSMETICS-Crema-Styling-387x1024.jpg 387w\" sizes=\"auto, (max-width: 512px) 100vw, 512px\" \/><\/a><\/figure>\n\n\n<div class=\"wp-block-group is-vertical is-nowrap is-layout-flex wp-container-core-group-is-layout-97ba36a5 wp-block-group-is-layout-flex\" style=\"margin-top:var(--wp--preset--spacing--20);padding-top:0\"><h2 class=\"wp-block-post-title has-large-font-size wp-container-content-32e3a40d\"><a href=\"https:\/\/greenwellnessbeauty.com\/fr\/creme-coiffante-gyada-cosmetics\/\" target=\"_self\" >GYADA COSMETICS, Cr\u00e8me coiffante<\/a><\/h2>\n\n<div class=\"wp-block-post-excerpt has-text-color has-contrast-2-color has-small-font-size wp-container-content-32e3a40d\"><p class=\"wp-block-post-excerpt__excerpt\">GYADA COSMETICS, Cr\u00e8me coiffante fortifiante, pour cheveux boucl\u00e9s, blonds et raides, disciplinante et protectrice, effet brillant, avec spiruline et prot\u00e9ines v\u00e9g\u00e9tales, sans rin\u00e7age, 125 ml <\/p><\/div>\n\n\n<div style=\"height:0px\" aria-hidden=\"true\" class=\"wp-block-spacer wp-container-content-32e3a40d\"><\/div>\n<\/div>\n\n<\/li><li class=\"wp-block-post post-628 post type-post status-publish format-standard has-post-thumbnail hentry category-hair-gel\">\n<figure style=\"aspect-ratio:3\/4; padding-bottom:var(--wp--preset--spacing--20);margin-bottom:0;\" class=\"wp-block-post-featured-image\"><a href=\"https:\/\/greenwellnessbeauty.com\/fr\/gel-bouclant-a-la-noix-de-coco-et-a-lhibiscus-sheamoisture\/\" target=\"_self\"  ><img loading=\"lazy\" decoding=\"async\" width=\"1500\" height=\"1243\" src=\"https:\/\/greenwellnessbeauty.com\/wp-content\/uploads\/2025\/02\/SheaMoisture-Coconut-Hibiscus-Curling-Gel.jpg\" class=\"attachment-post-thumbnail size-post-thumbnail wp-post-image\" alt=\"Gel bouclant \u00e0 la noix de coco et \u00e0 l&#039;hibiscus de SheaMoisture\" style=\"width:100%;height:100%;object-fit:cover;\" srcset=\"https:\/\/greenwellnessbeauty.com\/wp-content\/uploads\/2025\/02\/SheaMoisture-Coconut-Hibiscus-Curling-Gel.jpg 1500w, https:\/\/greenwellnessbeauty.com\/wp-content\/uploads\/2025\/02\/SheaMoisture-Coconut-Hibiscus-Curling-Gel-300x249.jpg 300w, https:\/\/greenwellnessbeauty.com\/wp-content\/uploads\/2025\/02\/SheaMoisture-Coconut-Hibiscus-Curling-Gel-1024x849.jpg 1024w, https:\/\/greenwellnessbeauty.com\/wp-content\/uploads\/2025\/02\/SheaMoisture-Coconut-Hibiscus-Curling-Gel-768x636.jpg 768w\" sizes=\"auto, (max-width: 1500px) 100vw, 1500px\" \/><\/a><\/figure>\n\n\n<div class=\"wp-block-group is-vertical is-nowrap is-layout-flex wp-container-core-group-is-layout-97ba36a5 wp-block-group-is-layout-flex\" style=\"margin-top:var(--wp--preset--spacing--20);padding-top:0\"><h2 class=\"wp-block-post-title has-large-font-size wp-container-content-32e3a40d\"><a href=\"https:\/\/greenwellnessbeauty.com\/fr\/gel-bouclant-a-la-noix-de-coco-et-a-lhibiscus-sheamoisture\/\" target=\"_self\" >Gel bouclant \u00e0 la noix de coco et \u00e0 l'hibiscus de SheaMoisture<\/a><\/h2>\n\n<div class=\"wp-block-post-excerpt has-text-color has-contrast-2-color has-small-font-size wp-container-content-32e3a40d\"><p class=\"wp-block-post-excerpt__excerpt\">SheaMoisture Souffle de gel bouclant \u00e0 la noix de coco et \u00e0 l'hibiscus, 12 onces par Shea Moisture <\/p><\/div>\n\n\n<div style=\"height:0px\" aria-hidden=\"true\" class=\"wp-block-spacer wp-container-content-32e3a40d\"><\/div>\n<\/div>\n\n<\/li><li class=\"wp-block-post post-625 post type-post status-publish format-standard has-post-thumbnail hentry category-hair-gel\">\n<figure style=\"aspect-ratio:3\/4; padding-bottom:var(--wp--preset--spacing--20);margin-bottom:0;\" class=\"wp-block-post-featured-image\"><a href=\"https:\/\/greenwellnessbeauty.com\/fr\/gel-capillaire-gyada-cosmetics\/\" target=\"_self\"  ><img loading=\"lazy\" decoding=\"async\" width=\"1484\" height=\"1500\" src=\"https:\/\/greenwellnessbeauty.com\/wp-content\/uploads\/2025\/02\/GYADA-COSMETICS-Gel-Capelli.jpg\" class=\"attachment-post-thumbnail size-post-thumbnail wp-post-image\" alt=\"Gel capillaire Gyada Cosmetics\" style=\"width:100%;height:100%;object-fit:cover;\" srcset=\"https:\/\/greenwellnessbeauty.com\/wp-content\/uploads\/2025\/02\/GYADA-COSMETICS-Gel-Capelli.jpg 1484w, https:\/\/greenwellnessbeauty.com\/wp-content\/uploads\/2025\/02\/GYADA-COSMETICS-Gel-Capelli-297x300.jpg 297w, https:\/\/greenwellnessbeauty.com\/wp-content\/uploads\/2025\/02\/GYADA-COSMETICS-Gel-Capelli-1013x1024.jpg 1013w, https:\/\/greenwellnessbeauty.com\/wp-content\/uploads\/2025\/02\/GYADA-COSMETICS-Gel-Capelli-768x776.jpg 768w\" sizes=\"auto, (max-width: 1484px) 100vw, 1484px\" \/><\/a><\/figure>\n\n\n<div class=\"wp-block-group is-vertical is-nowrap is-layout-flex wp-container-core-group-is-layout-97ba36a5 wp-block-group-is-layout-flex\" style=\"margin-top:var(--wp--preset--spacing--20);padding-top:0\"><h2 class=\"wp-block-post-title has-large-font-size wp-container-content-32e3a40d\"><a href=\"https:\/\/greenwellnessbeauty.com\/fr\/gel-capillaire-gyada-cosmetics\/\" target=\"_self\" >Gel capillaire Gyada Cosmetics<\/a><\/h2>\n\n<div class=\"wp-block-post-excerpt has-text-color has-contrast-2-color has-small-font-size wp-container-content-32e3a40d\"><p class=\"wp-block-post-excerpt__excerpt\">GYADA COSMETICS, Gel capillaire fortifiant \u00e0 la spiruline et \u00e0 l'alo\u00e8s, prot\u00e8ge contre l'humidit\u00e9 et les frisottis, pour des cheveux lumineux et \u00e9lastiques, pr\u00e9vient la casse et la d\u00e9shydratation, 3 x 150 ml <\/p><\/div>\n\n\n<div style=\"height:0px\" aria-hidden=\"true\" class=\"wp-block-spacer wp-container-content-32e3a40d\"><\/div>\n<\/div>\n\n<\/li><\/ul>\n\n\n<div style=\"margin-top:0;margin-bottom:0;height:var(--wp--preset--spacing--40)\" aria-hidden=\"true\" class=\"wp-block-spacer\"><\/div>\n\n\n<\/div>\n<\/div>","protected":false},"excerpt":{"rendered":"","protected":false},"author":1,"featured_media":0,"parent":0,"menu_order":0,"comment_status":"closed","ping_status":"closed","template":"page-no-title","meta":{"_editorskit_title_hidden":false,"_editorskit_reading_time":0,"_editorskit_is_block_options_detached":false,"_editorskit_block_options_position":"{}","footnotes":""},"class_list":["post-98","page","type-page","status-publish","hentry"],"yoast_head":"<!-- This site is optimized with the Yoast SEO plugin v27.4 - https:\/\/yoast.com\/product\/yoast-seo-wordpress\/ -->\n<title>Gel Capelli - Green Wellness Beauty<\/title>\n<meta name=\"robots\" content=\"index, follow, max-snippet:-1, max-image-preview:large, max-video-preview:-1\" \/>\n<link rel=\"canonical\" href=\"https:\/\/greenwellnessbeauty.com\/fr\/gel-capillaire\/\" \/>\n<meta property=\"og:locale\" content=\"fr_FR\" \/>\n<meta property=\"og:type\" content=\"article\" \/>\n<meta property=\"og:title\" content=\"Gel Capelli - Green Wellness Beauty\" \/>\n<meta property=\"og:url\" content=\"https:\/\/greenwellnessbeauty.com\/fr\/gel-capillaire\/\" \/>\n<meta property=\"og:site_name\" content=\"Green Wellness Beauty\" \/>\n<meta property=\"article:modified_time\" content=\"2025-02-09T13:01:42+00:00\" \/>\n<meta name=\"twitter:card\" content=\"summary_large_image\" \/>\n<script type=\"application\/ld+json\" class=\"yoast-schema-graph\">{\"@context\":\"https:\\\/\\\/schema.org\",\"@graph\":[{\"@type\":\"WebPage\",\"@id\":\"https:\\\/\\\/greenwellnessbeauty.com\\\/gel-capelli\\\/\",\"url\":\"https:\\\/\\\/greenwellnessbeauty.com\\\/gel-capelli\\\/\",\"name\":\"Gel Capelli - Green Wellness Beauty\",\"isPartOf\":{\"@id\":\"https:\\\/\\\/greenwellnessbeauty.com\\\/#website\"},\"datePublished\":\"2023-11-11T15:01:33+00:00\",\"dateModified\":\"2025-02-09T13:01:42+00:00\",\"breadcrumb\":{\"@id\":\"https:\\\/\\\/greenwellnessbeauty.com\\\/gel-capelli\\\/#breadcrumb\"},\"inLanguage\":\"fr-FR\",\"potentialAction\":[{\"@type\":\"ReadAction\",\"target\":[\"https:\\\/\\\/greenwellnessbeauty.com\\\/gel-capelli\\\/\"]}]},{\"@type\":\"BreadcrumbList\",\"@id\":\"https:\\\/\\\/greenwellnessbeauty.com\\\/gel-capelli\\\/#breadcrumb\",\"itemListElement\":[{\"@type\":\"ListItem\",\"position\":1,\"name\":\"Home\",\"item\":\"https:\\\/\\\/greenwellnessbeauty.com\\\/\"},{\"@type\":\"ListItem\",\"position\":2,\"name\":\"Gel Capelli\"}]},{\"@type\":\"WebSite\",\"@id\":\"https:\\\/\\\/greenwellnessbeauty.com\\\/#website\",\"url\":\"https:\\\/\\\/greenwellnessbeauty.com\\\/\",\"name\":\"Green Wellness Beauty\",\"description\":\"Riscopri il benessere autentico: prodotti valutati positivamente da Yuka per una bellezza sicura e naturale.\",\"publisher\":{\"@id\":\"https:\\\/\\\/greenwellnessbeauty.com\\\/#\\\/schema\\\/person\\\/78392f21841425f9e8d8b2b34010b901\"},\"potentialAction\":[{\"@type\":\"SearchAction\",\"target\":{\"@type\":\"EntryPoint\",\"urlTemplate\":\"https:\\\/\\\/greenwellnessbeauty.com\\\/?s={search_term_string}\"},\"query-input\":{\"@type\":\"PropertyValueSpecification\",\"valueRequired\":true,\"valueName\":\"search_term_string\"}}],\"inLanguage\":\"fr-FR\"},{\"@type\":[\"Person\",\"Organization\"],\"@id\":\"https:\\\/\\\/greenwellnessbeauty.com\\\/#\\\/schema\\\/person\\\/78392f21841425f9e8d8b2b34010b901\",\"name\":\"daniele\",\"image\":{\"@type\":\"ImageObject\",\"inLanguage\":\"fr-FR\",\"@id\":\"https:\\\/\\\/greenwellnessbeauty.com\\\/wp-content\\\/uploads\\\/2023\\\/11\\\/Logo-grigio-stretto-1.jpg\",\"url\":\"https:\\\/\\\/greenwellnessbeauty.com\\\/wp-content\\\/uploads\\\/2023\\\/11\\\/Logo-grigio-stretto-1.jpg\",\"contentUrl\":\"https:\\\/\\\/greenwellnessbeauty.com\\\/wp-content\\\/uploads\\\/2023\\\/11\\\/Logo-grigio-stretto-1.jpg\",\"width\":2508,\"height\":772,\"caption\":\"daniele\"},\"logo\":{\"@id\":\"https:\\\/\\\/greenwellnessbeauty.com\\\/wp-content\\\/uploads\\\/2023\\\/11\\\/Logo-grigio-stretto-1.jpg\"},\"sameAs\":[\"http:\\\/\\\/devisdeswg.cluster028.hosting.ovh.net\"]}]}<\/script>\n<!-- \/ Yoast SEO plugin. -->","yoast_head_json":{"title":"Gel capillaire - Green Wellness Beauty","robots":{"index":"index","follow":"follow","max-snippet":"max-snippet:-1","max-image-preview":"max-image-preview:large","max-video-preview":"max-video-preview:-1"},"canonical":"https:\/\/greenwellnessbeauty.com\/fr\/gel-capillaire\/","og_locale":"fr_FR","og_type":"article","og_title":"Gel Capelli - Green Wellness Beauty","og_url":"https:\/\/greenwellnessbeauty.com\/fr\/gel-capillaire\/","og_site_name":"Green Wellness Beauty","article_modified_time":"2025-02-09T13:01:42+00:00","twitter_card":"summary_large_image","schema":{"@context":"https:\/\/schema.org","@graph":[{"@type":"WebPage","@id":"https:\/\/greenwellnessbeauty.com\/gel-capelli\/","url":"https:\/\/greenwellnessbeauty.com\/gel-capelli\/","name":"Gel capillaire - Green Wellness Beauty","isPartOf":{"@id":"https:\/\/greenwellnessbeauty.com\/#website"},"datePublished":"2023-11-11T15:01:33+00:00","dateModified":"2025-02-09T13:01:42+00:00","breadcrumb":{"@id":"https:\/\/greenwellnessbeauty.com\/gel-capelli\/#breadcrumb"},"inLanguage":"fr-FR","potentialAction":[{"@type":"ReadAction","target":["https:\/\/greenwellnessbeauty.com\/gel-capelli\/"]}]},{"@type":"BreadcrumbList","@id":"https:\/\/greenwellnessbeauty.com\/gel-capelli\/#breadcrumb","itemListElement":[{"@type":"ListItem","position":1,"name":"Home","item":"https:\/\/greenwellnessbeauty.com\/"},{"@type":"ListItem","position":2,"name":"Gel Capelli"}]},{"@type":"WebSite","@id":"https:\/\/greenwellnessbeauty.com\/#website","url":"https:\/\/greenwellnessbeauty.com\/","name":"Green Wellness Beauty","description":"Red\u00e9couvrez un bien-\u00eatre authentique : les produits de Yuka, \u00e9valu\u00e9s positivement, pour une beaut\u00e9 s\u00fbre et naturelle.","publisher":{"@id":"https:\/\/greenwellnessbeauty.com\/#\/schema\/person\/78392f21841425f9e8d8b2b34010b901"},"potentialAction":[{"@type":"SearchAction","target":{"@type":"EntryPoint","urlTemplate":"https:\/\/greenwellnessbeauty.com\/?s={search_term_string}"},"query-input":{"@type":"PropertyValueSpecification","valueRequired":true,"valueName":"search_term_string"}}],"inLanguage":"fr-FR"},{"@type":["Person","Organization"],"@id":"https:\/\/greenwellnessbeauty.com\/#\/schema\/person\/78392f21841425f9e8d8b2b34010b901","name":"daniele","image":{"@type":"ImageObject","inLanguage":"fr-FR","@id":"https:\/\/greenwellnessbeauty.com\/wp-content\/uploads\/2023\/11\/Logo-grigio-stretto-1.jpg","url":"https:\/\/greenwellnessbeauty.com\/wp-content\/uploads\/2023\/11\/Logo-grigio-stretto-1.jpg","contentUrl":"https:\/\/greenwellnessbeauty.com\/wp-content\/uploads\/2023\/11\/Logo-grigio-stretto-1.jpg","width":2508,"height":772,"caption":"daniele"},"logo":{"@id":"https:\/\/greenwellnessbeauty.com\/wp-content\/uploads\/2023\/11\/Logo-grigio-stretto-1.jpg"},"sameAs":["http:\/\/devisdeswg.cluster028.hosting.ovh.net"]}]}},"_links":{"self":[{"href":"https:\/\/greenwellnessbeauty.com\/fr\/wp-json\/wp\/v2\/pages\/98","targetHints":{"allow":["GET"]}}],"collection":[{"href":"https:\/\/greenwellnessbeauty.com\/fr\/wp-json\/wp\/v2\/pages"}],"about":[{"href":"https:\/\/greenwellnessbeauty.com\/fr\/wp-json\/wp\/v2\/types\/page"}],"author":[{"embeddable":true,"href":"https:\/\/greenwellnessbeauty.com\/fr\/wp-json\/wp\/v2\/users\/1"}],"replies":[{"embeddable":true,"href":"https:\/\/greenwellnessbeauty.com\/fr\/wp-json\/wp\/v2\/comments?post=98"}],"version-history":[{"count":3,"href":"https:\/\/greenwellnessbeauty.com\/fr\/wp-json\/wp\/v2\/pages\/98\/revisions"}],"predecessor-version":[{"id":639,"href":"https:\/\/greenwellnessbeauty.com\/fr\/wp-json\/wp\/v2\/pages\/98\/revisions\/639"}],"wp:attachment":[{"href":"https:\/\/greenwellnessbeauty.com\/fr\/wp-json\/wp\/v2\/media?parent=98"}],"curies":[{"name":"wp","href":"https:\/\/api.w.org\/{rel}","templated":true}]}}