{"id":96,"date":"2023-11-11T16:00:58","date_gmt":"2023-11-11T15:00:58","guid":{"rendered":"https:\/\/greenwellnessbeauty.com\/?page_id=96"},"modified":"2025-02-09T13:25:16","modified_gmt":"2025-02-09T12:25:16","slug":"dentifrices","status":"publish","type":"page","link":"https:\/\/greenwellnessbeauty.com\/fr\/dentifrices\/","title":{"rendered":"Dentifrices"},"content":{"rendered":"<div class=\"wp-block-query alignwide is-layout-flow wp-block-query-is-layout-flow\">\n\n\n<div class=\"wp-block-group is-layout-flow wp-block-group-is-layout-flow\" style=\"margin-top:0;margin-bottom:0;padding-top:var(--wp--preset--spacing--50);padding-right:0;padding-bottom:var(--wp--preset--spacing--50);padding-left:0\"><ul class=\"columns-3 alignfull wp-block-post-template is-layout-grid wp-container-core-post-template-is-layout-2d080239 wp-block-post-template-is-layout-grid\"><li class=\"wp-block-post post-622 post type-post status-publish format-standard has-post-thumbnail hentry category-toothpaste\">\n<figure style=\"aspect-ratio:3\/4; padding-bottom:var(--wp--preset--spacing--20);margin-bottom:0;\" class=\"wp-block-post-featured-image\"><a href=\"https:\/\/greenwellnessbeauty.com\/fr\/zuccari-aloevera\/\" target=\"_self\"  ><img loading=\"lazy\" decoding=\"async\" width=\"378\" height=\"1500\" src=\"https:\/\/greenwellnessbeauty.com\/wp-content\/uploads\/2025\/02\/ZUCCARI-Aloevera.jpg\" class=\"attachment-post-thumbnail size-post-thumbnail wp-post-image\" alt=\"ZUCCARI Aloevera\" style=\"width:100%;height:100%;object-fit:cover;\" srcset=\"https:\/\/greenwellnessbeauty.com\/wp-content\/uploads\/2025\/02\/ZUCCARI-Aloevera.jpg 378w, https:\/\/greenwellnessbeauty.com\/wp-content\/uploads\/2025\/02\/ZUCCARI-Aloevera-258x1024.jpg 258w\" sizes=\"auto, (max-width: 378px) 100vw, 378px\" \/><\/a><\/figure>\n\n\n<div class=\"wp-block-group is-vertical is-nowrap is-layout-flex wp-container-core-group-is-layout-97ba36a5 wp-block-group-is-layout-flex\" style=\"margin-top:var(--wp--preset--spacing--20);padding-top:0\"><h2 class=\"wp-block-post-title has-large-font-size wp-container-content-32e3a40d\"><a href=\"https:\/\/greenwellnessbeauty.com\/fr\/zuccari-aloevera\/\" target=\"_self\" >ZUCCARI Aloevera<\/a><\/h2>\n\n<div class=\"wp-block-post-excerpt has-text-color has-contrast-2-color has-small-font-size wp-container-content-32e3a40d\"><p class=\"wp-block-post-excerpt__excerpt\">ZUCCARI Aloevera 2 Protective Whitening Toothpaste, Unflavoured, 100 Millilitres <\/p><\/div>\n\n\n<div style=\"height:0px\" aria-hidden=\"true\" class=\"wp-block-spacer wp-container-content-32e3a40d\"><\/div>\n<\/div>\n\n<\/li><li class=\"wp-block-post post-619 post type-post status-publish format-standard has-post-thumbnail hentry category-toothpaste\">\n<figure style=\"aspect-ratio:3\/4; padding-bottom:var(--wp--preset--spacing--20);margin-bottom:0;\" class=\"wp-block-post-featured-image\"><a href=\"https:\/\/greenwellnessbeauty.com\/fr\/colgate-naturals\/\" target=\"_self\"  ><img loading=\"lazy\" decoding=\"async\" width=\"1500\" height=\"898\" src=\"https:\/\/greenwellnessbeauty.com\/wp-content\/uploads\/2025\/02\/Colgate-Naturals.jpg\" class=\"attachment-post-thumbnail size-post-thumbnail wp-post-image\" alt=\"Colgate Naturals\" style=\"width:100%;height:100%;object-fit:cover;\" srcset=\"https:\/\/greenwellnessbeauty.com\/wp-content\/uploads\/2025\/02\/Colgate-Naturals.jpg 1500w, https:\/\/greenwellnessbeauty.com\/wp-content\/uploads\/2025\/02\/Colgate-Naturals-300x180.jpg 300w, https:\/\/greenwellnessbeauty.com\/wp-content\/uploads\/2025\/02\/Colgate-Naturals-1024x613.jpg 1024w, https:\/\/greenwellnessbeauty.com\/wp-content\/uploads\/2025\/02\/Colgate-Naturals-768x460.jpg 768w\" sizes=\"auto, (max-width: 1500px) 100vw, 1500px\" \/><\/a><\/figure>\n\n\n<div class=\"wp-block-group is-vertical is-nowrap is-layout-flex wp-container-core-group-is-layout-97ba36a5 wp-block-group-is-layout-flex\" style=\"margin-top:var(--wp--preset--spacing--20);padding-top:0\"><h2 class=\"wp-block-post-title has-large-font-size wp-container-content-32e3a40d\"><a href=\"https:\/\/greenwellnessbeauty.com\/fr\/colgate-naturals\/\" target=\"_self\" >Colgate Naturals<\/a><\/h2>\n\n<div class=\"wp-block-post-excerpt has-text-color has-contrast-2-color has-small-font-size wp-container-content-32e3a40d\"><p class=\"wp-block-post-excerpt__excerpt\">Colgate Naturals Limon 75 Ml. <\/p><\/div>\n\n\n<div style=\"height:0px\" aria-hidden=\"true\" class=\"wp-block-spacer wp-container-content-32e3a40d\"><\/div>\n<\/div>\n\n<\/li><li class=\"wp-block-post post-612 post type-post status-publish format-standard has-post-thumbnail hentry category-toothpaste\">\n<figure style=\"aspect-ratio:3\/4; padding-bottom:var(--wp--preset--spacing--20);margin-bottom:0;\" class=\"wp-block-post-featured-image\"><a href=\"https:\/\/greenwellnessbeauty.com\/fr\/mentadent-creme-dentifrice\/\" target=\"_self\"  ><img loading=\"lazy\" decoding=\"async\" width=\"416\" height=\"1429\" src=\"https:\/\/greenwellnessbeauty.com\/wp-content\/uploads\/2025\/02\/Mentadent-Crema-Dentifricio.jpg\" class=\"attachment-post-thumbnail size-post-thumbnail wp-post-image\" alt=\"Mentadent Cr\u00e8me dentifrice\" style=\"width:100%;height:100%;object-fit:cover;\" srcset=\"https:\/\/greenwellnessbeauty.com\/wp-content\/uploads\/2025\/02\/Mentadent-Crema-Dentifricio.jpg 416w, https:\/\/greenwellnessbeauty.com\/wp-content\/uploads\/2025\/02\/Mentadent-Crema-Dentifricio-87x300.jpg 87w, https:\/\/greenwellnessbeauty.com\/wp-content\/uploads\/2025\/02\/Mentadent-Crema-Dentifricio-298x1024.jpg 298w\" sizes=\"auto, (max-width: 416px) 100vw, 416px\" \/><\/a><\/figure>\n\n\n<div class=\"wp-block-group is-vertical is-nowrap is-layout-flex wp-container-core-group-is-layout-97ba36a5 wp-block-group-is-layout-flex\" style=\"margin-top:var(--wp--preset--spacing--20);padding-top:0\"><h2 class=\"wp-block-post-title has-large-font-size wp-container-content-32e3a40d\"><a href=\"https:\/\/greenwellnessbeauty.com\/fr\/mentadent-creme-dentifrice\/\" target=\"_self\" >Mentadent Cr\u00e8me dentifrice<\/a><\/h2>\n\n<div class=\"wp-block-post-excerpt has-text-color has-contrast-2-color has-small-font-size wp-container-content-32e3a40d\"><p class=\"wp-block-post-excerpt__excerpt\">Mentadent Cr\u00e8me dentifrice pour enfants, 50ml, fruits <\/p><\/div>\n\n\n<div style=\"height:0px\" aria-hidden=\"true\" class=\"wp-block-spacer wp-container-content-32e3a40d\"><\/div>\n<\/div>\n\n<\/li><li class=\"wp-block-post post-609 post type-post status-publish format-standard has-post-thumbnail hentry category-toothpaste\">\n<figure style=\"aspect-ratio:3\/4; padding-bottom:var(--wp--preset--spacing--20);margin-bottom:0;\" class=\"wp-block-post-featured-image\"><a href=\"https:\/\/greenwellnessbeauty.com\/fr\/dentifrice-meridol\/\" target=\"_self\"  ><img loading=\"lazy\" decoding=\"async\" width=\"989\" height=\"331\" src=\"https:\/\/greenwellnessbeauty.com\/wp-content\/uploads\/2025\/02\/Meridol-Dentifricio.jpg\" class=\"attachment-post-thumbnail size-post-thumbnail wp-post-image\" alt=\"Dentifrice Meridol\" style=\"width:100%;height:100%;object-fit:cover;\" srcset=\"https:\/\/greenwellnessbeauty.com\/wp-content\/uploads\/2025\/02\/Meridol-Dentifricio.jpg 989w, https:\/\/greenwellnessbeauty.com\/wp-content\/uploads\/2025\/02\/Meridol-Dentifricio-300x100.jpg 300w, https:\/\/greenwellnessbeauty.com\/wp-content\/uploads\/2025\/02\/Meridol-Dentifricio-768x257.jpg 768w\" sizes=\"auto, (max-width: 989px) 100vw, 989px\" \/><\/a><\/figure>\n\n\n<div class=\"wp-block-group is-vertical is-nowrap is-layout-flex wp-container-core-group-is-layout-97ba36a5 wp-block-group-is-layout-flex\" style=\"margin-top:var(--wp--preset--spacing--20);padding-top:0\"><h2 class=\"wp-block-post-title has-large-font-size wp-container-content-32e3a40d\"><a href=\"https:\/\/greenwellnessbeauty.com\/fr\/dentifrice-meridol\/\" target=\"_self\" >Dentifrice Meridol<\/a><\/h2>\n\n<div class=\"wp-block-post-excerpt has-text-color has-contrast-2-color has-small-font-size wp-container-content-32e3a40d\"><p class=\"wp-block-post-excerpt__excerpt\">Meridol Toothpaste Complete Care Gums &amp; Sensitive Teeth 75ml <\/p><\/div>\n\n\n<div style=\"height:0px\" aria-hidden=\"true\" class=\"wp-block-spacer wp-container-content-32e3a40d\"><\/div>\n<\/div>\n\n<\/li><li class=\"wp-block-post post-606 post type-post status-publish format-standard has-post-thumbnail hentry category-toothpaste\">\n<figure style=\"aspect-ratio:3\/4; padding-bottom:var(--wp--preset--spacing--20);margin-bottom:0;\" class=\"wp-block-post-featured-image\"><a href=\"https:\/\/greenwellnessbeauty.com\/fr\/gomme-bio-dentifrice\/\" target=\"_self\"  ><img loading=\"lazy\" decoding=\"async\" width=\"926\" height=\"363\" src=\"https:\/\/greenwellnessbeauty.com\/wp-content\/uploads\/2025\/02\/Gum-Bio-Dentifricio.jpg\" class=\"attachment-post-thumbnail size-post-thumbnail wp-post-image\" alt=\"Dentifrice Gum Bio\" style=\"width:100%;height:100%;object-fit:cover;\" srcset=\"https:\/\/greenwellnessbeauty.com\/wp-content\/uploads\/2025\/02\/Gum-Bio-Dentifricio.jpg 926w, https:\/\/greenwellnessbeauty.com\/wp-content\/uploads\/2025\/02\/Gum-Bio-Dentifricio-300x118.jpg 300w, https:\/\/greenwellnessbeauty.com\/wp-content\/uploads\/2025\/02\/Gum-Bio-Dentifricio-768x301.jpg 768w\" sizes=\"auto, (max-width: 926px) 100vw, 926px\" \/><\/a><\/figure>\n\n\n<div class=\"wp-block-group is-vertical is-nowrap is-layout-flex wp-container-core-group-is-layout-97ba36a5 wp-block-group-is-layout-flex\" style=\"margin-top:var(--wp--preset--spacing--20);padding-top:0\"><h2 class=\"wp-block-post-title has-large-font-size wp-container-content-32e3a40d\"><a href=\"https:\/\/greenwellnessbeauty.com\/fr\/gomme-bio-dentifrice\/\" target=\"_self\" >Dentifrice Gum Bio<\/a><\/h2>\n\n<div class=\"wp-block-post-excerpt has-text-color has-contrast-2-color has-small-font-size wp-container-content-32e3a40d\"><p class=\"wp-block-post-excerpt__excerpt\">Gum Bio Fresh Mint Toothpaste with Aloe Vera Protects and Strengthens, 75ml <\/p><\/div>\n\n\n<div style=\"height:0px\" aria-hidden=\"true\" class=\"wp-block-spacer wp-container-content-32e3a40d\"><\/div>\n<\/div>\n\n<\/li><li class=\"wp-block-post post-603 post type-post status-publish format-standard has-post-thumbnail hentry category-toothpaste\">\n<figure style=\"aspect-ratio:3\/4; padding-bottom:var(--wp--preset--spacing--20);margin-bottom:0;\" class=\"wp-block-post-featured-image\"><a href=\"https:\/\/greenwellnessbeauty.com\/fr\/dentifrice-biolis-pour-une-haleine-fraiche\/\" target=\"_self\"  ><img loading=\"lazy\" decoding=\"async\" width=\"832\" height=\"1115\" src=\"https:\/\/greenwellnessbeauty.com\/wp-content\/uploads\/2025\/02\/Biolis-Dentifricio-Alito-Fresco.jpg\" class=\"attachment-post-thumbnail size-post-thumbnail wp-post-image\" alt=\"Dentifrice Biolis haleine fra\u00eeche\" style=\"width:100%;height:100%;object-fit:cover;\" srcset=\"https:\/\/greenwellnessbeauty.com\/wp-content\/uploads\/2025\/02\/Biolis-Dentifricio-Alito-Fresco.jpg 832w, https:\/\/greenwellnessbeauty.com\/wp-content\/uploads\/2025\/02\/Biolis-Dentifricio-Alito-Fresco-224x300.jpg 224w, https:\/\/greenwellnessbeauty.com\/wp-content\/uploads\/2025\/02\/Biolis-Dentifricio-Alito-Fresco-764x1024.jpg 764w, https:\/\/greenwellnessbeauty.com\/wp-content\/uploads\/2025\/02\/Biolis-Dentifricio-Alito-Fresco-768x1029.jpg 768w\" sizes=\"auto, (max-width: 832px) 100vw, 832px\" \/><\/a><\/figure>\n\n\n<div class=\"wp-block-group is-vertical is-nowrap is-layout-flex wp-container-core-group-is-layout-97ba36a5 wp-block-group-is-layout-flex\" style=\"margin-top:var(--wp--preset--spacing--20);padding-top:0\"><h2 class=\"wp-block-post-title has-large-font-size wp-container-content-32e3a40d\"><a href=\"https:\/\/greenwellnessbeauty.com\/fr\/dentifrice-biolis-pour-une-haleine-fraiche\/\" target=\"_self\" >Dentifrice Biolis haleine fra\u00eeche<\/a><\/h2>\n\n<div class=\"wp-block-post-excerpt has-text-color has-contrast-2-color has-small-font-size wp-container-content-32e3a40d\"><p class=\"wp-block-post-excerpt__excerpt\">Dentifrice Biolis Breath Fresh Breath \u00e0 l'eau florale de menthe bio et aux extraits d'eucalyptus 75ml <\/p><\/div>\n\n\n<div style=\"height:0px\" aria-hidden=\"true\" class=\"wp-block-spacer wp-container-content-32e3a40d\"><\/div>\n<\/div>\n\n<\/li><li class=\"wp-block-post post-600 post type-post status-publish format-standard has-post-thumbnail hentry category-toothpaste\">\n<figure style=\"aspect-ratio:3\/4; padding-bottom:var(--wp--preset--spacing--20);margin-bottom:0;\" class=\"wp-block-post-featured-image\"><a href=\"https:\/\/greenwellnessbeauty.com\/fr\/dentifrice-biolis-sensitive\/\" target=\"_self\"  ><img loading=\"lazy\" decoding=\"async\" width=\"847\" height=\"1112\" src=\"https:\/\/greenwellnessbeauty.com\/wp-content\/uploads\/2025\/02\/Biolis-Dentifricio-Sensitive.jpg\" class=\"attachment-post-thumbnail size-post-thumbnail wp-post-image\" alt=\"Dentifrice Biolis Sensitive\" style=\"width:100%;height:100%;object-fit:cover;\" srcset=\"https:\/\/greenwellnessbeauty.com\/wp-content\/uploads\/2025\/02\/Biolis-Dentifricio-Sensitive.jpg 847w, https:\/\/greenwellnessbeauty.com\/wp-content\/uploads\/2025\/02\/Biolis-Dentifricio-Sensitive-229x300.jpg 229w, https:\/\/greenwellnessbeauty.com\/wp-content\/uploads\/2025\/02\/Biolis-Dentifricio-Sensitive-780x1024.jpg 780w, https:\/\/greenwellnessbeauty.com\/wp-content\/uploads\/2025\/02\/Biolis-Dentifricio-Sensitive-768x1008.jpg 768w\" sizes=\"auto, (max-width: 847px) 100vw, 847px\" \/><\/a><\/figure>\n\n\n<div class=\"wp-block-group is-vertical is-nowrap is-layout-flex wp-container-core-group-is-layout-97ba36a5 wp-block-group-is-layout-flex\" style=\"margin-top:var(--wp--preset--spacing--20);padding-top:0\"><h2 class=\"wp-block-post-title has-large-font-size wp-container-content-32e3a40d\"><a href=\"https:\/\/greenwellnessbeauty.com\/fr\/dentifrice-biolis-sensitive\/\" target=\"_self\" >Dentifrice Biolis Sensitive<\/a><\/h2>\n\n<div class=\"wp-block-post-excerpt has-text-color has-contrast-2-color has-small-font-size wp-container-content-32e3a40d\"><p class=\"wp-block-post-excerpt__excerpt\">Dentifrice Biolis Sensitive aux extraits d'Aloe Vera et d'Echinacea Bio 75ml <\/p><\/div>\n\n\n<div style=\"height:0px\" aria-hidden=\"true\" class=\"wp-block-spacer wp-container-content-32e3a40d\"><\/div>\n<\/div>\n\n<\/li><li class=\"wp-block-post post-596 post type-post status-publish format-standard has-post-thumbnail hentry category-toothpaste\">\n<figure style=\"aspect-ratio:3\/4; padding-bottom:var(--wp--preset--spacing--20);margin-bottom:0;\" class=\"wp-block-post-featured-image\"><a href=\"https:\/\/greenwellnessbeauty.com\/fr\/dentifrice-blanchissant-biolis\/\" target=\"_self\"  ><img loading=\"lazy\" decoding=\"async\" width=\"838\" height=\"1115\" src=\"https:\/\/greenwellnessbeauty.com\/wp-content\/uploads\/2025\/02\/Biolis-Dentifricio-Whitening.jpg\" class=\"attachment-post-thumbnail size-post-thumbnail wp-post-image\" alt=\"Dentifrice Biolis blanchissant\" style=\"width:100%;height:100%;object-fit:cover;\" srcset=\"https:\/\/greenwellnessbeauty.com\/wp-content\/uploads\/2025\/02\/Biolis-Dentifricio-Whitening.jpg 838w, https:\/\/greenwellnessbeauty.com\/wp-content\/uploads\/2025\/02\/Biolis-Dentifricio-Whitening-225x300.jpg 225w, https:\/\/greenwellnessbeauty.com\/wp-content\/uploads\/2025\/02\/Biolis-Dentifricio-Whitening-770x1024.jpg 770w, https:\/\/greenwellnessbeauty.com\/wp-content\/uploads\/2025\/02\/Biolis-Dentifricio-Whitening-768x1022.jpg 768w\" sizes=\"auto, (max-width: 838px) 100vw, 838px\" \/><\/a><\/figure>\n\n\n<div class=\"wp-block-group is-vertical is-nowrap is-layout-flex wp-container-core-group-is-layout-97ba36a5 wp-block-group-is-layout-flex\" style=\"margin-top:var(--wp--preset--spacing--20);padding-top:0\"><h2 class=\"wp-block-post-title has-large-font-size wp-container-content-32e3a40d\"><a href=\"https:\/\/greenwellnessbeauty.com\/fr\/dentifrice-blanchissant-biolis\/\" target=\"_self\" >Dentifrice Biolis blanchissant<\/a><\/h2>\n\n<div class=\"wp-block-post-excerpt has-text-color has-contrast-2-color has-small-font-size wp-container-content-32e3a40d\"><p class=\"wp-block-post-excerpt__excerpt\">Dentifrice blanchissant Biolis au bicarbonate et au menthol Bio 75ml <\/p><\/div>\n\n\n<div style=\"height:0px\" aria-hidden=\"true\" class=\"wp-block-spacer wp-container-content-32e3a40d\"><\/div>\n<\/div>\n\n<\/li><li class=\"wp-block-post post-593 post type-post status-publish format-standard has-post-thumbnail hentry category-toothpaste\">\n<figure style=\"aspect-ratio:3\/4; padding-bottom:var(--wp--preset--spacing--20);margin-bottom:0;\" class=\"wp-block-post-featured-image\"><a href=\"https:\/\/greenwellnessbeauty.com\/fr\/dentifrice-elmex-protection-contre-les-caries\/\" target=\"_self\"  ><img loading=\"lazy\" decoding=\"async\" width=\"1500\" height=\"808\" src=\"https:\/\/greenwellnessbeauty.com\/wp-content\/uploads\/2025\/02\/Elmex-Dentifricio-Protezione-Carie.jpg\" class=\"attachment-post-thumbnail size-post-thumbnail wp-post-image\" alt=\"Elmex Dentifrice Protection contre les caries\" style=\"width:100%;height:100%;object-fit:cover;\" srcset=\"https:\/\/greenwellnessbeauty.com\/wp-content\/uploads\/2025\/02\/Elmex-Dentifricio-Protezione-Carie.jpg 1500w, https:\/\/greenwellnessbeauty.com\/wp-content\/uploads\/2025\/02\/Elmex-Dentifricio-Protezione-Carie-300x162.jpg 300w, https:\/\/greenwellnessbeauty.com\/wp-content\/uploads\/2025\/02\/Elmex-Dentifricio-Protezione-Carie-1024x552.jpg 1024w, https:\/\/greenwellnessbeauty.com\/wp-content\/uploads\/2025\/02\/Elmex-Dentifricio-Protezione-Carie-768x414.jpg 768w\" sizes=\"auto, (max-width: 1500px) 100vw, 1500px\" \/><\/a><\/figure>\n\n\n<div class=\"wp-block-group is-vertical is-nowrap is-layout-flex wp-container-core-group-is-layout-97ba36a5 wp-block-group-is-layout-flex\" style=\"margin-top:var(--wp--preset--spacing--20);padding-top:0\"><h2 class=\"wp-block-post-title has-large-font-size wp-container-content-32e3a40d\"><a href=\"https:\/\/greenwellnessbeauty.com\/fr\/dentifrice-elmex-protection-contre-les-caries\/\" target=\"_self\" >Elmex Dentifrice Protection contre les caries<\/a><\/h2>\n\n<div class=\"wp-block-post-excerpt has-text-color has-contrast-2-color has-small-font-size wp-container-content-32e3a40d\"><p class=\"wp-block-post-excerpt__excerpt\">Elmex Dentifrice Protection Caries, 75ml, 1 <\/p><\/div>\n\n\n<div style=\"height:0px\" aria-hidden=\"true\" class=\"wp-block-spacer wp-container-content-32e3a40d\"><\/div>\n<\/div>\n\n<\/li><\/ul>\n\n\n<div style=\"margin-top:0;margin-bottom:0;height:var(--wp--preset--spacing--40)\" aria-hidden=\"true\" class=\"wp-block-spacer\"><\/div>\n\n\n<\/div>\n<\/div>","protected":false},"excerpt":{"rendered":"","protected":false},"author":1,"featured_media":0,"parent":0,"menu_order":0,"comment_status":"closed","ping_status":"closed","template":"page-no-title","meta":{"_editorskit_title_hidden":false,"_editorskit_reading_time":0,"_editorskit_is_block_options_detached":false,"_editorskit_block_options_position":"{}","footnotes":""},"class_list":["post-96","page","type-page","status-publish","hentry"],"yoast_head":"<!-- This site is optimized with the Yoast SEO plugin v27.4 - https:\/\/yoast.com\/product\/yoast-seo-wordpress\/ -->\n<title>Dentifrici - Green Wellness Beauty<\/title>\n<meta name=\"robots\" content=\"index, follow, max-snippet:-1, max-image-preview:large, max-video-preview:-1\" \/>\n<link rel=\"canonical\" href=\"https:\/\/greenwellnessbeauty.com\/fr\/dentifrices\/\" \/>\n<meta property=\"og:locale\" content=\"fr_FR\" \/>\n<meta property=\"og:type\" content=\"article\" \/>\n<meta property=\"og:title\" content=\"Dentifrici - Green Wellness Beauty\" \/>\n<meta property=\"og:url\" content=\"https:\/\/greenwellnessbeauty.com\/fr\/dentifrices\/\" \/>\n<meta property=\"og:site_name\" content=\"Green Wellness Beauty\" \/>\n<meta property=\"article:modified_time\" content=\"2025-02-09T12:25:16+00:00\" \/>\n<meta name=\"twitter:card\" content=\"summary_large_image\" \/>\n<script type=\"application\/ld+json\" class=\"yoast-schema-graph\">{\"@context\":\"https:\\\/\\\/schema.org\",\"@graph\":[{\"@type\":\"WebPage\",\"@id\":\"https:\\\/\\\/greenwellnessbeauty.com\\\/dentifrici\\\/\",\"url\":\"https:\\\/\\\/greenwellnessbeauty.com\\\/dentifrici\\\/\",\"name\":\"Dentifrici - Green Wellness Beauty\",\"isPartOf\":{\"@id\":\"https:\\\/\\\/greenwellnessbeauty.com\\\/#website\"},\"datePublished\":\"2023-11-11T15:00:58+00:00\",\"dateModified\":\"2025-02-09T12:25:16+00:00\",\"breadcrumb\":{\"@id\":\"https:\\\/\\\/greenwellnessbeauty.com\\\/dentifrici\\\/#breadcrumb\"},\"inLanguage\":\"fr-FR\",\"potentialAction\":[{\"@type\":\"ReadAction\",\"target\":[\"https:\\\/\\\/greenwellnessbeauty.com\\\/dentifrici\\\/\"]}]},{\"@type\":\"BreadcrumbList\",\"@id\":\"https:\\\/\\\/greenwellnessbeauty.com\\\/dentifrici\\\/#breadcrumb\",\"itemListElement\":[{\"@type\":\"ListItem\",\"position\":1,\"name\":\"Home\",\"item\":\"https:\\\/\\\/greenwellnessbeauty.com\\\/\"},{\"@type\":\"ListItem\",\"position\":2,\"name\":\"Dentifrici\"}]},{\"@type\":\"WebSite\",\"@id\":\"https:\\\/\\\/greenwellnessbeauty.com\\\/#website\",\"url\":\"https:\\\/\\\/greenwellnessbeauty.com\\\/\",\"name\":\"Green Wellness Beauty\",\"description\":\"Riscopri il benessere autentico: prodotti valutati positivamente da Yuka per una bellezza sicura e naturale.\",\"publisher\":{\"@id\":\"https:\\\/\\\/greenwellnessbeauty.com\\\/#\\\/schema\\\/person\\\/78392f21841425f9e8d8b2b34010b901\"},\"potentialAction\":[{\"@type\":\"SearchAction\",\"target\":{\"@type\":\"EntryPoint\",\"urlTemplate\":\"https:\\\/\\\/greenwellnessbeauty.com\\\/?s={search_term_string}\"},\"query-input\":{\"@type\":\"PropertyValueSpecification\",\"valueRequired\":true,\"valueName\":\"search_term_string\"}}],\"inLanguage\":\"fr-FR\"},{\"@type\":[\"Person\",\"Organization\"],\"@id\":\"https:\\\/\\\/greenwellnessbeauty.com\\\/#\\\/schema\\\/person\\\/78392f21841425f9e8d8b2b34010b901\",\"name\":\"daniele\",\"image\":{\"@type\":\"ImageObject\",\"inLanguage\":\"fr-FR\",\"@id\":\"https:\\\/\\\/greenwellnessbeauty.com\\\/wp-content\\\/uploads\\\/2023\\\/11\\\/Logo-grigio-stretto-1.jpg\",\"url\":\"https:\\\/\\\/greenwellnessbeauty.com\\\/wp-content\\\/uploads\\\/2023\\\/11\\\/Logo-grigio-stretto-1.jpg\",\"contentUrl\":\"https:\\\/\\\/greenwellnessbeauty.com\\\/wp-content\\\/uploads\\\/2023\\\/11\\\/Logo-grigio-stretto-1.jpg\",\"width\":2508,\"height\":772,\"caption\":\"daniele\"},\"logo\":{\"@id\":\"https:\\\/\\\/greenwellnessbeauty.com\\\/wp-content\\\/uploads\\\/2023\\\/11\\\/Logo-grigio-stretto-1.jpg\"},\"sameAs\":[\"http:\\\/\\\/devisdeswg.cluster028.hosting.ovh.net\"]}]}<\/script>\n<!-- \/ Yoast SEO plugin. -->","yoast_head_json":{"title":"Dentifrices - Green Wellness Beauty","robots":{"index":"index","follow":"follow","max-snippet":"max-snippet:-1","max-image-preview":"max-image-preview:large","max-video-preview":"max-video-preview:-1"},"canonical":"https:\/\/greenwellnessbeauty.com\/fr\/dentifrices\/","og_locale":"fr_FR","og_type":"article","og_title":"Dentifrici - Green Wellness Beauty","og_url":"https:\/\/greenwellnessbeauty.com\/fr\/dentifrices\/","og_site_name":"Green Wellness Beauty","article_modified_time":"2025-02-09T12:25:16+00:00","twitter_card":"summary_large_image","schema":{"@context":"https:\/\/schema.org","@graph":[{"@type":"WebPage","@id":"https:\/\/greenwellnessbeauty.com\/dentifrici\/","url":"https:\/\/greenwellnessbeauty.com\/dentifrici\/","name":"Dentifrices - Green Wellness Beauty","isPartOf":{"@id":"https:\/\/greenwellnessbeauty.com\/#website"},"datePublished":"2023-11-11T15:00:58+00:00","dateModified":"2025-02-09T12:25:16+00:00","breadcrumb":{"@id":"https:\/\/greenwellnessbeauty.com\/dentifrici\/#breadcrumb"},"inLanguage":"fr-FR","potentialAction":[{"@type":"ReadAction","target":["https:\/\/greenwellnessbeauty.com\/dentifrici\/"]}]},{"@type":"BreadcrumbList","@id":"https:\/\/greenwellnessbeauty.com\/dentifrici\/#breadcrumb","itemListElement":[{"@type":"ListItem","position":1,"name":"Home","item":"https:\/\/greenwellnessbeauty.com\/"},{"@type":"ListItem","position":2,"name":"Dentifrici"}]},{"@type":"WebSite","@id":"https:\/\/greenwellnessbeauty.com\/#website","url":"https:\/\/greenwellnessbeauty.com\/","name":"Green Wellness Beauty","description":"Red\u00e9couvrez un bien-\u00eatre authentique : les produits de Yuka, \u00e9valu\u00e9s positivement, pour une beaut\u00e9 s\u00fbre et naturelle.","publisher":{"@id":"https:\/\/greenwellnessbeauty.com\/#\/schema\/person\/78392f21841425f9e8d8b2b34010b901"},"potentialAction":[{"@type":"SearchAction","target":{"@type":"EntryPoint","urlTemplate":"https:\/\/greenwellnessbeauty.com\/?s={search_term_string}"},"query-input":{"@type":"PropertyValueSpecification","valueRequired":true,"valueName":"search_term_string"}}],"inLanguage":"fr-FR"},{"@type":["Person","Organization"],"@id":"https:\/\/greenwellnessbeauty.com\/#\/schema\/person\/78392f21841425f9e8d8b2b34010b901","name":"daniele","image":{"@type":"ImageObject","inLanguage":"fr-FR","@id":"https:\/\/greenwellnessbeauty.com\/wp-content\/uploads\/2023\/11\/Logo-grigio-stretto-1.jpg","url":"https:\/\/greenwellnessbeauty.com\/wp-content\/uploads\/2023\/11\/Logo-grigio-stretto-1.jpg","contentUrl":"https:\/\/greenwellnessbeauty.com\/wp-content\/uploads\/2023\/11\/Logo-grigio-stretto-1.jpg","width":2508,"height":772,"caption":"daniele"},"logo":{"@id":"https:\/\/greenwellnessbeauty.com\/wp-content\/uploads\/2023\/11\/Logo-grigio-stretto-1.jpg"},"sameAs":["http:\/\/devisdeswg.cluster028.hosting.ovh.net"]}]}},"_links":{"self":[{"href":"https:\/\/greenwellnessbeauty.com\/fr\/wp-json\/wp\/v2\/pages\/96","targetHints":{"allow":["GET"]}}],"collection":[{"href":"https:\/\/greenwellnessbeauty.com\/fr\/wp-json\/wp\/v2\/pages"}],"about":[{"href":"https:\/\/greenwellnessbeauty.com\/fr\/wp-json\/wp\/v2\/types\/page"}],"author":[{"embeddable":true,"href":"https:\/\/greenwellnessbeauty.com\/fr\/wp-json\/wp\/v2\/users\/1"}],"replies":[{"embeddable":true,"href":"https:\/\/greenwellnessbeauty.com\/fr\/wp-json\/wp\/v2\/comments?post=96"}],"version-history":[{"count":4,"href":"https:\/\/greenwellnessbeauty.com\/fr\/wp-json\/wp\/v2\/pages\/96\/revisions"}],"predecessor-version":[{"id":615,"href":"https:\/\/greenwellnessbeauty.com\/fr\/wp-json\/wp\/v2\/pages\/96\/revisions\/615"}],"wp:attachment":[{"href":"https:\/\/greenwellnessbeauty.com\/fr\/wp-json\/wp\/v2\/media?parent=96"}],"curies":[{"name":"wp","href":"https:\/\/api.w.org\/{rel}","templated":true}]}}