{"id":699,"date":"2025-02-23T19:20:38","date_gmt":"2025-02-23T18:20:38","guid":{"rendered":"https:\/\/greenwellnessbeauty.com\/?page_id=699"},"modified":"2025-02-23T19:27:41","modified_gmt":"2025-02-23T18:27:41","slug":"politique-en-matiere-de-cookies","status":"publish","type":"page","link":"https:\/\/greenwellnessbeauty.com\/fr\/politique-en-matiere-de-cookies\/","title":{"rendered":"Politique en mati\u00e8re de cookies"},"content":{"rendered":"<h2 class=\"wp-block-heading\"><strong>Politique en mati\u00e8re de cookies<\/strong><\/h2>\n\n\n\n<p><strong>Derni\u00e8re mise \u00e0 jour :<\/strong> 23\/02\/2025<\/p>\n\n\n\n<h2 class=\"wp-block-heading\"><strong>1. Qu'est-ce qu'un cookie ?<\/strong><\/h2>\n\n\n\n<p>Les cookies sont de petits fichiers texte qui sont stock\u00e9s sur votre appareil lorsque vous visitez un site web. Ils servent \u00e0 am\u00e9liorer l'exp\u00e9rience de l'utilisateur et \u00e0 collecter des informations sur l'utilisation du site.<\/p>\n\n\n\n<h2 class=\"wp-block-heading\"><strong>2. Types de cookies utilis\u00e9s<\/strong><\/h2>\n\n\n\n<ul class=\"wp-block-list\">\n<li><strong>Cookies techniques :<\/strong> N\u00e9cessaire au bon fonctionnement du site.<\/li>\n\n\n\n<li><strong>Cookies d'analyse :<\/strong> Ils recueillent des informations anonymes sur l'utilisation du site pour nous aider \u00e0 l'am\u00e9liorer.<\/li>\n\n\n\n<li><strong>Cookies de tiers :<\/strong> Notre site utilise des liens d'affiliation Amazon. En cliquant sur ces liens, Amazon peut installer des cookies sur votre appareil afin de suivre l'origine de votre achat et de nous verser une commission. <a href=\"https:\/\/programma-affiliazione.amazon.it\/help\/operating\/policies?utm_source=chatgpt.com\" target=\"_blank\" rel=\"noreferrer noopener\">Affili\u00e9s Amazon<\/a><\/li>\n<\/ul>\n\n\n\n<h2 class=\"wp-block-heading\"><strong>3. Gestion des cookies<\/strong><\/h2>\n\n\n\n<p>Vous pouvez g\u00e9rer vos pr\u00e9f\u00e9rences en mati\u00e8re de cookies par le biais des param\u00e8tres de votre navigateur en autorisant ou en bloquant l'installation de cookies. Veuillez noter que la d\u00e9sactivation des cookies peut affecter la fonctionnalit\u00e9 du site.<\/p>\n\n\n\n<h2 class=\"wp-block-heading\"><strong>4. Modifications de la politique en mati\u00e8re de cookies<\/strong><\/h2>\n\n\n\n<p>Nous nous r\u00e9servons le droit de mettre \u00e0 jour la pr\u00e9sente politique en mati\u00e8re de cookies. Les modifications seront affich\u00e9es sur cette page avec la date de mise \u00e0 jour.<\/p>","protected":false},"excerpt":{"rendered":"<p>Cookie Policy Ultimo aggiornamento: 23\/02\/2025 1. Cosa Sono i Cookie I cookie sono piccoli file di testo che vengono memorizzati sul tuo dispositivo quando visiti un sito web. Servono a migliorare l&#8217;esperienza dell&#8217;utente e a raccogliere informazioni sull&#8217;uso del sito. 2. Tipologie di Cookie Utilizzati 3. Gestione dei Cookie Puoi gestire le preferenze sui cookie [&hellip;]<\/p>\n","protected":false},"author":1,"featured_media":0,"parent":0,"menu_order":0,"comment_status":"closed","ping_status":"closed","template":"page-no-title","meta":{"_editorskit_title_hidden":false,"_editorskit_reading_time":0,"_editorskit_is_block_options_detached":false,"_editorskit_block_options_position":"{}","footnotes":""},"class_list":["post-699","page","type-page","status-publish","hentry"],"yoast_head":"<!-- This site is optimized with the Yoast SEO plugin v27.4 - https:\/\/yoast.com\/product\/yoast-seo-wordpress\/ -->\n<title>Cookie Policy - Green Wellness Beauty<\/title>\n<meta name=\"robots\" content=\"index, follow, max-snippet:-1, max-image-preview:large, max-video-preview:-1\" \/>\n<link rel=\"canonical\" href=\"https:\/\/greenwellnessbeauty.com\/fr\/politique-en-matiere-de-cookies\/\" \/>\n<meta property=\"og:locale\" content=\"fr_FR\" \/>\n<meta property=\"og:type\" content=\"article\" \/>\n<meta property=\"og:title\" content=\"Cookie Policy - Green Wellness Beauty\" \/>\n<meta property=\"og:description\" content=\"Cookie Policy Ultimo aggiornamento: 23\/02\/2025 1. Cosa Sono i Cookie I cookie sono piccoli file di testo che vengono memorizzati sul tuo dispositivo quando visiti un sito web. Servono a migliorare l&#8217;esperienza dell&#8217;utente e a raccogliere informazioni sull&#8217;uso del sito. 2. Tipologie di Cookie Utilizzati 3. Gestione dei Cookie Puoi gestire le preferenze sui cookie [&hellip;]\" \/>\n<meta property=\"og:url\" content=\"https:\/\/greenwellnessbeauty.com\/fr\/politique-en-matiere-de-cookies\/\" \/>\n<meta property=\"og:site_name\" content=\"Green Wellness Beauty\" \/>\n<meta property=\"article:modified_time\" content=\"2025-02-23T18:27:41+00:00\" \/>\n<meta name=\"twitter:card\" content=\"summary_large_image\" \/>\n<meta name=\"twitter:label1\" content=\"Dur\u00e9e de lecture estim\u00e9e\" \/>\n\t<meta name=\"twitter:data1\" content=\"1 minute\" \/>\n<script type=\"application\/ld+json\" class=\"yoast-schema-graph\">{\"@context\":\"https:\\\/\\\/schema.org\",\"@graph\":[{\"@type\":\"WebPage\",\"@id\":\"https:\\\/\\\/greenwellnessbeauty.com\\\/cookie-policy\\\/\",\"url\":\"https:\\\/\\\/greenwellnessbeauty.com\\\/cookie-policy\\\/\",\"name\":\"Cookie Policy - Green Wellness Beauty\",\"isPartOf\":{\"@id\":\"https:\\\/\\\/greenwellnessbeauty.com\\\/#website\"},\"datePublished\":\"2025-02-23T18:20:38+00:00\",\"dateModified\":\"2025-02-23T18:27:41+00:00\",\"breadcrumb\":{\"@id\":\"https:\\\/\\\/greenwellnessbeauty.com\\\/cookie-policy\\\/#breadcrumb\"},\"inLanguage\":\"fr-FR\",\"potentialAction\":[{\"@type\":\"ReadAction\",\"target\":[\"https:\\\/\\\/greenwellnessbeauty.com\\\/cookie-policy\\\/\"]}]},{\"@type\":\"BreadcrumbList\",\"@id\":\"https:\\\/\\\/greenwellnessbeauty.com\\\/cookie-policy\\\/#breadcrumb\",\"itemListElement\":[{\"@type\":\"ListItem\",\"position\":1,\"name\":\"Home\",\"item\":\"https:\\\/\\\/greenwellnessbeauty.com\\\/\"},{\"@type\":\"ListItem\",\"position\":2,\"name\":\"Cookie Policy\"}]},{\"@type\":\"WebSite\",\"@id\":\"https:\\\/\\\/greenwellnessbeauty.com\\\/#website\",\"url\":\"https:\\\/\\\/greenwellnessbeauty.com\\\/\",\"name\":\"Green Wellness Beauty\",\"description\":\"Riscopri il benessere autentico: prodotti valutati positivamente da Yuka per una bellezza sicura e naturale.\",\"publisher\":{\"@id\":\"https:\\\/\\\/greenwellnessbeauty.com\\\/#\\\/schema\\\/person\\\/78392f21841425f9e8d8b2b34010b901\"},\"potentialAction\":[{\"@type\":\"SearchAction\",\"target\":{\"@type\":\"EntryPoint\",\"urlTemplate\":\"https:\\\/\\\/greenwellnessbeauty.com\\\/?s={search_term_string}\"},\"query-input\":{\"@type\":\"PropertyValueSpecification\",\"valueRequired\":true,\"valueName\":\"search_term_string\"}}],\"inLanguage\":\"fr-FR\"},{\"@type\":[\"Person\",\"Organization\"],\"@id\":\"https:\\\/\\\/greenwellnessbeauty.com\\\/#\\\/schema\\\/person\\\/78392f21841425f9e8d8b2b34010b901\",\"name\":\"daniele\",\"image\":{\"@type\":\"ImageObject\",\"inLanguage\":\"fr-FR\",\"@id\":\"https:\\\/\\\/greenwellnessbeauty.com\\\/wp-content\\\/uploads\\\/2023\\\/11\\\/Logo-grigio-stretto-1.jpg\",\"url\":\"https:\\\/\\\/greenwellnessbeauty.com\\\/wp-content\\\/uploads\\\/2023\\\/11\\\/Logo-grigio-stretto-1.jpg\",\"contentUrl\":\"https:\\\/\\\/greenwellnessbeauty.com\\\/wp-content\\\/uploads\\\/2023\\\/11\\\/Logo-grigio-stretto-1.jpg\",\"width\":2508,\"height\":772,\"caption\":\"daniele\"},\"logo\":{\"@id\":\"https:\\\/\\\/greenwellnessbeauty.com\\\/wp-content\\\/uploads\\\/2023\\\/11\\\/Logo-grigio-stretto-1.jpg\"},\"sameAs\":[\"http:\\\/\\\/devisdeswg.cluster028.hosting.ovh.net\"]}]}<\/script>\n<!-- \/ Yoast SEO plugin. -->","yoast_head_json":{"title":"Politique en mati\u00e8re de cookies - Green Wellness Beauty","robots":{"index":"index","follow":"follow","max-snippet":"max-snippet:-1","max-image-preview":"max-image-preview:large","max-video-preview":"max-video-preview:-1"},"canonical":"https:\/\/greenwellnessbeauty.com\/fr\/politique-en-matiere-de-cookies\/","og_locale":"fr_FR","og_type":"article","og_title":"Cookie Policy - Green Wellness Beauty","og_description":"Cookie Policy Ultimo aggiornamento: 23\/02\/2025 1. Cosa Sono i Cookie I cookie sono piccoli file di testo che vengono memorizzati sul tuo dispositivo quando visiti un sito web. Servono a migliorare l&#8217;esperienza dell&#8217;utente e a raccogliere informazioni sull&#8217;uso del sito. 2. Tipologie di Cookie Utilizzati 3. Gestione dei Cookie Puoi gestire le preferenze sui cookie [&hellip;]","og_url":"https:\/\/greenwellnessbeauty.com\/fr\/politique-en-matiere-de-cookies\/","og_site_name":"Green Wellness Beauty","article_modified_time":"2025-02-23T18:27:41+00:00","twitter_card":"summary_large_image","twitter_misc":{"Dur\u00e9e de lecture estim\u00e9e":"1 minute"},"schema":{"@context":"https:\/\/schema.org","@graph":[{"@type":"WebPage","@id":"https:\/\/greenwellnessbeauty.com\/cookie-policy\/","url":"https:\/\/greenwellnessbeauty.com\/cookie-policy\/","name":"Politique en mati\u00e8re de cookies - Green Wellness Beauty","isPartOf":{"@id":"https:\/\/greenwellnessbeauty.com\/#website"},"datePublished":"2025-02-23T18:20:38+00:00","dateModified":"2025-02-23T18:27:41+00:00","breadcrumb":{"@id":"https:\/\/greenwellnessbeauty.com\/cookie-policy\/#breadcrumb"},"inLanguage":"fr-FR","potentialAction":[{"@type":"ReadAction","target":["https:\/\/greenwellnessbeauty.com\/cookie-policy\/"]}]},{"@type":"BreadcrumbList","@id":"https:\/\/greenwellnessbeauty.com\/cookie-policy\/#breadcrumb","itemListElement":[{"@type":"ListItem","position":1,"name":"Home","item":"https:\/\/greenwellnessbeauty.com\/"},{"@type":"ListItem","position":2,"name":"Cookie Policy"}]},{"@type":"WebSite","@id":"https:\/\/greenwellnessbeauty.com\/#website","url":"https:\/\/greenwellnessbeauty.com\/","name":"Green Wellness Beauty","description":"Red\u00e9couvrez un bien-\u00eatre authentique : les produits de Yuka, \u00e9valu\u00e9s positivement, pour une beaut\u00e9 s\u00fbre et naturelle.","publisher":{"@id":"https:\/\/greenwellnessbeauty.com\/#\/schema\/person\/78392f21841425f9e8d8b2b34010b901"},"potentialAction":[{"@type":"SearchAction","target":{"@type":"EntryPoint","urlTemplate":"https:\/\/greenwellnessbeauty.com\/?s={search_term_string}"},"query-input":{"@type":"PropertyValueSpecification","valueRequired":true,"valueName":"search_term_string"}}],"inLanguage":"fr-FR"},{"@type":["Person","Organization"],"@id":"https:\/\/greenwellnessbeauty.com\/#\/schema\/person\/78392f21841425f9e8d8b2b34010b901","name":"daniele","image":{"@type":"ImageObject","inLanguage":"fr-FR","@id":"https:\/\/greenwellnessbeauty.com\/wp-content\/uploads\/2023\/11\/Logo-grigio-stretto-1.jpg","url":"https:\/\/greenwellnessbeauty.com\/wp-content\/uploads\/2023\/11\/Logo-grigio-stretto-1.jpg","contentUrl":"https:\/\/greenwellnessbeauty.com\/wp-content\/uploads\/2023\/11\/Logo-grigio-stretto-1.jpg","width":2508,"height":772,"caption":"daniele"},"logo":{"@id":"https:\/\/greenwellnessbeauty.com\/wp-content\/uploads\/2023\/11\/Logo-grigio-stretto-1.jpg"},"sameAs":["http:\/\/devisdeswg.cluster028.hosting.ovh.net"]}]}},"_links":{"self":[{"href":"https:\/\/greenwellnessbeauty.com\/fr\/wp-json\/wp\/v2\/pages\/699","targetHints":{"allow":["GET"]}}],"collection":[{"href":"https:\/\/greenwellnessbeauty.com\/fr\/wp-json\/wp\/v2\/pages"}],"about":[{"href":"https:\/\/greenwellnessbeauty.com\/fr\/wp-json\/wp\/v2\/types\/page"}],"author":[{"embeddable":true,"href":"https:\/\/greenwellnessbeauty.com\/fr\/wp-json\/wp\/v2\/users\/1"}],"replies":[{"embeddable":true,"href":"https:\/\/greenwellnessbeauty.com\/fr\/wp-json\/wp\/v2\/comments?post=699"}],"version-history":[{"count":3,"href":"https:\/\/greenwellnessbeauty.com\/fr\/wp-json\/wp\/v2\/pages\/699\/revisions"}],"predecessor-version":[{"id":711,"href":"https:\/\/greenwellnessbeauty.com\/fr\/wp-json\/wp\/v2\/pages\/699\/revisions\/711"}],"wp:attachment":[{"href":"https:\/\/greenwellnessbeauty.com\/fr\/wp-json\/wp\/v2\/media?parent=699"}],"curies":[{"name":"wp","href":"https:\/\/api.w.org\/{rel}","templated":true}]}}