{"id":215,"date":"2023-11-11T21:51:51","date_gmt":"2023-11-11T20:51:51","guid":{"rendered":"https:\/\/greenwellnessbeauty.com\/?page_id=215"},"modified":"2025-10-12T21:50:43","modified_gmt":"2025-10-12T19:50:43","slug":"qui-nous-sommes","status":"publish","type":"page","link":"https:\/\/greenwellnessbeauty.com\/fr\/qui-nous-sommes\/","title":{"rendered":"\u00c0 propos de nous"},"content":{"rendered":"<div class=\"wp-block-group alignfull has-global-padding is-layout-constrained wp-container-core-group-is-layout-d89aad35 wp-block-group-is-layout-constrained\" style=\"margin-top:0;margin-bottom:0;padding-top:var(--wp--preset--spacing--50);padding-right:var(--wp--preset--spacing--50);padding-bottom:var(--wp--preset--spacing--50);padding-left:var(--wp--preset--spacing--50)\">\n<div class=\"wp-block-group alignwide has-global-padding is-layout-constrained wp-container-core-group-is-layout-19e250f3 wp-block-group-is-layout-constrained\">\n<div class=\"wp-block-group is-vertical is-content-justification-center is-layout-flex wp-container-core-group-is-layout-6329a8f3 wp-block-group-is-layout-flex\">\n<h3 class=\"wp-block-heading has-text-align-center\">\ud83c\udf3f A propos de Green Wellness Beauty<\/h3>\n\n\n\n<p class=\"has-text-align-center\">Bienvenue \u00e0 <strong>Green Wellness Beauty<\/strong>, o\u00f9 la beaut\u00e9 rencontre le bien-\u00eatre \ud83c\udf38<\/p>\n\n\n\n<p class=\"has-text-align-center\">Nous pensons que la vraie beaut\u00e9 na\u00eet de <strong>des choix conscients<\/strong>, le respect de sa propre peau et l'amour de la nature.<br>Notre mission est de vous offrir une <strong>une s\u00e9lection rigoureuse de produits naturels et s\u00fbrs<\/strong>, choisis pour leur qualit\u00e9, leur efficacit\u00e9 et leur durabilit\u00e9 - pour vous aider \u00e0 prendre soin de vous de la mani\u00e8re la plus saine et la plus authentique possible.<\/p>\n<\/div>\n\n\n\n<div style=\"height:var(--wp--preset--spacing--40)\" aria-hidden=\"true\" class=\"wp-block-spacer\"><\/div>\n\n\n\n<div class=\"wp-block-columns alignwide is-layout-flex wp-container-core-columns-is-layout-d1c656ed wp-block-columns-is-layout-flex\">\n<div class=\"wp-block-column is-vertically-aligned-center is-layout-flow wp-block-column-is-layout-flow\" style=\"flex-basis:40%\">\n<h3 class=\"wp-block-heading has-text-align-center\">\ud83d\udc9a Notre engagement<\/h3>\n\n\n\n<ul class=\"wp-block-list\">\n<li><strong>Qualit\u00e9<\/strong>Les produits recommand\u00e9s sur Green Wellness Beauty ont \u00e9t\u00e9 soigneusement s\u00e9lectionn\u00e9s et test\u00e9s afin de garantir leur efficacit\u00e9. <strong>des normes \u00e9lev\u00e9es de s\u00e9curit\u00e9 et de performance<\/strong>.<\/li>\n\n\n\n<li><strong>Durabilit\u00e9<\/strong>Nous encourageons les marques et les pratiques respectueuses de l'environnement, depuis le choix des mati\u00e8res premi\u00e8res jusqu'\u00e0 l'emballage final. Nous pensons que les soins personnels ne devraient jamais peser sur la plan\u00e8te. \ud83c\udf0d<\/li>\n\n\n\n<li><strong>Transparence<\/strong>Nous croyons en la transparence. Vous m\u00e9ritez de savoir ce que vous mettez sur votre peau et nous sommes l\u00e0 pour vous fournir des informations claires et honn\u00eates sur les produits que nous recommandons.<\/li>\n<\/ul>\n<\/div>\n\n\n\n<div class=\"wp-block-column is-layout-flow wp-block-column-is-layout-flow\" style=\"flex-basis:50%\">\n<figure class=\"wp-block-image size-large is-style-rounded is-style-rounded--1\"><img loading=\"lazy\" decoding=\"async\" width=\"1024\" height=\"682\" src=\"https:\/\/greenwellnessbeauty.com\/wp-content\/uploads\/2023\/11\/stones-1341224_1280-1024x682.jpg\" alt=\"\" class=\"wp-image-235\" srcset=\"https:\/\/greenwellnessbeauty.com\/wp-content\/uploads\/2023\/11\/stones-1341224_1280-1024x682.jpg 1024w, https:\/\/greenwellnessbeauty.com\/wp-content\/uploads\/2023\/11\/stones-1341224_1280-300x200.jpg 300w, https:\/\/greenwellnessbeauty.com\/wp-content\/uploads\/2023\/11\/stones-1341224_1280-768x512.jpg 768w, https:\/\/greenwellnessbeauty.com\/wp-content\/uploads\/2023\/11\/stones-1341224_1280.jpg 1280w\" sizes=\"auto, (max-width: 1024px) 100vw, 1024px\" \/><\/figure>\n<\/div>\n<\/div>\n\n\n\n<div style=\"height:var(--wp--preset--spacing--40)\" aria-hidden=\"true\" class=\"wp-block-spacer\"><\/div>\n\n\n\n<div class=\"wp-block-columns alignwide is-layout-flex wp-container-core-columns-is-layout-d1c656ed wp-block-columns-is-layout-flex\">\n<div class=\"wp-block-column is-layout-flow wp-block-column-is-layout-flow\" style=\"flex-basis:50%\">\n<figure class=\"wp-block-image size-large is-style-rounded is-style-rounded--2\"><img loading=\"lazy\" decoding=\"async\" width=\"1024\" height=\"768\" src=\"https:\/\/greenwellnessbeauty.com\/wp-content\/uploads\/2023\/11\/lemon-906141_1280-1024x768.jpg\" alt=\"\" class=\"wp-image-237\" srcset=\"https:\/\/greenwellnessbeauty.com\/wp-content\/uploads\/2023\/11\/lemon-906141_1280-1024x768.jpg 1024w, https:\/\/greenwellnessbeauty.com\/wp-content\/uploads\/2023\/11\/lemon-906141_1280-300x225.jpg 300w, https:\/\/greenwellnessbeauty.com\/wp-content\/uploads\/2023\/11\/lemon-906141_1280-768x576.jpg 768w, https:\/\/greenwellnessbeauty.com\/wp-content\/uploads\/2023\/11\/lemon-906141_1280.jpg 1280w\" sizes=\"auto, (max-width: 1024px) 100vw, 1024px\" \/><\/figure>\n<\/div>\n\n\n\n<div class=\"wp-block-column is-vertically-aligned-center is-layout-flow wp-block-column-is-layout-flow\" style=\"flex-basis:40%\">\n<h3 class=\"wp-block-heading has-text-align-center\">Pourquoi choisir <br>Green Wellness Beauty ?<\/h3>\n\n\n\n<ul class=\"wp-block-list\">\n<li><strong>S\u00e9lection de produits sains et s\u00fbrs<\/strong>Chaque produit recommand\u00e9 est not\u00e9 <strong>au moins 80\/100 pour Yuka<\/strong>, garantissant des formules exemptes d'ingr\u00e9dients nocifs et riches en composants naturels pour le bien-\u00eatre de la peau.<\/li>\n\n\n\n<li><strong>Engagement de transparence<\/strong>Nous proposons des fiches d'information d\u00e9taill\u00e9es, des critiques honn\u00eates et des informations sur les ingr\u00e9dients et les certifications pour vous aider \u00e0 faire des choix \u00e9clair\u00e9s. <strong>des choix \u00e9clair\u00e9s<\/strong>.<\/li>\n\n\n\n<li><strong>Beaut\u00e9 durable<\/strong>Nous s\u00e9lectionnons des marques qui partagent notre philosophie : <strong>cosm\u00e9tiques naturels, v\u00e9g\u00e9taliens et sans cruaut\u00e9<\/strong> et avec des emballages respectueux de l'environnement - pour prendre soin de vous en harmonie avec la nature. \ud83c\udf3f<\/li>\n<\/ul>\n<\/div>\n<\/div>\n<\/div>\n\n\n\n<div style=\"height:var(--wp--preset--spacing--40)\" aria-hidden=\"true\" class=\"wp-block-spacer\"><\/div>\n\n\n\n<h3 class=\"wp-block-heading has-text-align-center\">Notre vision<\/h3>\n\n\n\n<p class=\"has-text-align-center\">Nous imaginons un monde o\u00f9 la beaut\u00e9 est synonyme de prise de conscience, o\u00f9 chaque produit que vous utilisez est un pas vers un mode de vie plus sain et plus durable. Gr\u00e2ce \u00e0 notre gamme de produits soigneusement s\u00e9lectionn\u00e9s, nous voulons vous permettre de faire des choix \u00e9clair\u00e9s en ce qui concerne votre routine de soins de la peau et du corps.<\/p>\n\n\n\n<div style=\"height:var(--wp--preset--spacing--40)\" aria-hidden=\"true\" class=\"wp-block-spacer\"><\/div>\n\n\n\n<h3 class=\"wp-block-heading has-text-align-center\">Notre histoire<\/h3>\n\n\n\n<p class=\"has-text-align-center\">Green Wellness Beauty est n\u00e9e de la volont\u00e9 d'unir <strong>beaut\u00e9, sant\u00e9 et durabilit\u00e9<\/strong> en une seule plateforme. Tout est parti d'une id\u00e9e simple : cr\u00e9er un lieu o\u00f9 il serait facile de trouver <strong>des produits fiables et s\u00e9lectionn\u00e9s de mani\u00e8re critique<\/strong>, \u00e9viter les recherches fastidieuses et les doutes sur les ingr\u00e9dients. <\/p>\n\n\n\n<p class=\"has-text-align-center\">Aujourd'hui, notre objectif reste le m\u00eame : <strong>vous aider \u00e0 choisir en toute confiance<\/strong>, vous inspirant vers une beaut\u00e9 plus verte, plus consciente et plus personnelle. \ud83c\udf38<\/p>\n\n\n\n<div style=\"height:var(--wp--preset--spacing--40)\" aria-hidden=\"true\" class=\"wp-block-spacer\"><\/div>\n\n\n\n<h3 class=\"wp-block-heading has-text-align-center\">\u2696\ufe0f Notre transparence<\/h3>\n\n\n\n<p>Green Wellness Beauty n'est pas affili\u00e9 \u00e0 Yuka SAS.<br>Nous n'utilisons que les scores fournis par l'application Yuka comme <strong>information r\u00e9f\u00e9rence<\/strong> pour vous aider \u00e0 identifier les produits dont la formulation est s\u00fbre.<br>Le site participe \u00e9galement \u00e0 la <strong>Programme d'affiliation Amazon EU<\/strong> et d'autres programmes d'affiliation : cela signifie que nous pouvons recevoir une petite commission sur les achats \u00e9ligibles, <strong>sans frais suppl\u00e9mentaires.<\/strong><\/p>\n\n\n\n<div style=\"height:var(--wp--preset--spacing--40)\" aria-hidden=\"true\" class=\"wp-block-spacer\"><\/div>\n\n\n\n<h3 class=\"wp-block-heading has-text-align-center\">\ud83d\udcab Notre promesse<\/h3>\n\n\n\n<blockquote class=\"wp-block-quote has-text-align-center is-layout-flow wp-block-quote-is-layout-flow\">\n<p>Nous ne s\u00e9lectionnons que ce que nous utiliserions \u00e9galement.<\/p>\n\n\n\n<p>Green Wellness Beauty est plus qu'un portail : c'est une invitation \u00e0 red\u00e9couvrir une beaut\u00e9 authentique, faite d'ingr\u00e9dients propres, de vraies valeurs et de respect de la nature. \ud83c\udf3f<\/p>\n<\/blockquote>\n\n\n\n<div style=\"height:var(--wp--preset--spacing--40)\" aria-hidden=\"true\" class=\"wp-block-spacer\"><\/div>\n<\/div>\n\n\n\n<div class=\"wp-block-group alignfull has-global-padding is-layout-constrained wp-container-core-group-is-layout-daa29608 wp-block-group-is-layout-constrained\" style=\"margin-top:0;margin-bottom:0;padding-top:var(--wp--preset--spacing--50);padding-right:var(--wp--preset--spacing--50);padding-bottom:var(--wp--preset--spacing--50);padding-left:var(--wp--preset--spacing--50)\">\n<div class=\"wp-block-cover alignfull has-parallax\" style=\"min-height:850px;aspect-ratio:unset;\"><div class=\"wp-block-cover__image-background wp-image-224 has-parallax\" style=\"background-position:50% 50%;background-image:url(https:\/\/greenwellnessbeauty.com\/wp-content\/uploads\/2023\/11\/aloe-scaled.jpg)\"><\/div><span aria-hidden=\"true\" class=\"wp-block-cover__background has-background-dim\" style=\"background-color:#0e1808\"><\/span><div class=\"wp-block-cover__inner-container has-global-padding is-layout-constrained wp-block-cover-is-layout-constrained\">\n<div style=\"height:var(--wp--preset--spacing--40)\" aria-hidden=\"true\" class=\"wp-block-spacer\"><\/div>\n\n\n\n<div class=\"wp-block-columns alignfull is-layout-flex wp-container-core-columns-is-layout-28f84493 wp-block-columns-is-layout-flex\">\n<div class=\"wp-block-column is-layout-flow wp-block-column-is-layout-flow\" style=\"flex-basis:70%\"><\/div>\n\n\n\n<div class=\"wp-block-column is-layout-flow wp-block-column-is-layout-flow\" style=\"flex-basis:50%\">\n<h2 class=\"wp-block-heading has-text-align-center has-text-color has-link-color has-x-large-font-size wp-elements-99bbe68aed4cc8ee498524a5d06f9b8b\" style=\"color:#ffffff\">Merci de faire partie de la famille <br>Green Wellness Beauty. <\/h2>\n\n\n\n<h2 class=\"wp-block-heading has-text-align-center has-x-large-font-size\">Nous vous invitons \u00e0 d\u00e9couvrir notre collection et \u00e0 entreprendre un voyage vers une beaut\u00e9 radieuse et consciente.<\/h2>\n\n\n\n<div style=\"height:30px\" aria-hidden=\"true\" class=\"wp-block-spacer\"><\/div>\n\n\n\n<div class=\"wp-block-buttons is-content-justification-center is-layout-flex wp-container-core-buttons-is-layout-a89b3969 wp-block-buttons-is-layout-flex\">\n<div class=\"wp-block-button\"><a class=\"wp-block-button__link wp-element-button\" href=\"https:\/\/greenwellnessbeauty.com\/fr\/#categorie\">Nos produits<\/a><\/div>\n<\/div>\n<\/div>\n\n\n\n<div class=\"wp-block-column is-layout-flow wp-block-column-is-layout-flow\" style=\"flex-basis:25%\"><\/div>\n<\/div>\n\n\n\n<div style=\"height:var(--wp--preset--spacing--40)\" aria-hidden=\"true\" class=\"wp-block-spacer\"><\/div>\n<\/div><\/div>\n<\/div>","protected":false},"excerpt":{"rendered":"<p>\ud83c\udf3f A proposito di Green Wellness Beauty Benvenuti su Green Wellness Beauty, dove la bellezza incontra il benessere \ud83c\udf38 Crediamo che la vera bellezza nasca da scelte consapevoli, dal rispetto per la propria pelle e dall\u2019amore per la natura.La nostra missione \u00e8 offrirti una selezione curata di prodotti naturali e sicuri, scelti in base alla [&hellip;]<\/p>\n","protected":false},"author":1,"featured_media":0,"parent":0,"menu_order":0,"comment_status":"closed","ping_status":"closed","template":"page-no-title","meta":{"_editorskit_title_hidden":true,"_editorskit_reading_time":0,"_editorskit_is_block_options_detached":false,"_editorskit_block_options_position":"{}","footnotes":""},"class_list":["post-215","page","type-page","status-publish","hentry"],"yoast_head":"<!-- This site is optimized with the Yoast SEO plugin v27.4 - https:\/\/yoast.com\/product\/yoast-seo-wordpress\/ -->\n<title>Chi Siamo - Green Wellness Beauty<\/title>\n<meta name=\"robots\" content=\"index, follow, max-snippet:-1, max-image-preview:large, max-video-preview:-1\" \/>\n<link rel=\"canonical\" href=\"https:\/\/greenwellnessbeauty.com\/fr\/qui-nous-sommes\/\" \/>\n<meta property=\"og:locale\" content=\"fr_FR\" \/>\n<meta property=\"og:type\" content=\"article\" \/>\n<meta property=\"og:title\" content=\"Chi Siamo - Green Wellness Beauty\" \/>\n<meta property=\"og:description\" content=\"\ud83c\udf3f A proposito di Green Wellness Beauty Benvenuti su Green Wellness Beauty, dove la bellezza incontra il benessere \ud83c\udf38 Crediamo che la vera bellezza nasca da scelte consapevoli, dal rispetto per la propria pelle e dall\u2019amore per la natura.La nostra missione \u00e8 offrirti una selezione curata di prodotti naturali e sicuri, scelti in base alla [&hellip;]\" \/>\n<meta property=\"og:url\" content=\"https:\/\/greenwellnessbeauty.com\/fr\/qui-nous-sommes\/\" \/>\n<meta property=\"og:site_name\" content=\"Green Wellness Beauty\" \/>\n<meta property=\"article:modified_time\" content=\"2025-10-12T19:50:43+00:00\" \/>\n<meta property=\"og:image\" content=\"https:\/\/greenwellnessbeauty.com\/wp-content\/uploads\/2023\/11\/stones-1341224_1280.jpg\" \/>\n\t<meta property=\"og:image:width\" content=\"1280\" \/>\n\t<meta property=\"og:image:height\" content=\"853\" \/>\n\t<meta property=\"og:image:type\" content=\"image\/jpeg\" \/>\n<meta name=\"twitter:card\" content=\"summary_large_image\" \/>\n<meta name=\"twitter:label1\" content=\"Dur\u00e9e de lecture estim\u00e9e\" \/>\n\t<meta name=\"twitter:data1\" content=\"3 minutes\" \/>\n<script type=\"application\/ld+json\" class=\"yoast-schema-graph\">{\"@context\":\"https:\\\/\\\/schema.org\",\"@graph\":[{\"@type\":\"WebPage\",\"@id\":\"https:\\\/\\\/greenwellnessbeauty.com\\\/chi-siamo\\\/\",\"url\":\"https:\\\/\\\/greenwellnessbeauty.com\\\/chi-siamo\\\/\",\"name\":\"Chi Siamo - Green Wellness Beauty\",\"isPartOf\":{\"@id\":\"https:\\\/\\\/greenwellnessbeauty.com\\\/#website\"},\"primaryImageOfPage\":{\"@id\":\"https:\\\/\\\/greenwellnessbeauty.com\\\/chi-siamo\\\/#primaryimage\"},\"image\":{\"@id\":\"https:\\\/\\\/greenwellnessbeauty.com\\\/chi-siamo\\\/#primaryimage\"},\"thumbnailUrl\":\"https:\\\/\\\/greenwellnessbeauty.com\\\/wp-content\\\/uploads\\\/2023\\\/11\\\/stones-1341224_1280-1024x682.jpg\",\"datePublished\":\"2023-11-11T20:51:51+00:00\",\"dateModified\":\"2025-10-12T19:50:43+00:00\",\"breadcrumb\":{\"@id\":\"https:\\\/\\\/greenwellnessbeauty.com\\\/chi-siamo\\\/#breadcrumb\"},\"inLanguage\":\"fr-FR\",\"potentialAction\":[{\"@type\":\"ReadAction\",\"target\":[\"https:\\\/\\\/greenwellnessbeauty.com\\\/chi-siamo\\\/\"]}]},{\"@type\":\"ImageObject\",\"inLanguage\":\"fr-FR\",\"@id\":\"https:\\\/\\\/greenwellnessbeauty.com\\\/chi-siamo\\\/#primaryimage\",\"url\":\"https:\\\/\\\/greenwellnessbeauty.com\\\/wp-content\\\/uploads\\\/2023\\\/11\\\/stones-1341224_1280-1024x682.jpg\",\"contentUrl\":\"https:\\\/\\\/greenwellnessbeauty.com\\\/wp-content\\\/uploads\\\/2023\\\/11\\\/stones-1341224_1280-1024x682.jpg\"},{\"@type\":\"BreadcrumbList\",\"@id\":\"https:\\\/\\\/greenwellnessbeauty.com\\\/chi-siamo\\\/#breadcrumb\",\"itemListElement\":[{\"@type\":\"ListItem\",\"position\":1,\"name\":\"Home\",\"item\":\"https:\\\/\\\/greenwellnessbeauty.com\\\/\"},{\"@type\":\"ListItem\",\"position\":2,\"name\":\"Chi Siamo\"}]},{\"@type\":\"WebSite\",\"@id\":\"https:\\\/\\\/greenwellnessbeauty.com\\\/#website\",\"url\":\"https:\\\/\\\/greenwellnessbeauty.com\\\/\",\"name\":\"Green Wellness Beauty\",\"description\":\"Riscopri il benessere autentico: prodotti valutati positivamente da Yuka per una bellezza sicura e naturale.\",\"publisher\":{\"@id\":\"https:\\\/\\\/greenwellnessbeauty.com\\\/#\\\/schema\\\/person\\\/78392f21841425f9e8d8b2b34010b901\"},\"potentialAction\":[{\"@type\":\"SearchAction\",\"target\":{\"@type\":\"EntryPoint\",\"urlTemplate\":\"https:\\\/\\\/greenwellnessbeauty.com\\\/?s={search_term_string}\"},\"query-input\":{\"@type\":\"PropertyValueSpecification\",\"valueRequired\":true,\"valueName\":\"search_term_string\"}}],\"inLanguage\":\"fr-FR\"},{\"@type\":[\"Person\",\"Organization\"],\"@id\":\"https:\\\/\\\/greenwellnessbeauty.com\\\/#\\\/schema\\\/person\\\/78392f21841425f9e8d8b2b34010b901\",\"name\":\"daniele\",\"image\":{\"@type\":\"ImageObject\",\"inLanguage\":\"fr-FR\",\"@id\":\"https:\\\/\\\/greenwellnessbeauty.com\\\/wp-content\\\/uploads\\\/2023\\\/11\\\/Logo-grigio-stretto-1.jpg\",\"url\":\"https:\\\/\\\/greenwellnessbeauty.com\\\/wp-content\\\/uploads\\\/2023\\\/11\\\/Logo-grigio-stretto-1.jpg\",\"contentUrl\":\"https:\\\/\\\/greenwellnessbeauty.com\\\/wp-content\\\/uploads\\\/2023\\\/11\\\/Logo-grigio-stretto-1.jpg\",\"width\":2508,\"height\":772,\"caption\":\"daniele\"},\"logo\":{\"@id\":\"https:\\\/\\\/greenwellnessbeauty.com\\\/wp-content\\\/uploads\\\/2023\\\/11\\\/Logo-grigio-stretto-1.jpg\"},\"sameAs\":[\"http:\\\/\\\/devisdeswg.cluster028.hosting.ovh.net\"]}]}<\/script>\n<!-- \/ Yoast SEO plugin. -->","yoast_head_json":{"title":"\u00c0 propos de nous - Green Wellness Beauty","robots":{"index":"index","follow":"follow","max-snippet":"max-snippet:-1","max-image-preview":"max-image-preview:large","max-video-preview":"max-video-preview:-1"},"canonical":"https:\/\/greenwellnessbeauty.com\/fr\/qui-nous-sommes\/","og_locale":"fr_FR","og_type":"article","og_title":"Chi Siamo - Green Wellness Beauty","og_description":"\ud83c\udf3f A proposito di Green Wellness Beauty Benvenuti su Green Wellness Beauty, dove la bellezza incontra il benessere \ud83c\udf38 Crediamo che la vera bellezza nasca da scelte consapevoli, dal rispetto per la propria pelle e dall\u2019amore per la natura.La nostra missione \u00e8 offrirti una selezione curata di prodotti naturali e sicuri, scelti in base alla [&hellip;]","og_url":"https:\/\/greenwellnessbeauty.com\/fr\/qui-nous-sommes\/","og_site_name":"Green Wellness Beauty","article_modified_time":"2025-10-12T19:50:43+00:00","og_image":[{"width":1280,"height":853,"url":"https:\/\/greenwellnessbeauty.com\/wp-content\/uploads\/2023\/11\/stones-1341224_1280.jpg","type":"image\/jpeg"}],"twitter_card":"summary_large_image","twitter_misc":{"Dur\u00e9e de lecture estim\u00e9e":"3 minutes"},"schema":{"@context":"https:\/\/schema.org","@graph":[{"@type":"WebPage","@id":"https:\/\/greenwellnessbeauty.com\/chi-siamo\/","url":"https:\/\/greenwellnessbeauty.com\/chi-siamo\/","name":"\u00c0 propos de nous - Green Wellness Beauty","isPartOf":{"@id":"https:\/\/greenwellnessbeauty.com\/#website"},"primaryImageOfPage":{"@id":"https:\/\/greenwellnessbeauty.com\/chi-siamo\/#primaryimage"},"image":{"@id":"https:\/\/greenwellnessbeauty.com\/chi-siamo\/#primaryimage"},"thumbnailUrl":"https:\/\/greenwellnessbeauty.com\/wp-content\/uploads\/2023\/11\/stones-1341224_1280-1024x682.jpg","datePublished":"2023-11-11T20:51:51+00:00","dateModified":"2025-10-12T19:50:43+00:00","breadcrumb":{"@id":"https:\/\/greenwellnessbeauty.com\/chi-siamo\/#breadcrumb"},"inLanguage":"fr-FR","potentialAction":[{"@type":"ReadAction","target":["https:\/\/greenwellnessbeauty.com\/chi-siamo\/"]}]},{"@type":"ImageObject","inLanguage":"fr-FR","@id":"https:\/\/greenwellnessbeauty.com\/chi-siamo\/#primaryimage","url":"https:\/\/greenwellnessbeauty.com\/wp-content\/uploads\/2023\/11\/stones-1341224_1280-1024x682.jpg","contentUrl":"https:\/\/greenwellnessbeauty.com\/wp-content\/uploads\/2023\/11\/stones-1341224_1280-1024x682.jpg"},{"@type":"BreadcrumbList","@id":"https:\/\/greenwellnessbeauty.com\/chi-siamo\/#breadcrumb","itemListElement":[{"@type":"ListItem","position":1,"name":"Home","item":"https:\/\/greenwellnessbeauty.com\/"},{"@type":"ListItem","position":2,"name":"Chi Siamo"}]},{"@type":"WebSite","@id":"https:\/\/greenwellnessbeauty.com\/#website","url":"https:\/\/greenwellnessbeauty.com\/","name":"Green Wellness Beauty","description":"Red\u00e9couvrez un bien-\u00eatre authentique : les produits de Yuka, \u00e9valu\u00e9s positivement, pour une beaut\u00e9 s\u00fbre et naturelle.","publisher":{"@id":"https:\/\/greenwellnessbeauty.com\/#\/schema\/person\/78392f21841425f9e8d8b2b34010b901"},"potentialAction":[{"@type":"SearchAction","target":{"@type":"EntryPoint","urlTemplate":"https:\/\/greenwellnessbeauty.com\/?s={search_term_string}"},"query-input":{"@type":"PropertyValueSpecification","valueRequired":true,"valueName":"search_term_string"}}],"inLanguage":"fr-FR"},{"@type":["Person","Organization"],"@id":"https:\/\/greenwellnessbeauty.com\/#\/schema\/person\/78392f21841425f9e8d8b2b34010b901","name":"daniele","image":{"@type":"ImageObject","inLanguage":"fr-FR","@id":"https:\/\/greenwellnessbeauty.com\/wp-content\/uploads\/2023\/11\/Logo-grigio-stretto-1.jpg","url":"https:\/\/greenwellnessbeauty.com\/wp-content\/uploads\/2023\/11\/Logo-grigio-stretto-1.jpg","contentUrl":"https:\/\/greenwellnessbeauty.com\/wp-content\/uploads\/2023\/11\/Logo-grigio-stretto-1.jpg","width":2508,"height":772,"caption":"daniele"},"logo":{"@id":"https:\/\/greenwellnessbeauty.com\/wp-content\/uploads\/2023\/11\/Logo-grigio-stretto-1.jpg"},"sameAs":["http:\/\/devisdeswg.cluster028.hosting.ovh.net"]}]}},"_links":{"self":[{"href":"https:\/\/greenwellnessbeauty.com\/fr\/wp-json\/wp\/v2\/pages\/215","targetHints":{"allow":["GET"]}}],"collection":[{"href":"https:\/\/greenwellnessbeauty.com\/fr\/wp-json\/wp\/v2\/pages"}],"about":[{"href":"https:\/\/greenwellnessbeauty.com\/fr\/wp-json\/wp\/v2\/types\/page"}],"author":[{"embeddable":true,"href":"https:\/\/greenwellnessbeauty.com\/fr\/wp-json\/wp\/v2\/users\/1"}],"replies":[{"embeddable":true,"href":"https:\/\/greenwellnessbeauty.com\/fr\/wp-json\/wp\/v2\/comments?post=215"}],"version-history":[{"count":30,"href":"https:\/\/greenwellnessbeauty.com\/fr\/wp-json\/wp\/v2\/pages\/215\/revisions"}],"predecessor-version":[{"id":1008,"href":"https:\/\/greenwellnessbeauty.com\/fr\/wp-json\/wp\/v2\/pages\/215\/revisions\/1008"}],"wp:attachment":[{"href":"https:\/\/greenwellnessbeauty.com\/fr\/wp-json\/wp\/v2\/media?parent=215"}],"curies":[{"name":"wp","href":"https:\/\/api.w.org\/{rel}","templated":true}]}}