{"id":102,"date":"2023-11-11T16:02:30","date_gmt":"2023-11-11T15:02:30","guid":{"rendered":"https:\/\/greenwellnessbeauty.com\/?page_id=102"},"modified":"2025-02-09T15:25:33","modified_gmt":"2025-02-09T14:25:33","slug":"epilation","status":"publish","type":"page","link":"https:\/\/greenwellnessbeauty.com\/fr\/epilation\/","title":{"rendered":"\u00c9pilation"},"content":{"rendered":"<div class=\"wp-block-query alignwide is-layout-flow wp-block-query-is-layout-flow\">\n\n\n<div class=\"wp-block-group is-layout-flow wp-block-group-is-layout-flow\" style=\"margin-top:0;margin-bottom:0;padding-top:var(--wp--preset--spacing--50);padding-right:0;padding-bottom:var(--wp--preset--spacing--50);padding-left:0\"><ul class=\"columns-3 alignfull wp-block-post-template is-layout-grid wp-container-core-post-template-is-layout-2d080239 wp-block-post-template-is-layout-grid\"><li class=\"wp-block-post post-679 post type-post status-publish format-standard has-post-thumbnail hentry category-hair-removal\">\n<figure style=\"aspect-ratio:3\/4; padding-bottom:var(--wp--preset--spacing--20);margin-bottom:0;\" class=\"wp-block-post-featured-image\"><a href=\"https:\/\/greenwellnessbeauty.com\/fr\/creme-a-raser-figaro\/\" target=\"_self\"  ><img loading=\"lazy\" decoding=\"async\" width=\"928\" height=\"1157\" src=\"https:\/\/greenwellnessbeauty.com\/wp-content\/uploads\/2025\/02\/Figaro-Crema-da-Barba.jpg\" class=\"attachment-post-thumbnail size-post-thumbnail wp-post-image\" alt=\"Cr\u00e8me \u00e0 raser Figaro\" style=\"width:100%;height:100%;object-fit:cover;\" srcset=\"https:\/\/greenwellnessbeauty.com\/wp-content\/uploads\/2025\/02\/Figaro-Crema-da-Barba.jpg 928w, https:\/\/greenwellnessbeauty.com\/wp-content\/uploads\/2025\/02\/Figaro-Crema-da-Barba-241x300.jpg 241w, https:\/\/greenwellnessbeauty.com\/wp-content\/uploads\/2025\/02\/Figaro-Crema-da-Barba-821x1024.jpg 821w, https:\/\/greenwellnessbeauty.com\/wp-content\/uploads\/2025\/02\/Figaro-Crema-da-Barba-768x958.jpg 768w\" sizes=\"auto, (max-width: 928px) 100vw, 928px\" \/><\/a><\/figure>\n\n\n<div class=\"wp-block-group is-vertical is-nowrap is-layout-flex wp-container-core-group-is-layout-97ba36a5 wp-block-group-is-layout-flex\" style=\"margin-top:var(--wp--preset--spacing--20);padding-top:0\"><h2 class=\"wp-block-post-title has-large-font-size wp-container-content-32e3a40d\"><a href=\"https:\/\/greenwellnessbeauty.com\/fr\/creme-a-raser-figaro\/\" target=\"_self\" >Cr\u00e8me \u00e0 raser Figaro<\/a><\/h2>\n\n<div class=\"wp-block-post-excerpt has-text-color has-contrast-2-color has-small-font-size wp-container-content-32e3a40d\"><p class=\"wp-block-post-excerpt__excerpt\">Cr\u00e8me \u00e0 raser Figaro Original Classic pour les rasages fr\u00e9quents, parfum amande am\u00e8re, \u00e0 utiliser avec un blaireau - 6 x 150 ML <\/p><\/div>\n\n\n<div style=\"height:0px\" aria-hidden=\"true\" class=\"wp-block-spacer wp-container-content-32e3a40d\"><\/div>\n<\/div>\n\n<\/li><li class=\"wp-block-post post-676 post type-post status-publish format-standard has-post-thumbnail hentry category-hair-removal\">\n<figure style=\"aspect-ratio:3\/4; padding-bottom:var(--wp--preset--spacing--20);margin-bottom:0;\" class=\"wp-block-post-featured-image\"><a href=\"https:\/\/greenwellnessbeauty.com\/fr\/bandes-depilatoires-balea\/\" target=\"_self\"  ><img loading=\"lazy\" decoding=\"async\" width=\"1182\" height=\"1500\" src=\"https:\/\/greenwellnessbeauty.com\/wp-content\/uploads\/2025\/02\/81U-ri6rQ6L._AC_SL1500_.jpg\" class=\"attachment-post-thumbnail size-post-thumbnail wp-post-image\" alt=\"Balea Bandes d\u00e9pilatoires\" style=\"width:100%;height:100%;object-fit:cover;\" srcset=\"https:\/\/greenwellnessbeauty.com\/wp-content\/uploads\/2025\/02\/81U-ri6rQ6L._AC_SL1500_.jpg 1182w, https:\/\/greenwellnessbeauty.com\/wp-content\/uploads\/2025\/02\/81U-ri6rQ6L._AC_SL1500_-236x300.jpg 236w, https:\/\/greenwellnessbeauty.com\/wp-content\/uploads\/2025\/02\/81U-ri6rQ6L._AC_SL1500_-807x1024.jpg 807w, https:\/\/greenwellnessbeauty.com\/wp-content\/uploads\/2025\/02\/81U-ri6rQ6L._AC_SL1500_-768x975.jpg 768w\" sizes=\"auto, (max-width: 1182px) 100vw, 1182px\" \/><\/a><\/figure>\n\n\n<div class=\"wp-block-group is-vertical is-nowrap is-layout-flex wp-container-core-group-is-layout-97ba36a5 wp-block-group-is-layout-flex\" style=\"margin-top:var(--wp--preset--spacing--20);padding-top:0\"><h2 class=\"wp-block-post-title has-large-font-size wp-container-content-32e3a40d\"><a href=\"https:\/\/greenwellnessbeauty.com\/fr\/bandes-depilatoires-balea\/\" target=\"_self\" >Balea Bandes d\u00e9pilatoires<\/a><\/h2>\n\n<div class=\"wp-block-post-excerpt has-text-color has-contrast-2-color has-small-font-size wp-container-content-32e3a40d\"><p class=\"wp-block-post-excerpt__excerpt\">Balea Bandes d\u00e9pilatoires pour sourcils, 2 x 20 pi\u00e8ces <\/p><\/div>\n\n\n<div style=\"height:0px\" aria-hidden=\"true\" class=\"wp-block-spacer wp-container-content-32e3a40d\"><\/div>\n<\/div>\n\n<\/li><li class=\"wp-block-post post-673 post type-post status-publish format-standard has-post-thumbnail hentry category-hair-removal\">\n<figure style=\"aspect-ratio:3\/4; padding-bottom:var(--wp--preset--spacing--20);margin-bottom:0;\" class=\"wp-block-post-featured-image\"><a href=\"https:\/\/greenwellnessbeauty.com\/fr\/depilzero-creme-depilatoire-pour-hommes\/\" target=\"_self\"  ><img loading=\"lazy\" decoding=\"async\" width=\"525\" height=\"1500\" src=\"https:\/\/greenwellnessbeauty.com\/wp-content\/uploads\/2025\/02\/Depilzero-Crema-Depilatoria-Uomo-con-Aloe-Vera-Elimina-il-pelo-lasciando-la-pelle-Liscia-e-Morbida-200ml.jpg\" class=\"attachment-post-thumbnail size-post-thumbnail wp-post-image\" alt=\"Depilzero Cr\u00e8me d\u00e9pilatoire pour hommes\" style=\"width:100%;height:100%;object-fit:cover;\" srcset=\"https:\/\/greenwellnessbeauty.com\/wp-content\/uploads\/2025\/02\/Depilzero-Crema-Depilatoria-Uomo-con-Aloe-Vera-Elimina-il-pelo-lasciando-la-pelle-Liscia-e-Morbida-200ml.jpg 525w, https:\/\/greenwellnessbeauty.com\/wp-content\/uploads\/2025\/02\/Depilzero-Crema-Depilatoria-Uomo-con-Aloe-Vera-Elimina-il-pelo-lasciando-la-pelle-Liscia-e-Morbida-200ml-105x300.jpg 105w, https:\/\/greenwellnessbeauty.com\/wp-content\/uploads\/2025\/02\/Depilzero-Crema-Depilatoria-Uomo-con-Aloe-Vera-Elimina-il-pelo-lasciando-la-pelle-Liscia-e-Morbida-200ml-358x1024.jpg 358w\" sizes=\"auto, (max-width: 525px) 100vw, 525px\" \/><\/a><\/figure>\n\n\n<div class=\"wp-block-group is-vertical is-nowrap is-layout-flex wp-container-core-group-is-layout-97ba36a5 wp-block-group-is-layout-flex\" style=\"margin-top:var(--wp--preset--spacing--20);padding-top:0\"><h2 class=\"wp-block-post-title has-large-font-size wp-container-content-32e3a40d\"><a href=\"https:\/\/greenwellnessbeauty.com\/fr\/depilzero-creme-depilatoire-pour-hommes\/\" target=\"_self\" >Depilzero Cr\u00e8me d\u00e9pilatoire pour hommes<\/a><\/h2>\n\n<div class=\"wp-block-post-excerpt has-text-color has-contrast-2-color has-small-font-size wp-container-content-32e3a40d\"><p class=\"wp-block-post-excerpt__excerpt\">Depilzero - Cr\u00e8me d\u00e9pilatoire pour hommes, \u00e0 l'Aloe Vera, \u00e9limine les poils en laissant la peau lisse et douce, 200ml <\/p><\/div>\n\n\n<div style=\"height:0px\" aria-hidden=\"true\" class=\"wp-block-spacer wp-container-content-32e3a40d\"><\/div>\n<\/div>\n\n<\/li><\/ul>\n\n\n<div style=\"margin-top:0;margin-bottom:0;height:var(--wp--preset--spacing--40)\" aria-hidden=\"true\" class=\"wp-block-spacer\"><\/div>\n\n\n<\/div>\n<\/div>","protected":false},"excerpt":{"rendered":"","protected":false},"author":1,"featured_media":0,"parent":0,"menu_order":0,"comment_status":"closed","ping_status":"closed","template":"page-no-title","meta":{"_editorskit_title_hidden":false,"_editorskit_reading_time":0,"_editorskit_is_block_options_detached":false,"_editorskit_block_options_position":"{}","footnotes":""},"class_list":["post-102","page","type-page","status-publish","hentry"],"yoast_head":"<!-- This site is optimized with the Yoast SEO plugin v27.4 - https:\/\/yoast.com\/product\/yoast-seo-wordpress\/ -->\n<title>Depilazione - Green Wellness Beauty<\/title>\n<meta name=\"robots\" content=\"index, follow, max-snippet:-1, max-image-preview:large, max-video-preview:-1\" \/>\n<link rel=\"canonical\" href=\"https:\/\/greenwellnessbeauty.com\/fr\/epilation\/\" \/>\n<meta property=\"og:locale\" content=\"fr_FR\" \/>\n<meta property=\"og:type\" content=\"article\" \/>\n<meta property=\"og:title\" content=\"Depilazione - Green Wellness Beauty\" \/>\n<meta property=\"og:url\" content=\"https:\/\/greenwellnessbeauty.com\/fr\/epilation\/\" \/>\n<meta property=\"og:site_name\" content=\"Green Wellness Beauty\" \/>\n<meta property=\"article:modified_time\" content=\"2025-02-09T14:25:33+00:00\" \/>\n<meta name=\"twitter:card\" content=\"summary_large_image\" \/>\n<script type=\"application\/ld+json\" class=\"yoast-schema-graph\">{\"@context\":\"https:\\\/\\\/schema.org\",\"@graph\":[{\"@type\":\"WebPage\",\"@id\":\"https:\\\/\\\/greenwellnessbeauty.com\\\/depilazione\\\/\",\"url\":\"https:\\\/\\\/greenwellnessbeauty.com\\\/depilazione\\\/\",\"name\":\"Depilazione - Green Wellness Beauty\",\"isPartOf\":{\"@id\":\"https:\\\/\\\/greenwellnessbeauty.com\\\/#website\"},\"datePublished\":\"2023-11-11T15:02:30+00:00\",\"dateModified\":\"2025-02-09T14:25:33+00:00\",\"breadcrumb\":{\"@id\":\"https:\\\/\\\/greenwellnessbeauty.com\\\/depilazione\\\/#breadcrumb\"},\"inLanguage\":\"fr-FR\",\"potentialAction\":[{\"@type\":\"ReadAction\",\"target\":[\"https:\\\/\\\/greenwellnessbeauty.com\\\/depilazione\\\/\"]}]},{\"@type\":\"BreadcrumbList\",\"@id\":\"https:\\\/\\\/greenwellnessbeauty.com\\\/depilazione\\\/#breadcrumb\",\"itemListElement\":[{\"@type\":\"ListItem\",\"position\":1,\"name\":\"Home\",\"item\":\"https:\\\/\\\/greenwellnessbeauty.com\\\/\"},{\"@type\":\"ListItem\",\"position\":2,\"name\":\"Depilazione\"}]},{\"@type\":\"WebSite\",\"@id\":\"https:\\\/\\\/greenwellnessbeauty.com\\\/#website\",\"url\":\"https:\\\/\\\/greenwellnessbeauty.com\\\/\",\"name\":\"Green Wellness Beauty\",\"description\":\"Riscopri il benessere autentico: prodotti valutati positivamente da Yuka per una bellezza sicura e naturale.\",\"publisher\":{\"@id\":\"https:\\\/\\\/greenwellnessbeauty.com\\\/#\\\/schema\\\/person\\\/78392f21841425f9e8d8b2b34010b901\"},\"potentialAction\":[{\"@type\":\"SearchAction\",\"target\":{\"@type\":\"EntryPoint\",\"urlTemplate\":\"https:\\\/\\\/greenwellnessbeauty.com\\\/?s={search_term_string}\"},\"query-input\":{\"@type\":\"PropertyValueSpecification\",\"valueRequired\":true,\"valueName\":\"search_term_string\"}}],\"inLanguage\":\"fr-FR\"},{\"@type\":[\"Person\",\"Organization\"],\"@id\":\"https:\\\/\\\/greenwellnessbeauty.com\\\/#\\\/schema\\\/person\\\/78392f21841425f9e8d8b2b34010b901\",\"name\":\"daniele\",\"image\":{\"@type\":\"ImageObject\",\"inLanguage\":\"fr-FR\",\"@id\":\"https:\\\/\\\/greenwellnessbeauty.com\\\/wp-content\\\/uploads\\\/2023\\\/11\\\/Logo-grigio-stretto-1.jpg\",\"url\":\"https:\\\/\\\/greenwellnessbeauty.com\\\/wp-content\\\/uploads\\\/2023\\\/11\\\/Logo-grigio-stretto-1.jpg\",\"contentUrl\":\"https:\\\/\\\/greenwellnessbeauty.com\\\/wp-content\\\/uploads\\\/2023\\\/11\\\/Logo-grigio-stretto-1.jpg\",\"width\":2508,\"height\":772,\"caption\":\"daniele\"},\"logo\":{\"@id\":\"https:\\\/\\\/greenwellnessbeauty.com\\\/wp-content\\\/uploads\\\/2023\\\/11\\\/Logo-grigio-stretto-1.jpg\"},\"sameAs\":[\"http:\\\/\\\/devisdeswg.cluster028.hosting.ovh.net\"]}]}<\/script>\n<!-- \/ Yoast SEO plugin. -->","yoast_head_json":{"title":"\u00c9pilation - Green Wellness Beauty","robots":{"index":"index","follow":"follow","max-snippet":"max-snippet:-1","max-image-preview":"max-image-preview:large","max-video-preview":"max-video-preview:-1"},"canonical":"https:\/\/greenwellnessbeauty.com\/fr\/epilation\/","og_locale":"fr_FR","og_type":"article","og_title":"Depilazione - Green Wellness Beauty","og_url":"https:\/\/greenwellnessbeauty.com\/fr\/epilation\/","og_site_name":"Green Wellness Beauty","article_modified_time":"2025-02-09T14:25:33+00:00","twitter_card":"summary_large_image","schema":{"@context":"https:\/\/schema.org","@graph":[{"@type":"WebPage","@id":"https:\/\/greenwellnessbeauty.com\/depilazione\/","url":"https:\/\/greenwellnessbeauty.com\/depilazione\/","name":"\u00c9pilation - Green Wellness Beauty","isPartOf":{"@id":"https:\/\/greenwellnessbeauty.com\/#website"},"datePublished":"2023-11-11T15:02:30+00:00","dateModified":"2025-02-09T14:25:33+00:00","breadcrumb":{"@id":"https:\/\/greenwellnessbeauty.com\/depilazione\/#breadcrumb"},"inLanguage":"fr-FR","potentialAction":[{"@type":"ReadAction","target":["https:\/\/greenwellnessbeauty.com\/depilazione\/"]}]},{"@type":"BreadcrumbList","@id":"https:\/\/greenwellnessbeauty.com\/depilazione\/#breadcrumb","itemListElement":[{"@type":"ListItem","position":1,"name":"Home","item":"https:\/\/greenwellnessbeauty.com\/"},{"@type":"ListItem","position":2,"name":"Depilazione"}]},{"@type":"WebSite","@id":"https:\/\/greenwellnessbeauty.com\/#website","url":"https:\/\/greenwellnessbeauty.com\/","name":"Green Wellness Beauty","description":"Red\u00e9couvrez un bien-\u00eatre authentique : les produits de Yuka, \u00e9valu\u00e9s positivement, pour une beaut\u00e9 s\u00fbre et naturelle.","publisher":{"@id":"https:\/\/greenwellnessbeauty.com\/#\/schema\/person\/78392f21841425f9e8d8b2b34010b901"},"potentialAction":[{"@type":"SearchAction","target":{"@type":"EntryPoint","urlTemplate":"https:\/\/greenwellnessbeauty.com\/?s={search_term_string}"},"query-input":{"@type":"PropertyValueSpecification","valueRequired":true,"valueName":"search_term_string"}}],"inLanguage":"fr-FR"},{"@type":["Person","Organization"],"@id":"https:\/\/greenwellnessbeauty.com\/#\/schema\/person\/78392f21841425f9e8d8b2b34010b901","name":"daniele","image":{"@type":"ImageObject","inLanguage":"fr-FR","@id":"https:\/\/greenwellnessbeauty.com\/wp-content\/uploads\/2023\/11\/Logo-grigio-stretto-1.jpg","url":"https:\/\/greenwellnessbeauty.com\/wp-content\/uploads\/2023\/11\/Logo-grigio-stretto-1.jpg","contentUrl":"https:\/\/greenwellnessbeauty.com\/wp-content\/uploads\/2023\/11\/Logo-grigio-stretto-1.jpg","width":2508,"height":772,"caption":"daniele"},"logo":{"@id":"https:\/\/greenwellnessbeauty.com\/wp-content\/uploads\/2023\/11\/Logo-grigio-stretto-1.jpg"},"sameAs":["http:\/\/devisdeswg.cluster028.hosting.ovh.net"]}]}},"_links":{"self":[{"href":"https:\/\/greenwellnessbeauty.com\/fr\/wp-json\/wp\/v2\/pages\/102","targetHints":{"allow":["GET"]}}],"collection":[{"href":"https:\/\/greenwellnessbeauty.com\/fr\/wp-json\/wp\/v2\/pages"}],"about":[{"href":"https:\/\/greenwellnessbeauty.com\/fr\/wp-json\/wp\/v2\/types\/page"}],"author":[{"embeddable":true,"href":"https:\/\/greenwellnessbeauty.com\/fr\/wp-json\/wp\/v2\/users\/1"}],"replies":[{"embeddable":true,"href":"https:\/\/greenwellnessbeauty.com\/fr\/wp-json\/wp\/v2\/comments?post=102"}],"version-history":[{"count":3,"href":"https:\/\/greenwellnessbeauty.com\/fr\/wp-json\/wp\/v2\/pages\/102\/revisions"}],"predecessor-version":[{"id":682,"href":"https:\/\/greenwellnessbeauty.com\/fr\/wp-json\/wp\/v2\/pages\/102\/revisions\/682"}],"wp:attachment":[{"href":"https:\/\/greenwellnessbeauty.com\/fr\/wp-json\/wp\/v2\/media?parent=102"}],"curies":[{"name":"wp","href":"https:\/\/api.w.org\/{rel}","templated":true}]}}