{"id":981,"date":"2025-10-12T20:58:28","date_gmt":"2025-10-12T18:58:28","guid":{"rendered":"https:\/\/greenwellnessbeauty.com\/?page_id=981"},"modified":"2026-01-07T20:49:11","modified_gmt":"2026-01-07T19:49:11","slug":"como-seleccionamos-los-productos-en-green-wellness-beauty","status":"publish","type":"page","link":"https:\/\/greenwellnessbeauty.com\/es\/como-seleccionamos-los-productos-en-green-wellness-beauty\/","title":{"rendered":"C\u00f3mo seleccionamos los productos en Green Wellness Beauty"},"content":{"rendered":"<div class=\"wp-block-group alignwide has-global-padding is-layout-constrained wp-container-core-group-is-layout-bea02a06 wp-block-group-is-layout-constrained\">\n<h1 class=\"wp-block-heading has-text-align-center\"><strong>C\u00f3mo funciona<\/strong> \ud83c\udf3f <\/h1>\n\n\n\n<div style=\"margin-top:var(--wp--preset--spacing--30);margin-bottom:var(--wp--preset--spacing--30);height:var(--wp--preset--spacing--30)\" aria-hidden=\"true\" class=\"wp-block-spacer\"><\/div>\n\n\n\n<h2 class=\"wp-block-heading has-text-align-center\">\ud83d\udc9a Nuestro m\u00e9todo de selecci\u00f3n<\/h2>\n\n\n\n<p class=\"has-text-align-center\">En <em>Green Wellness Beauty<\/em> Creemos que la belleza nunca debe comprometer la salud ni el medio ambiente. Por eso, cada producto que ve en nuestro sitio web se elige cuidadosamente mediante un proceso transparente que combina <strong>an\u00e1lisis objetivo, competencia y sensibilidad \u00e9tica<\/strong>.<\/p>\n\n\n\n<div style=\"margin-top:var(--wp--preset--spacing--30);margin-bottom:var(--wp--preset--spacing--30);height:var(--wp--preset--spacing--30)\" aria-hidden=\"true\" class=\"wp-block-spacer\"><\/div>\n\n\n\n<h2 class=\"wp-block-heading has-text-align-center\">\ud83d\udd0d 1. Analicemos la puntuaci\u00f3n Yuka<\/h2>\n\n\n\n<p class=\"has-text-align-center\">El primer paso es la verificaci\u00f3n mediante <strong>Yuka<\/strong>, una aplicaci\u00f3n independiente que eval\u00faa los productos en funci\u00f3n del <strong>composici\u00f3n de los ingredientes<\/strong>. S\u00f3lo tenemos en cuenta los cosm\u00e9ticos con una puntuaci\u00f3n de <strong>\u201cBueno\u201d o \u201cExcelente\u201d<\/strong>, porque representan altos niveles de seguridad y calidad.<\/p>\n\n\n\n<blockquote class=\"wp-block-quote is-layout-flow wp-block-quote-is-layout-flow\">\n<p class=\"has-text-align-center has-large-font-size\">\ud83d\udca1 <em>Nota importante:<\/em> Green Wellness Beauty no est\u00e1 afiliada a Yuka SAS ni cuenta con su aprobaci\u00f3n.<br>Utilizamos las puntuaciones Yuka como <strong>informaci\u00f3n de referencia<\/strong>, para ayudarle a elegir con m\u00e1s conocimiento de causa.<\/p>\n<\/blockquote>\n\n\n\n<div style=\"margin-top:var(--wp--preset--spacing--30);margin-bottom:var(--wp--preset--spacing--30);height:var(--wp--preset--spacing--30)\" aria-hidden=\"true\" class=\"wp-block-spacer\"><\/div>\n\n\n\n<h2 class=\"wp-block-heading has-text-align-center\">\ud83e\uddf4 2. Seleccionamos los productos m\u00e1s eficaces y asequibles<\/h2>\n\n\n\n<p class=\"has-text-align-center\">Entre los productos que superan nuestros criterios, elegimos los que ofrecen:<\/p>\n\n\n\n<ul class=\"wp-block-list\">\n<li><strong>excelente relaci\u00f3n calidad-precio<\/strong><\/li>\n\n\n\n<li><strong>f\u00e1cil disponibilidad<\/strong> (principalmente en Amazon o en socios italianos de confianza)<\/li>\n\n\n\n<li><strong>comentarios realmente positivos<\/strong> por quienes ya los han probado<\/li>\n<\/ul>\n\n\n\n<p class=\"has-text-align-center\">\ud83d\udc9a De esta forma te ofrecemos <strong>s\u00f3lo lo que tambi\u00e9n utilizar\u00edamos<\/strong>.<\/p>\n\n\n\n<div style=\"margin-top:var(--wp--preset--spacing--30);margin-bottom:var(--wp--preset--spacing--30);height:var(--wp--preset--spacing--30)\" aria-hidden=\"true\" class=\"wp-block-spacer\"><\/div>\n\n\n\n<h2 class=\"wp-block-heading has-text-align-center\">\ud83d\udcac 3. Te acompa\u00f1amos en tu elecci\u00f3n<\/h2>\n\n\n\n<p class=\"has-text-align-center\">Nuestro objetivo es simplificar su b\u00fasqueda. En cada p\u00e1gina encontrar\u00e1:<\/p>\n\n\n\n<ul class=\"wp-block-list\">\n<li>a <strong>descripci\u00f3n clara del producto<\/strong>, con ventajas y recomendaciones de uso<\/li>\n\n\n\n<li>a <strong>enlace directo al distribuidor oficial<\/strong> para una compra segura<\/li>\n<\/ul>\n\n\n\n<p class=\"has-text-align-center\">Para que pueda elegir con tranquilidad, informaci\u00f3n y transparencia.<\/p>\n\n\n\n<div style=\"margin-top:var(--wp--preset--spacing--30);margin-bottom:var(--wp--preset--spacing--30);height:var(--wp--preset--spacing--30)\" aria-hidden=\"true\" class=\"wp-block-spacer\"><\/div>\n\n\n\n<h2 class=\"wp-block-heading has-text-align-center\">\u2696\ufe0f 4. Independencia y transparencia<\/h2>\n\n\n\n<p class=\"has-text-align-center\">Green Wellness Beauty <strong>no recibe ninguna remuneraci\u00f3n directa de las marcas<\/strong> para incluir productos.<br>Participamos en el <strong>Programa de afiliaci\u00f3n de Amazon UE<\/strong> y otros programas \u00e9ticos de afiliaci\u00f3n: esto significa que si realiza una compra a trav\u00e9s de nuestros enlaces, es posible que recibamos una peque\u00f1a comisi\u00f3n que nos ayuda a mantener activo el sitio - <strong>sin coste adicional para usted.<\/strong><\/p>\n\n\n\n<blockquote class=\"wp-block-quote is-layout-flow wp-block-quote-is-layout-flow\">\n<p class=\"has-text-align-center\">Nuestra prioridad sigue siendo la independencia y la honradez:<br>S\u00f3lo revisamos los productos que cumplen nuestros criterios de seguridad y calidad.<\/p>\n<\/blockquote>\n\n\n\n<div style=\"margin-top:var(--wp--preset--spacing--30);margin-bottom:var(--wp--preset--spacing--30);height:var(--wp--preset--spacing--30)\" aria-hidden=\"true\" class=\"wp-block-spacer\"><\/div>\n\n\n\n<h2 class=\"wp-block-heading has-text-align-center\">Nuestra misi\u00f3n<\/h2>\n\n\n\n<p class=\"has-text-align-center\">Queremos que Green Wellness Beauty se convierta en su <strong>punto de referencia para una belleza segura y consciente<\/strong>. No s\u00f3lo una lista de productos, sino <strong>gu\u00eda de confianza<\/strong> que te acompa\u00f1a paso a paso en la creaci\u00f3n de una rutina natural, sostenible y en armon\u00eda con tu cuerpo.<\/p>\n\n\n\n<blockquote class=\"wp-block-quote is-layout-flow wp-block-quote-is-layout-flow\">\n<p class=\"has-text-align-center\">\ud83d\udc9a <em>Descubra nuestros productos seleccionados con excelentes valoraciones de Yuka:<\/em><br><\/p>\n\n\n\n<div class=\"wp-block-buttons is-content-justification-center is-layout-flex wp-container-core-buttons-is-layout-a89b3969 wp-block-buttons-is-layout-flex\">\n<div class=\"wp-block-button\"><a class=\"wp-block-button__link has-text-align-center wp-element-button\" href=\"https:\/\/greenwellnessbeauty.com\/es\/#categorie\">Explora las categor\u00edas \u2192<\/a><\/div>\n<\/div>\n<\/blockquote>\n\n\n\n<div style=\"margin-top:var(--wp--preset--spacing--30);margin-bottom:var(--wp--preset--spacing--30);height:var(--wp--preset--spacing--30)\" aria-hidden=\"true\" class=\"wp-block-spacer\"><\/div>\n<\/div>","protected":false},"excerpt":{"rendered":"<p>Come funziona \ud83c\udf3f \ud83d\udc9a Il nostro metodo di selezione Su Green Wellness Beauty crediamo che la bellezza non debba mai compromettere la salute o l\u2019ambiente. Per questo ogni prodotto che vedi sul nostro sito \u00e8 scelto con cura, attraverso un processo trasparente che unisce analisi oggettiva, competenza e sensibilit\u00e0 etica. \ud83d\udd0d 1. Analizziamo il punteggio [&hellip;]<\/p>\n","protected":false},"author":1,"featured_media":0,"parent":0,"menu_order":0,"comment_status":"closed","ping_status":"closed","template":"","meta":{"_editorskit_title_hidden":true,"_editorskit_reading_time":0,"_editorskit_is_block_options_detached":false,"_editorskit_block_options_position":"{}","footnotes":""},"class_list":["post-981","page","type-page","status-publish","hentry"],"yoast_head":"<!-- This site is optimized with the Yoast SEO plugin v27.4 - https:\/\/yoast.com\/product\/yoast-seo-wordpress\/ -->\n<title>Come selezioniamo i prodotti su Green Wellness Beauty - Green Wellness Beauty<\/title>\n<meta name=\"robots\" content=\"index, follow, max-snippet:-1, max-image-preview:large, max-video-preview:-1\" \/>\n<link rel=\"canonical\" href=\"https:\/\/greenwellnessbeauty.com\/es\/como-seleccionamos-los-productos-en-green-wellness-beauty\/\" \/>\n<meta property=\"og:locale\" content=\"es_ES\" \/>\n<meta property=\"og:type\" content=\"article\" \/>\n<meta property=\"og:title\" content=\"Come selezioniamo i prodotti su Green Wellness Beauty - Green Wellness Beauty\" \/>\n<meta property=\"og:description\" content=\"Come funziona \ud83c\udf3f \ud83d\udc9a Il nostro metodo di selezione Su Green Wellness Beauty crediamo che la bellezza non debba mai compromettere la salute o l\u2019ambiente. Per questo ogni prodotto che vedi sul nostro sito \u00e8 scelto con cura, attraverso un processo trasparente che unisce analisi oggettiva, competenza e sensibilit\u00e0 etica. \ud83d\udd0d 1. Analizziamo il punteggio [&hellip;]\" \/>\n<meta property=\"og:url\" content=\"https:\/\/greenwellnessbeauty.com\/es\/como-seleccionamos-los-productos-en-green-wellness-beauty\/\" \/>\n<meta property=\"og:site_name\" content=\"Green Wellness Beauty\" \/>\n<meta property=\"article:modified_time\" content=\"2026-01-07T19:49:11+00:00\" \/>\n<meta name=\"twitter:card\" content=\"summary_large_image\" \/>\n<meta name=\"twitter:label1\" content=\"Tiempo de lectura\" \/>\n\t<meta name=\"twitter:data1\" content=\"2 minutos\" \/>\n<script type=\"application\/ld+json\" class=\"yoast-schema-graph\">{\"@context\":\"https:\\\/\\\/schema.org\",\"@graph\":[{\"@type\":\"WebPage\",\"@id\":\"https:\\\/\\\/greenwellnessbeauty.com\\\/come-selezioniamo-i-prodotti-su-green-wellness-beauty\\\/\",\"url\":\"https:\\\/\\\/greenwellnessbeauty.com\\\/come-selezioniamo-i-prodotti-su-green-wellness-beauty\\\/\",\"name\":\"Come selezioniamo i prodotti su Green Wellness Beauty - Green Wellness Beauty\",\"isPartOf\":{\"@id\":\"https:\\\/\\\/greenwellnessbeauty.com\\\/#website\"},\"datePublished\":\"2025-10-12T18:58:28+00:00\",\"dateModified\":\"2026-01-07T19:49:11+00:00\",\"breadcrumb\":{\"@id\":\"https:\\\/\\\/greenwellnessbeauty.com\\\/come-selezioniamo-i-prodotti-su-green-wellness-beauty\\\/#breadcrumb\"},\"inLanguage\":\"es\",\"potentialAction\":[{\"@type\":\"ReadAction\",\"target\":[\"https:\\\/\\\/greenwellnessbeauty.com\\\/come-selezioniamo-i-prodotti-su-green-wellness-beauty\\\/\"]}]},{\"@type\":\"BreadcrumbList\",\"@id\":\"https:\\\/\\\/greenwellnessbeauty.com\\\/come-selezioniamo-i-prodotti-su-green-wellness-beauty\\\/#breadcrumb\",\"itemListElement\":[{\"@type\":\"ListItem\",\"position\":1,\"name\":\"Home\",\"item\":\"https:\\\/\\\/greenwellnessbeauty.com\\\/\"},{\"@type\":\"ListItem\",\"position\":2,\"name\":\"Come selezioniamo i prodotti su Green Wellness Beauty\"}]},{\"@type\":\"WebSite\",\"@id\":\"https:\\\/\\\/greenwellnessbeauty.com\\\/#website\",\"url\":\"https:\\\/\\\/greenwellnessbeauty.com\\\/\",\"name\":\"Green Wellness Beauty\",\"description\":\"Riscopri il benessere autentico: prodotti valutati positivamente da Yuka per una bellezza sicura e naturale.\",\"publisher\":{\"@id\":\"https:\\\/\\\/greenwellnessbeauty.com\\\/#\\\/schema\\\/person\\\/78392f21841425f9e8d8b2b34010b901\"},\"potentialAction\":[{\"@type\":\"SearchAction\",\"target\":{\"@type\":\"EntryPoint\",\"urlTemplate\":\"https:\\\/\\\/greenwellnessbeauty.com\\\/?s={search_term_string}\"},\"query-input\":{\"@type\":\"PropertyValueSpecification\",\"valueRequired\":true,\"valueName\":\"search_term_string\"}}],\"inLanguage\":\"es\"},{\"@type\":[\"Person\",\"Organization\"],\"@id\":\"https:\\\/\\\/greenwellnessbeauty.com\\\/#\\\/schema\\\/person\\\/78392f21841425f9e8d8b2b34010b901\",\"name\":\"daniele\",\"image\":{\"@type\":\"ImageObject\",\"inLanguage\":\"es\",\"@id\":\"https:\\\/\\\/greenwellnessbeauty.com\\\/wp-content\\\/uploads\\\/2023\\\/11\\\/Logo-grigio-stretto-1.jpg\",\"url\":\"https:\\\/\\\/greenwellnessbeauty.com\\\/wp-content\\\/uploads\\\/2023\\\/11\\\/Logo-grigio-stretto-1.jpg\",\"contentUrl\":\"https:\\\/\\\/greenwellnessbeauty.com\\\/wp-content\\\/uploads\\\/2023\\\/11\\\/Logo-grigio-stretto-1.jpg\",\"width\":2508,\"height\":772,\"caption\":\"daniele\"},\"logo\":{\"@id\":\"https:\\\/\\\/greenwellnessbeauty.com\\\/wp-content\\\/uploads\\\/2023\\\/11\\\/Logo-grigio-stretto-1.jpg\"},\"sameAs\":[\"http:\\\/\\\/devisdeswg.cluster028.hosting.ovh.net\"]}]}<\/script>\n<!-- \/ Yoast SEO plugin. -->","yoast_head_json":{"title":"C\u00f3mo seleccionamos los productos en Green Wellness Beauty - Green Wellness Beauty","robots":{"index":"index","follow":"follow","max-snippet":"max-snippet:-1","max-image-preview":"max-image-preview:large","max-video-preview":"max-video-preview:-1"},"canonical":"https:\/\/greenwellnessbeauty.com\/es\/como-seleccionamos-los-productos-en-green-wellness-beauty\/","og_locale":"es_ES","og_type":"article","og_title":"Come selezioniamo i prodotti su Green Wellness Beauty - Green Wellness Beauty","og_description":"Come funziona \ud83c\udf3f \ud83d\udc9a Il nostro metodo di selezione Su Green Wellness Beauty crediamo che la bellezza non debba mai compromettere la salute o l\u2019ambiente. Per questo ogni prodotto che vedi sul nostro sito \u00e8 scelto con cura, attraverso un processo trasparente che unisce analisi oggettiva, competenza e sensibilit\u00e0 etica. \ud83d\udd0d 1. Analizziamo il punteggio [&hellip;]","og_url":"https:\/\/greenwellnessbeauty.com\/es\/como-seleccionamos-los-productos-en-green-wellness-beauty\/","og_site_name":"Green Wellness Beauty","article_modified_time":"2026-01-07T19:49:11+00:00","twitter_card":"summary_large_image","twitter_misc":{"Tiempo de lectura":"2 minutos"},"schema":{"@context":"https:\/\/schema.org","@graph":[{"@type":"WebPage","@id":"https:\/\/greenwellnessbeauty.com\/come-selezioniamo-i-prodotti-su-green-wellness-beauty\/","url":"https:\/\/greenwellnessbeauty.com\/come-selezioniamo-i-prodotti-su-green-wellness-beauty\/","name":"C\u00f3mo seleccionamos los productos en Green Wellness Beauty - Green Wellness Beauty","isPartOf":{"@id":"https:\/\/greenwellnessbeauty.com\/#website"},"datePublished":"2025-10-12T18:58:28+00:00","dateModified":"2026-01-07T19:49:11+00:00","breadcrumb":{"@id":"https:\/\/greenwellnessbeauty.com\/come-selezioniamo-i-prodotti-su-green-wellness-beauty\/#breadcrumb"},"inLanguage":"es","potentialAction":[{"@type":"ReadAction","target":["https:\/\/greenwellnessbeauty.com\/come-selezioniamo-i-prodotti-su-green-wellness-beauty\/"]}]},{"@type":"BreadcrumbList","@id":"https:\/\/greenwellnessbeauty.com\/come-selezioniamo-i-prodotti-su-green-wellness-beauty\/#breadcrumb","itemListElement":[{"@type":"ListItem","position":1,"name":"Home","item":"https:\/\/greenwellnessbeauty.com\/"},{"@type":"ListItem","position":2,"name":"Come selezioniamo i prodotti su Green Wellness Beauty"}]},{"@type":"WebSite","@id":"https:\/\/greenwellnessbeauty.com\/#website","url":"https:\/\/greenwellnessbeauty.com\/","name":"Green Wellness Beauty","description":"Redescubra el aut\u00e9ntico bienestar: los productos de Yuka, valorados positivamente, para una belleza segura y natural.","publisher":{"@id":"https:\/\/greenwellnessbeauty.com\/#\/schema\/person\/78392f21841425f9e8d8b2b34010b901"},"potentialAction":[{"@type":"SearchAction","target":{"@type":"EntryPoint","urlTemplate":"https:\/\/greenwellnessbeauty.com\/?s={search_term_string}"},"query-input":{"@type":"PropertyValueSpecification","valueRequired":true,"valueName":"search_term_string"}}],"inLanguage":"es"},{"@type":["Person","Organization"],"@id":"https:\/\/greenwellnessbeauty.com\/#\/schema\/person\/78392f21841425f9e8d8b2b34010b901","name":"daniele","image":{"@type":"ImageObject","inLanguage":"es","@id":"https:\/\/greenwellnessbeauty.com\/wp-content\/uploads\/2023\/11\/Logo-grigio-stretto-1.jpg","url":"https:\/\/greenwellnessbeauty.com\/wp-content\/uploads\/2023\/11\/Logo-grigio-stretto-1.jpg","contentUrl":"https:\/\/greenwellnessbeauty.com\/wp-content\/uploads\/2023\/11\/Logo-grigio-stretto-1.jpg","width":2508,"height":772,"caption":"daniele"},"logo":{"@id":"https:\/\/greenwellnessbeauty.com\/wp-content\/uploads\/2023\/11\/Logo-grigio-stretto-1.jpg"},"sameAs":["http:\/\/devisdeswg.cluster028.hosting.ovh.net"]}]}},"_links":{"self":[{"href":"https:\/\/greenwellnessbeauty.com\/es\/wp-json\/wp\/v2\/pages\/981","targetHints":{"allow":["GET"]}}],"collection":[{"href":"https:\/\/greenwellnessbeauty.com\/es\/wp-json\/wp\/v2\/pages"}],"about":[{"href":"https:\/\/greenwellnessbeauty.com\/es\/wp-json\/wp\/v2\/types\/page"}],"author":[{"embeddable":true,"href":"https:\/\/greenwellnessbeauty.com\/es\/wp-json\/wp\/v2\/users\/1"}],"replies":[{"embeddable":true,"href":"https:\/\/greenwellnessbeauty.com\/es\/wp-json\/wp\/v2\/comments?post=981"}],"version-history":[{"count":7,"href":"https:\/\/greenwellnessbeauty.com\/es\/wp-json\/wp\/v2\/pages\/981\/revisions"}],"predecessor-version":[{"id":1067,"href":"https:\/\/greenwellnessbeauty.com\/es\/wp-json\/wp\/v2\/pages\/981\/revisions\/1067"}],"wp:attachment":[{"href":"https:\/\/greenwellnessbeauty.com\/es\/wp-json\/wp\/v2\/media?parent=981"}],"curies":[{"name":"wp","href":"https:\/\/api.w.org\/{rel}","templated":true}]}}