{"id":94,"date":"2023-11-11T16:00:32","date_gmt":"2023-11-11T15:00:32","guid":{"rendered":"https:\/\/greenwellnessbeauty.com\/?page_id=94"},"modified":"2025-01-17T23:59:12","modified_gmt":"2025-01-17T22:59:12","slug":"higiene-intima","status":"publish","type":"page","link":"https:\/\/greenwellnessbeauty.com\/es\/higiene-intima\/","title":{"rendered":"Higiene \u00edntima"},"content":{"rendered":"<div class=\"wp-block-query alignwide is-layout-flow wp-block-query-is-layout-flow\">\n\n\n<div class=\"wp-block-group is-layout-flow wp-block-group-is-layout-flow\" style=\"margin-top:0;margin-bottom:0;padding-top:var(--wp--preset--spacing--50);padding-right:0;padding-bottom:var(--wp--preset--spacing--50);padding-left:0\"><ul class=\"columns-3 alignfull wp-block-post-template is-layout-grid wp-container-core-post-template-is-layout-2d080239 wp-block-post-template-is-layout-grid\"><li class=\"wp-block-post post-585 post type-post status-publish format-standard has-post-thumbnail hentry category-personal-care\">\n<figure style=\"aspect-ratio:3\/4; padding-bottom:var(--wp--preset--spacing--20);margin-bottom:0;\" class=\"wp-block-post-featured-image\"><a href=\"https:\/\/greenwellnessbeauty.com\/es\/nivea-intima\/\" target=\"_self\"  ><img loading=\"lazy\" decoding=\"async\" width=\"691\" height=\"1500\" src=\"https:\/\/greenwellnessbeauty.com\/wp-content\/uploads\/2025\/01\/Nivea-Intimo.jpg\" class=\"attachment-post-thumbnail size-post-thumbnail wp-post-image\" alt=\"Nivea \u00cdntimo\" style=\"width:100%;height:100%;object-fit:cover;\" srcset=\"https:\/\/greenwellnessbeauty.com\/wp-content\/uploads\/2025\/01\/Nivea-Intimo.jpg 691w, https:\/\/greenwellnessbeauty.com\/wp-content\/uploads\/2025\/01\/Nivea-Intimo-138x300.jpg 138w, https:\/\/greenwellnessbeauty.com\/wp-content\/uploads\/2025\/01\/Nivea-Intimo-472x1024.jpg 472w\" sizes=\"auto, (max-width: 691px) 100vw, 691px\" \/><\/a><\/figure>\n\n\n<div class=\"wp-block-group is-vertical is-nowrap is-layout-flex wp-container-core-group-is-layout-97ba36a5 wp-block-group-is-layout-flex\" style=\"margin-top:var(--wp--preset--spacing--20);padding-top:0\"><h2 class=\"wp-block-post-title has-large-font-size wp-container-content-32e3a40d\"><a href=\"https:\/\/greenwellnessbeauty.com\/es\/nivea-intima\/\" target=\"_self\" >Nivea \u00cdntimo<\/a><\/h2>\n\n<div class=\"wp-block-post-excerpt has-text-color has-contrast-2-color has-small-font-size wp-container-content-32e3a40d\"><p class=\"wp-block-post-excerpt__excerpt\">Nivea Intimate Aqua Aloe Mousse Limpiadora e Hidratante, 250 ml <\/p><\/div>\n\n\n<div style=\"height:0px\" aria-hidden=\"true\" class=\"wp-block-spacer wp-container-content-32e3a40d\"><\/div>\n<\/div>\n\n<\/li><li class=\"wp-block-post post-580 post type-post status-publish format-standard has-post-thumbnail hentry category-personal-care\">\n<figure style=\"aspect-ratio:3\/4; padding-bottom:var(--wp--preset--spacing--20);margin-bottom:0;\" class=\"wp-block-post-featured-image\"><a href=\"https:\/\/greenwellnessbeauty.com\/es\/venus-2\/\" target=\"_self\"  ><img loading=\"lazy\" decoding=\"async\" width=\"735\" height=\"1500\" src=\"https:\/\/greenwellnessbeauty.com\/wp-content\/uploads\/2025\/01\/Venus-2.jpg\" class=\"attachment-post-thumbnail size-post-thumbnail wp-post-image\" alt=\"Venus\" style=\"width:100%;height:100%;object-fit:cover;\" srcset=\"https:\/\/greenwellnessbeauty.com\/wp-content\/uploads\/2025\/01\/Venus-2.jpg 735w, https:\/\/greenwellnessbeauty.com\/wp-content\/uploads\/2025\/01\/Venus-2-147x300.jpg 147w, https:\/\/greenwellnessbeauty.com\/wp-content\/uploads\/2025\/01\/Venus-2-502x1024.jpg 502w\" sizes=\"auto, (max-width: 735px) 100vw, 735px\" \/><\/a><\/figure>\n\n\n<div class=\"wp-block-group is-vertical is-nowrap is-layout-flex wp-container-core-group-is-layout-97ba36a5 wp-block-group-is-layout-flex\" style=\"margin-top:var(--wp--preset--spacing--20);padding-top:0\"><h2 class=\"wp-block-post-title has-large-font-size wp-container-content-32e3a40d\"><a href=\"https:\/\/greenwellnessbeauty.com\/es\/venus-2\/\" target=\"_self\" >Venus<\/a><\/h2>\n\n<div class=\"wp-block-post-excerpt has-text-color has-contrast-2-color has-small-font-size wp-container-content-32e3a40d\"><p class=\"wp-block-post-excerpt__excerpt\">Venus Calmante \u00cdntimo con Extracto de Camomila - 200 ml <\/p><\/div>\n\n\n<div style=\"height:0px\" aria-hidden=\"true\" class=\"wp-block-spacer wp-container-content-32e3a40d\"><\/div>\n<\/div>\n\n<\/li><li class=\"wp-block-post post-576 post type-post status-publish format-standard has-post-thumbnail hentry category-personal-care\">\n<figure style=\"aspect-ratio:3\/4; padding-bottom:var(--wp--preset--spacing--20);margin-bottom:0;\" class=\"wp-block-post-featured-image\"><a href=\"https:\/\/greenwellnessbeauty.com\/es\/omia\/\" target=\"_self\"  ><img loading=\"lazy\" decoding=\"async\" width=\"482\" height=\"1428\" src=\"https:\/\/greenwellnessbeauty.com\/wp-content\/uploads\/2025\/01\/Omia.jpg\" class=\"attachment-post-thumbnail size-post-thumbnail wp-post-image\" alt=\"Omia\" style=\"width:100%;height:100%;object-fit:cover;\" srcset=\"https:\/\/greenwellnessbeauty.com\/wp-content\/uploads\/2025\/01\/Omia.jpg 482w, https:\/\/greenwellnessbeauty.com\/wp-content\/uploads\/2025\/01\/Omia-101x300.jpg 101w, https:\/\/greenwellnessbeauty.com\/wp-content\/uploads\/2025\/01\/Omia-346x1024.jpg 346w\" sizes=\"auto, (max-width: 482px) 100vw, 482px\" \/><\/a><\/figure>\n\n\n<div class=\"wp-block-group is-vertical is-nowrap is-layout-flex wp-container-core-group-is-layout-97ba36a5 wp-block-group-is-layout-flex\" style=\"margin-top:var(--wp--preset--spacing--20);padding-top:0\"><h2 class=\"wp-block-post-title has-large-font-size wp-container-content-32e3a40d\"><a href=\"https:\/\/greenwellnessbeauty.com\/es\/omia\/\" target=\"_self\" >Omia<\/a><\/h2>\n\n<div class=\"wp-block-post-excerpt has-text-color has-contrast-2-color has-small-font-size wp-container-content-32e3a40d\"><p class=\"wp-block-post-excerpt__excerpt\">Jab\u00f3n \u00cdntimo Eco Bio Ph 4.5 Calendula Officinale, Limpiador \u00cdntimo con Acci\u00f3n Refrescante y Suavizante - Indicado para Mujeres y Ni\u00f1as - Dermatol\u00f3gicamente Testado, Sin N\u00edquel - 250 ml <\/p><\/div>\n\n\n<div style=\"height:0px\" aria-hidden=\"true\" class=\"wp-block-spacer wp-container-content-32e3a40d\"><\/div>\n<\/div>\n\n<\/li><li class=\"wp-block-post post-572 post type-post status-publish format-standard has-post-thumbnail hentry category-personal-care\">\n<figure style=\"aspect-ratio:3\/4; padding-bottom:var(--wp--preset--spacing--20);margin-bottom:0;\" class=\"wp-block-post-featured-image\"><a href=\"https:\/\/greenwellnessbeauty.com\/es\/venus\/\" target=\"_self\"  ><img loading=\"lazy\" decoding=\"async\" width=\"240\" height=\"500\" src=\"https:\/\/greenwellnessbeauty.com\/wp-content\/uploads\/2025\/01\/VENUS.jpg\" class=\"attachment-post-thumbnail size-post-thumbnail wp-post-image\" alt=\"VENUS\" style=\"width:100%;height:100%;object-fit:cover;\" srcset=\"https:\/\/greenwellnessbeauty.com\/wp-content\/uploads\/2025\/01\/VENUS.jpg 240w, https:\/\/greenwellnessbeauty.com\/wp-content\/uploads\/2025\/01\/VENUS-144x300.jpg 144w\" sizes=\"auto, (max-width: 240px) 100vw, 240px\" \/><\/a><\/figure>\n\n\n<div class=\"wp-block-group is-vertical is-nowrap is-layout-flex wp-container-core-group-is-layout-97ba36a5 wp-block-group-is-layout-flex\" style=\"margin-top:var(--wp--preset--spacing--20);padding-top:0\"><h2 class=\"wp-block-post-title has-large-font-size wp-container-content-32e3a40d\"><a href=\"https:\/\/greenwellnessbeauty.com\/es\/venus\/\" target=\"_self\" >VENUS<\/a><\/h2>\n\n<div class=\"wp-block-post-excerpt has-text-color has-contrast-2-color has-small-font-size wp-container-content-32e3a40d\"><p class=\"wp-block-post-excerpt__excerpt\">VENUS Limpiador \u00cdntimo Ultra Suave Extracto de Palma 200 ml <\/p><\/div>\n\n\n<div style=\"height:0px\" aria-hidden=\"true\" class=\"wp-block-spacer wp-container-content-32e3a40d\"><\/div>\n<\/div>\n\n<\/li><li class=\"wp-block-post post-568 post type-post status-publish format-standard has-post-thumbnail hentry category-personal-care\">\n<figure style=\"aspect-ratio:3\/4; padding-bottom:var(--wp--preset--spacing--20);margin-bottom:0;\" class=\"wp-block-post-featured-image\"><a href=\"https:\/\/greenwellnessbeauty.com\/es\/gel-de-mustela\/\" target=\"_self\"  ><img loading=\"lazy\" decoding=\"async\" width=\"265\" height=\"813\" src=\"https:\/\/greenwellnessbeauty.com\/wp-content\/uploads\/2025\/01\/Mustela-Gel.jpg\" class=\"attachment-post-thumbnail size-post-thumbnail wp-post-image\" alt=\"Gel Mustela\" style=\"width:100%;height:100%;object-fit:cover;\" srcset=\"https:\/\/greenwellnessbeauty.com\/wp-content\/uploads\/2025\/01\/Mustela-Gel.jpg 265w, https:\/\/greenwellnessbeauty.com\/wp-content\/uploads\/2025\/01\/Mustela-Gel-98x300.jpg 98w\" sizes=\"auto, (max-width: 265px) 100vw, 265px\" \/><\/a><\/figure>\n\n\n<div class=\"wp-block-group is-vertical is-nowrap is-layout-flex wp-container-core-group-is-layout-97ba36a5 wp-block-group-is-layout-flex\" style=\"margin-top:var(--wp--preset--spacing--20);padding-top:0\"><h2 class=\"wp-block-post-title has-large-font-size wp-container-content-32e3a40d\"><a href=\"https:\/\/greenwellnessbeauty.com\/es\/gel-de-mustela\/\" target=\"_self\" >Gel Mustela<\/a><\/h2>\n\n<div class=\"wp-block-post-excerpt has-text-color has-contrast-2-color has-small-font-size wp-container-content-32e3a40d\"><p class=\"wp-block-post-excerpt__excerpt\">Mustela Gel Higiene \u00cdntima, Cambio de Pa\u00f1al, con Perseosa de Aguacate BIO, Beb\u00e9s y Ni\u00f1os - Limpia suavemente la zona \u00edntima, 97% Ingredientes de Origen Natural (200ml) <\/p><\/div>\n\n\n<div style=\"height:0px\" aria-hidden=\"true\" class=\"wp-block-spacer wp-container-content-32e3a40d\"><\/div>\n<\/div>\n\n<\/li><\/ul>\n\n\n<div style=\"margin-top:0;margin-bottom:0;height:var(--wp--preset--spacing--40)\" aria-hidden=\"true\" class=\"wp-block-spacer\"><\/div>\n\n\n<\/div>\n<\/div>","protected":false},"excerpt":{"rendered":"","protected":false},"author":1,"featured_media":0,"parent":0,"menu_order":0,"comment_status":"closed","ping_status":"closed","template":"page-no-title","meta":{"_editorskit_title_hidden":true,"_editorskit_reading_time":0,"_editorskit_is_block_options_detached":false,"_editorskit_block_options_position":"{}","footnotes":""},"class_list":["post-94","page","type-page","status-publish","hentry"],"yoast_head":"<!-- This site is optimized with the Yoast SEO plugin v27.4 - https:\/\/yoast.com\/product\/yoast-seo-wordpress\/ -->\n<title>Igiene Intima - Green Wellness Beauty<\/title>\n<meta name=\"robots\" content=\"index, follow, max-snippet:-1, max-image-preview:large, max-video-preview:-1\" \/>\n<link rel=\"canonical\" href=\"https:\/\/greenwellnessbeauty.com\/es\/higiene-intima\/\" \/>\n<meta property=\"og:locale\" content=\"es_ES\" \/>\n<meta property=\"og:type\" content=\"article\" \/>\n<meta property=\"og:title\" content=\"Igiene Intima - Green Wellness Beauty\" \/>\n<meta property=\"og:url\" content=\"https:\/\/greenwellnessbeauty.com\/es\/higiene-intima\/\" \/>\n<meta property=\"og:site_name\" content=\"Green Wellness Beauty\" \/>\n<meta property=\"article:modified_time\" content=\"2025-01-17T22:59:12+00:00\" \/>\n<meta name=\"twitter:card\" content=\"summary_large_image\" \/>\n<script type=\"application\/ld+json\" class=\"yoast-schema-graph\">{\"@context\":\"https:\\\/\\\/schema.org\",\"@graph\":[{\"@type\":\"WebPage\",\"@id\":\"https:\\\/\\\/greenwellnessbeauty.com\\\/igiene-intima\\\/\",\"url\":\"https:\\\/\\\/greenwellnessbeauty.com\\\/igiene-intima\\\/\",\"name\":\"Igiene Intima - Green Wellness Beauty\",\"isPartOf\":{\"@id\":\"https:\\\/\\\/greenwellnessbeauty.com\\\/#website\"},\"datePublished\":\"2023-11-11T15:00:32+00:00\",\"dateModified\":\"2025-01-17T22:59:12+00:00\",\"breadcrumb\":{\"@id\":\"https:\\\/\\\/greenwellnessbeauty.com\\\/igiene-intima\\\/#breadcrumb\"},\"inLanguage\":\"es\",\"potentialAction\":[{\"@type\":\"ReadAction\",\"target\":[\"https:\\\/\\\/greenwellnessbeauty.com\\\/igiene-intima\\\/\"]}]},{\"@type\":\"BreadcrumbList\",\"@id\":\"https:\\\/\\\/greenwellnessbeauty.com\\\/igiene-intima\\\/#breadcrumb\",\"itemListElement\":[{\"@type\":\"ListItem\",\"position\":1,\"name\":\"Home\",\"item\":\"https:\\\/\\\/greenwellnessbeauty.com\\\/\"},{\"@type\":\"ListItem\",\"position\":2,\"name\":\"Igiene Intima\"}]},{\"@type\":\"WebSite\",\"@id\":\"https:\\\/\\\/greenwellnessbeauty.com\\\/#website\",\"url\":\"https:\\\/\\\/greenwellnessbeauty.com\\\/\",\"name\":\"Green Wellness Beauty\",\"description\":\"Riscopri il benessere autentico: prodotti valutati positivamente da Yuka per una bellezza sicura e naturale.\",\"publisher\":{\"@id\":\"https:\\\/\\\/greenwellnessbeauty.com\\\/#\\\/schema\\\/person\\\/78392f21841425f9e8d8b2b34010b901\"},\"potentialAction\":[{\"@type\":\"SearchAction\",\"target\":{\"@type\":\"EntryPoint\",\"urlTemplate\":\"https:\\\/\\\/greenwellnessbeauty.com\\\/?s={search_term_string}\"},\"query-input\":{\"@type\":\"PropertyValueSpecification\",\"valueRequired\":true,\"valueName\":\"search_term_string\"}}],\"inLanguage\":\"es\"},{\"@type\":[\"Person\",\"Organization\"],\"@id\":\"https:\\\/\\\/greenwellnessbeauty.com\\\/#\\\/schema\\\/person\\\/78392f21841425f9e8d8b2b34010b901\",\"name\":\"daniele\",\"image\":{\"@type\":\"ImageObject\",\"inLanguage\":\"es\",\"@id\":\"https:\\\/\\\/greenwellnessbeauty.com\\\/wp-content\\\/uploads\\\/2023\\\/11\\\/Logo-grigio-stretto-1.jpg\",\"url\":\"https:\\\/\\\/greenwellnessbeauty.com\\\/wp-content\\\/uploads\\\/2023\\\/11\\\/Logo-grigio-stretto-1.jpg\",\"contentUrl\":\"https:\\\/\\\/greenwellnessbeauty.com\\\/wp-content\\\/uploads\\\/2023\\\/11\\\/Logo-grigio-stretto-1.jpg\",\"width\":2508,\"height\":772,\"caption\":\"daniele\"},\"logo\":{\"@id\":\"https:\\\/\\\/greenwellnessbeauty.com\\\/wp-content\\\/uploads\\\/2023\\\/11\\\/Logo-grigio-stretto-1.jpg\"},\"sameAs\":[\"http:\\\/\\\/devisdeswg.cluster028.hosting.ovh.net\"]}]}<\/script>\n<!-- \/ Yoast SEO plugin. -->","yoast_head_json":{"title":"Higiene \u00edntima - Green Wellness Beauty","robots":{"index":"index","follow":"follow","max-snippet":"max-snippet:-1","max-image-preview":"max-image-preview:large","max-video-preview":"max-video-preview:-1"},"canonical":"https:\/\/greenwellnessbeauty.com\/es\/higiene-intima\/","og_locale":"es_ES","og_type":"article","og_title":"Igiene Intima - Green Wellness Beauty","og_url":"https:\/\/greenwellnessbeauty.com\/es\/higiene-intima\/","og_site_name":"Green Wellness Beauty","article_modified_time":"2025-01-17T22:59:12+00:00","twitter_card":"summary_large_image","schema":{"@context":"https:\/\/schema.org","@graph":[{"@type":"WebPage","@id":"https:\/\/greenwellnessbeauty.com\/igiene-intima\/","url":"https:\/\/greenwellnessbeauty.com\/igiene-intima\/","name":"Higiene \u00edntima - Green Wellness Beauty","isPartOf":{"@id":"https:\/\/greenwellnessbeauty.com\/#website"},"datePublished":"2023-11-11T15:00:32+00:00","dateModified":"2025-01-17T22:59:12+00:00","breadcrumb":{"@id":"https:\/\/greenwellnessbeauty.com\/igiene-intima\/#breadcrumb"},"inLanguage":"es","potentialAction":[{"@type":"ReadAction","target":["https:\/\/greenwellnessbeauty.com\/igiene-intima\/"]}]},{"@type":"BreadcrumbList","@id":"https:\/\/greenwellnessbeauty.com\/igiene-intima\/#breadcrumb","itemListElement":[{"@type":"ListItem","position":1,"name":"Home","item":"https:\/\/greenwellnessbeauty.com\/"},{"@type":"ListItem","position":2,"name":"Igiene Intima"}]},{"@type":"WebSite","@id":"https:\/\/greenwellnessbeauty.com\/#website","url":"https:\/\/greenwellnessbeauty.com\/","name":"Green Wellness Beauty","description":"Redescubra el aut\u00e9ntico bienestar: los productos de Yuka, valorados positivamente, para una belleza segura y natural.","publisher":{"@id":"https:\/\/greenwellnessbeauty.com\/#\/schema\/person\/78392f21841425f9e8d8b2b34010b901"},"potentialAction":[{"@type":"SearchAction","target":{"@type":"EntryPoint","urlTemplate":"https:\/\/greenwellnessbeauty.com\/?s={search_term_string}"},"query-input":{"@type":"PropertyValueSpecification","valueRequired":true,"valueName":"search_term_string"}}],"inLanguage":"es"},{"@type":["Person","Organization"],"@id":"https:\/\/greenwellnessbeauty.com\/#\/schema\/person\/78392f21841425f9e8d8b2b34010b901","name":"daniele","image":{"@type":"ImageObject","inLanguage":"es","@id":"https:\/\/greenwellnessbeauty.com\/wp-content\/uploads\/2023\/11\/Logo-grigio-stretto-1.jpg","url":"https:\/\/greenwellnessbeauty.com\/wp-content\/uploads\/2023\/11\/Logo-grigio-stretto-1.jpg","contentUrl":"https:\/\/greenwellnessbeauty.com\/wp-content\/uploads\/2023\/11\/Logo-grigio-stretto-1.jpg","width":2508,"height":772,"caption":"daniele"},"logo":{"@id":"https:\/\/greenwellnessbeauty.com\/wp-content\/uploads\/2023\/11\/Logo-grigio-stretto-1.jpg"},"sameAs":["http:\/\/devisdeswg.cluster028.hosting.ovh.net"]}]}},"_links":{"self":[{"href":"https:\/\/greenwellnessbeauty.com\/es\/wp-json\/wp\/v2\/pages\/94","targetHints":{"allow":["GET"]}}],"collection":[{"href":"https:\/\/greenwellnessbeauty.com\/es\/wp-json\/wp\/v2\/pages"}],"about":[{"href":"https:\/\/greenwellnessbeauty.com\/es\/wp-json\/wp\/v2\/types\/page"}],"author":[{"embeddable":true,"href":"https:\/\/greenwellnessbeauty.com\/es\/wp-json\/wp\/v2\/users\/1"}],"replies":[{"embeddable":true,"href":"https:\/\/greenwellnessbeauty.com\/es\/wp-json\/wp\/v2\/comments?post=94"}],"version-history":[{"count":3,"href":"https:\/\/greenwellnessbeauty.com\/es\/wp-json\/wp\/v2\/pages\/94\/revisions"}],"predecessor-version":[{"id":569,"href":"https:\/\/greenwellnessbeauty.com\/es\/wp-json\/wp\/v2\/pages\/94\/revisions\/569"}],"wp:attachment":[{"href":"https:\/\/greenwellnessbeauty.com\/es\/wp-json\/wp\/v2\/media?parent=94"}],"curies":[{"name":"wp","href":"https:\/\/api.w.org\/{rel}","templated":true}]}}