{"id":699,"date":"2025-02-23T19:20:38","date_gmt":"2025-02-23T18:20:38","guid":{"rendered":"https:\/\/greenwellnessbeauty.com\/?page_id=699"},"modified":"2025-02-23T19:27:41","modified_gmt":"2025-02-23T18:27:41","slug":"politica-de-cookies","status":"publish","type":"page","link":"https:\/\/greenwellnessbeauty.com\/es\/politica-de-cookies\/","title":{"rendered":"Pol\u00edtica de cookies"},"content":{"rendered":"<h2 class=\"wp-block-heading\"><strong>Pol\u00edtica de cookies<\/strong><\/h2>\n\n\n\n<p><strong>\u00daltima actualizaci\u00f3n:<\/strong> 23\/02\/2025<\/p>\n\n\n\n<h2 class=\"wp-block-heading\"><strong>1. Qu\u00e9 son las cookies<\/strong><\/h2>\n\n\n\n<p>Las cookies son peque\u00f1os archivos de texto que se almacenan en su dispositivo cuando visita un sitio web. Sirven para mejorar la experiencia del usuario y recopilar informaci\u00f3n sobre el uso del sitio.<\/p>\n\n\n\n<h2 class=\"wp-block-heading\"><strong>2. Tipos de cookies utilizadas<\/strong><\/h2>\n\n\n\n<ul class=\"wp-block-list\">\n<li><strong>Cookies t\u00e9cnicas:<\/strong> Necesario para el correcto funcionamiento del sitio.<\/li>\n\n\n\n<li><strong>Cookies de an\u00e1lisis:<\/strong> Recopilan informaci\u00f3n an\u00f3nima sobre el uso del sitio para ayudarnos a mejorarlo.<\/li>\n\n\n\n<li><strong>Cookies de terceros:<\/strong> Nuestro sitio utiliza enlaces de afiliaci\u00f3n de Amazon. Al hacer clic en estos enlaces, Amazon puede instalar cookies en su dispositivo para rastrear el origen de su compra y otorgarnos una comisi\u00f3n. <a href=\"https:\/\/programma-affiliazione.amazon.it\/help\/operating\/policies?utm_source=chatgpt.com\" target=\"_blank\" rel=\"noreferrer noopener\">Afiliados de Amazon<\/a><\/li>\n<\/ul>\n\n\n\n<h2 class=\"wp-block-heading\"><strong>3. Gesti\u00f3n de cookies<\/strong><\/h2>\n\n\n\n<p>Puede gestionar sus preferencias de cookies a trav\u00e9s de la configuraci\u00f3n de su navegador permitiendo o bloqueando la instalaci\u00f3n de cookies. Tenga en cuenta que desactivar las cookies puede afectar a la funcionalidad del sitio.<\/p>\n\n\n\n<h2 class=\"wp-block-heading\"><strong>4. Cambios en la pol\u00edtica de cookies<\/strong><\/h2>\n\n\n\n<p>Nos reservamos el derecho de actualizar esta Pol\u00edtica de Cookies. Los cambios se publicar\u00e1n en esta p\u00e1gina con la fecha de actualizaci\u00f3n.<\/p>","protected":false},"excerpt":{"rendered":"<p>Cookie Policy Ultimo aggiornamento: 23\/02\/2025 1. Cosa Sono i Cookie I cookie sono piccoli file di testo che vengono memorizzati sul tuo dispositivo quando visiti un sito web. Servono a migliorare l&#8217;esperienza dell&#8217;utente e a raccogliere informazioni sull&#8217;uso del sito. 2. Tipologie di Cookie Utilizzati 3. Gestione dei Cookie Puoi gestire le preferenze sui cookie [&hellip;]<\/p>\n","protected":false},"author":1,"featured_media":0,"parent":0,"menu_order":0,"comment_status":"closed","ping_status":"closed","template":"page-no-title","meta":{"_editorskit_title_hidden":false,"_editorskit_reading_time":0,"_editorskit_is_block_options_detached":false,"_editorskit_block_options_position":"{}","footnotes":""},"class_list":["post-699","page","type-page","status-publish","hentry"],"yoast_head":"<!-- This site is optimized with the Yoast SEO plugin v27.4 - https:\/\/yoast.com\/product\/yoast-seo-wordpress\/ -->\n<title>Cookie Policy - Green Wellness Beauty<\/title>\n<meta name=\"robots\" content=\"index, follow, max-snippet:-1, max-image-preview:large, max-video-preview:-1\" \/>\n<link rel=\"canonical\" href=\"https:\/\/greenwellnessbeauty.com\/es\/politica-de-cookies\/\" \/>\n<meta property=\"og:locale\" content=\"es_ES\" \/>\n<meta property=\"og:type\" content=\"article\" \/>\n<meta property=\"og:title\" content=\"Cookie Policy - Green Wellness Beauty\" \/>\n<meta property=\"og:description\" content=\"Cookie Policy Ultimo aggiornamento: 23\/02\/2025 1. Cosa Sono i Cookie I cookie sono piccoli file di testo che vengono memorizzati sul tuo dispositivo quando visiti un sito web. Servono a migliorare l&#8217;esperienza dell&#8217;utente e a raccogliere informazioni sull&#8217;uso del sito. 2. Tipologie di Cookie Utilizzati 3. Gestione dei Cookie Puoi gestire le preferenze sui cookie [&hellip;]\" \/>\n<meta property=\"og:url\" content=\"https:\/\/greenwellnessbeauty.com\/es\/politica-de-cookies\/\" \/>\n<meta property=\"og:site_name\" content=\"Green Wellness Beauty\" \/>\n<meta property=\"article:modified_time\" content=\"2025-02-23T18:27:41+00:00\" \/>\n<meta name=\"twitter:card\" content=\"summary_large_image\" \/>\n<meta name=\"twitter:label1\" content=\"Tiempo de lectura\" \/>\n\t<meta name=\"twitter:data1\" content=\"1 minuto\" \/>\n<script type=\"application\/ld+json\" class=\"yoast-schema-graph\">{\"@context\":\"https:\\\/\\\/schema.org\",\"@graph\":[{\"@type\":\"WebPage\",\"@id\":\"https:\\\/\\\/greenwellnessbeauty.com\\\/cookie-policy\\\/\",\"url\":\"https:\\\/\\\/greenwellnessbeauty.com\\\/cookie-policy\\\/\",\"name\":\"Cookie Policy - Green Wellness Beauty\",\"isPartOf\":{\"@id\":\"https:\\\/\\\/greenwellnessbeauty.com\\\/#website\"},\"datePublished\":\"2025-02-23T18:20:38+00:00\",\"dateModified\":\"2025-02-23T18:27:41+00:00\",\"breadcrumb\":{\"@id\":\"https:\\\/\\\/greenwellnessbeauty.com\\\/cookie-policy\\\/#breadcrumb\"},\"inLanguage\":\"es\",\"potentialAction\":[{\"@type\":\"ReadAction\",\"target\":[\"https:\\\/\\\/greenwellnessbeauty.com\\\/cookie-policy\\\/\"]}]},{\"@type\":\"BreadcrumbList\",\"@id\":\"https:\\\/\\\/greenwellnessbeauty.com\\\/cookie-policy\\\/#breadcrumb\",\"itemListElement\":[{\"@type\":\"ListItem\",\"position\":1,\"name\":\"Home\",\"item\":\"https:\\\/\\\/greenwellnessbeauty.com\\\/\"},{\"@type\":\"ListItem\",\"position\":2,\"name\":\"Cookie Policy\"}]},{\"@type\":\"WebSite\",\"@id\":\"https:\\\/\\\/greenwellnessbeauty.com\\\/#website\",\"url\":\"https:\\\/\\\/greenwellnessbeauty.com\\\/\",\"name\":\"Green Wellness Beauty\",\"description\":\"Riscopri il benessere autentico: prodotti valutati positivamente da Yuka per una bellezza sicura e naturale.\",\"publisher\":{\"@id\":\"https:\\\/\\\/greenwellnessbeauty.com\\\/#\\\/schema\\\/person\\\/78392f21841425f9e8d8b2b34010b901\"},\"potentialAction\":[{\"@type\":\"SearchAction\",\"target\":{\"@type\":\"EntryPoint\",\"urlTemplate\":\"https:\\\/\\\/greenwellnessbeauty.com\\\/?s={search_term_string}\"},\"query-input\":{\"@type\":\"PropertyValueSpecification\",\"valueRequired\":true,\"valueName\":\"search_term_string\"}}],\"inLanguage\":\"es\"},{\"@type\":[\"Person\",\"Organization\"],\"@id\":\"https:\\\/\\\/greenwellnessbeauty.com\\\/#\\\/schema\\\/person\\\/78392f21841425f9e8d8b2b34010b901\",\"name\":\"daniele\",\"image\":{\"@type\":\"ImageObject\",\"inLanguage\":\"es\",\"@id\":\"https:\\\/\\\/greenwellnessbeauty.com\\\/wp-content\\\/uploads\\\/2023\\\/11\\\/Logo-grigio-stretto-1.jpg\",\"url\":\"https:\\\/\\\/greenwellnessbeauty.com\\\/wp-content\\\/uploads\\\/2023\\\/11\\\/Logo-grigio-stretto-1.jpg\",\"contentUrl\":\"https:\\\/\\\/greenwellnessbeauty.com\\\/wp-content\\\/uploads\\\/2023\\\/11\\\/Logo-grigio-stretto-1.jpg\",\"width\":2508,\"height\":772,\"caption\":\"daniele\"},\"logo\":{\"@id\":\"https:\\\/\\\/greenwellnessbeauty.com\\\/wp-content\\\/uploads\\\/2023\\\/11\\\/Logo-grigio-stretto-1.jpg\"},\"sameAs\":[\"http:\\\/\\\/devisdeswg.cluster028.hosting.ovh.net\"]}]}<\/script>\n<!-- \/ Yoast SEO plugin. -->","yoast_head_json":{"title":"Pol\u00edtica de cookies - Green Wellness Beauty","robots":{"index":"index","follow":"follow","max-snippet":"max-snippet:-1","max-image-preview":"max-image-preview:large","max-video-preview":"max-video-preview:-1"},"canonical":"https:\/\/greenwellnessbeauty.com\/es\/politica-de-cookies\/","og_locale":"es_ES","og_type":"article","og_title":"Cookie Policy - Green Wellness Beauty","og_description":"Cookie Policy Ultimo aggiornamento: 23\/02\/2025 1. Cosa Sono i Cookie I cookie sono piccoli file di testo che vengono memorizzati sul tuo dispositivo quando visiti un sito web. Servono a migliorare l&#8217;esperienza dell&#8217;utente e a raccogliere informazioni sull&#8217;uso del sito. 2. Tipologie di Cookie Utilizzati 3. Gestione dei Cookie Puoi gestire le preferenze sui cookie [&hellip;]","og_url":"https:\/\/greenwellnessbeauty.com\/es\/politica-de-cookies\/","og_site_name":"Green Wellness Beauty","article_modified_time":"2025-02-23T18:27:41+00:00","twitter_card":"summary_large_image","twitter_misc":{"Tiempo de lectura":"1 minuto"},"schema":{"@context":"https:\/\/schema.org","@graph":[{"@type":"WebPage","@id":"https:\/\/greenwellnessbeauty.com\/cookie-policy\/","url":"https:\/\/greenwellnessbeauty.com\/cookie-policy\/","name":"Pol\u00edtica de cookies - Green Wellness Beauty","isPartOf":{"@id":"https:\/\/greenwellnessbeauty.com\/#website"},"datePublished":"2025-02-23T18:20:38+00:00","dateModified":"2025-02-23T18:27:41+00:00","breadcrumb":{"@id":"https:\/\/greenwellnessbeauty.com\/cookie-policy\/#breadcrumb"},"inLanguage":"es","potentialAction":[{"@type":"ReadAction","target":["https:\/\/greenwellnessbeauty.com\/cookie-policy\/"]}]},{"@type":"BreadcrumbList","@id":"https:\/\/greenwellnessbeauty.com\/cookie-policy\/#breadcrumb","itemListElement":[{"@type":"ListItem","position":1,"name":"Home","item":"https:\/\/greenwellnessbeauty.com\/"},{"@type":"ListItem","position":2,"name":"Cookie Policy"}]},{"@type":"WebSite","@id":"https:\/\/greenwellnessbeauty.com\/#website","url":"https:\/\/greenwellnessbeauty.com\/","name":"Green Wellness Beauty","description":"Redescubra el aut\u00e9ntico bienestar: los productos de Yuka, valorados positivamente, para una belleza segura y natural.","publisher":{"@id":"https:\/\/greenwellnessbeauty.com\/#\/schema\/person\/78392f21841425f9e8d8b2b34010b901"},"potentialAction":[{"@type":"SearchAction","target":{"@type":"EntryPoint","urlTemplate":"https:\/\/greenwellnessbeauty.com\/?s={search_term_string}"},"query-input":{"@type":"PropertyValueSpecification","valueRequired":true,"valueName":"search_term_string"}}],"inLanguage":"es"},{"@type":["Person","Organization"],"@id":"https:\/\/greenwellnessbeauty.com\/#\/schema\/person\/78392f21841425f9e8d8b2b34010b901","name":"daniele","image":{"@type":"ImageObject","inLanguage":"es","@id":"https:\/\/greenwellnessbeauty.com\/wp-content\/uploads\/2023\/11\/Logo-grigio-stretto-1.jpg","url":"https:\/\/greenwellnessbeauty.com\/wp-content\/uploads\/2023\/11\/Logo-grigio-stretto-1.jpg","contentUrl":"https:\/\/greenwellnessbeauty.com\/wp-content\/uploads\/2023\/11\/Logo-grigio-stretto-1.jpg","width":2508,"height":772,"caption":"daniele"},"logo":{"@id":"https:\/\/greenwellnessbeauty.com\/wp-content\/uploads\/2023\/11\/Logo-grigio-stretto-1.jpg"},"sameAs":["http:\/\/devisdeswg.cluster028.hosting.ovh.net"]}]}},"_links":{"self":[{"href":"https:\/\/greenwellnessbeauty.com\/es\/wp-json\/wp\/v2\/pages\/699","targetHints":{"allow":["GET"]}}],"collection":[{"href":"https:\/\/greenwellnessbeauty.com\/es\/wp-json\/wp\/v2\/pages"}],"about":[{"href":"https:\/\/greenwellnessbeauty.com\/es\/wp-json\/wp\/v2\/types\/page"}],"author":[{"embeddable":true,"href":"https:\/\/greenwellnessbeauty.com\/es\/wp-json\/wp\/v2\/users\/1"}],"replies":[{"embeddable":true,"href":"https:\/\/greenwellnessbeauty.com\/es\/wp-json\/wp\/v2\/comments?post=699"}],"version-history":[{"count":3,"href":"https:\/\/greenwellnessbeauty.com\/es\/wp-json\/wp\/v2\/pages\/699\/revisions"}],"predecessor-version":[{"id":711,"href":"https:\/\/greenwellnessbeauty.com\/es\/wp-json\/wp\/v2\/pages\/699\/revisions\/711"}],"wp:attachment":[{"href":"https:\/\/greenwellnessbeauty.com\/es\/wp-json\/wp\/v2\/media?parent=699"}],"curies":[{"name":"wp","href":"https:\/\/api.w.org\/{rel}","templated":true}]}}