{"id":215,"date":"2023-11-11T21:51:51","date_gmt":"2023-11-11T20:51:51","guid":{"rendered":"https:\/\/greenwellnessbeauty.com\/?page_id=215"},"modified":"2025-10-12T21:50:43","modified_gmt":"2025-10-12T19:50:43","slug":"quienes-somos","status":"publish","type":"page","link":"https:\/\/greenwellnessbeauty.com\/es\/quienes-somos\/","title":{"rendered":"Qui\u00e9nes somos"},"content":{"rendered":"<div class=\"wp-block-group alignfull has-global-padding is-layout-constrained wp-container-core-group-is-layout-d89aad35 wp-block-group-is-layout-constrained\" style=\"margin-top:0;margin-bottom:0;padding-top:var(--wp--preset--spacing--50);padding-right:var(--wp--preset--spacing--50);padding-bottom:var(--wp--preset--spacing--50);padding-left:var(--wp--preset--spacing--50)\">\n<div class=\"wp-block-group alignwide has-global-padding is-layout-constrained wp-container-core-group-is-layout-19e250f3 wp-block-group-is-layout-constrained\">\n<div class=\"wp-block-group is-vertical is-content-justification-center is-layout-flex wp-container-core-group-is-layout-6329a8f3 wp-block-group-is-layout-flex\">\n<h3 class=\"wp-block-heading has-text-align-center\">\ud83c\udf3f Acerca de Green Wellness Beauty<\/h3>\n\n\n\n<p class=\"has-text-align-center\">Bienvenido a <strong>Green Wellness Beauty<\/strong>, donde la belleza se une al bienestar \ud83c\udf38<\/p>\n\n\n\n<p class=\"has-text-align-center\">Creemos que la verdadera belleza surge de <strong>elecciones conscientes<\/strong>, respeto por la propia piel y amor por la naturaleza.<br>Nuestra misi\u00f3n es ofrecerle <strong>cuidadosa selecci\u00f3n de productos naturales y seguros<\/strong>, elegidos por su calidad, eficacia y sostenibilidad, para ayudarte a cuidarte de la forma m\u00e1s sana y aut\u00e9ntica posible.<\/p>\n<\/div>\n\n\n\n<div style=\"height:var(--wp--preset--spacing--40)\" aria-hidden=\"true\" class=\"wp-block-spacer\"><\/div>\n\n\n\n<div class=\"wp-block-columns alignwide is-layout-flex wp-container-core-columns-is-layout-d1c656ed wp-block-columns-is-layout-flex\">\n<div class=\"wp-block-column is-vertically-aligned-center is-layout-flow wp-block-column-is-layout-flow\" style=\"flex-basis:40%\">\n<h3 class=\"wp-block-heading has-text-align-center\">\ud83d\udc9a Nuestro compromiso<\/h3>\n\n\n\n<ul class=\"wp-block-list\">\n<li><strong>Calidad<\/strong>Todos los productos recomendados en Green Wellness Beauty han sido cuidadosamente seleccionados y probados para garantizar que <strong>altos niveles de seguridad y rendimiento<\/strong>.<\/li>\n\n\n\n<li><strong>Sostenibilidad<\/strong>Promovemos marcas y pr\u00e1cticas respetuosas con el medio ambiente, desde la elecci\u00f3n de las materias primas hasta el envasado final. Creemos que el cuidado personal nunca debe ser una carga para el planeta. \ud83c\udf0d<\/li>\n\n\n\n<li><strong>Transparencia<\/strong>Creemos en la transparencia. Mereces saber lo que pones en tu piel y nosotros estamos aqu\u00ed para ofrecer informaci\u00f3n clara y honesta sobre los productos que recomendamos.<\/li>\n<\/ul>\n<\/div>\n\n\n\n<div class=\"wp-block-column is-layout-flow wp-block-column-is-layout-flow\" style=\"flex-basis:50%\">\n<figure class=\"wp-block-image size-large is-style-rounded is-style-rounded--1\"><img loading=\"lazy\" decoding=\"async\" width=\"1024\" height=\"682\" src=\"https:\/\/greenwellnessbeauty.com\/wp-content\/uploads\/2023\/11\/stones-1341224_1280-1024x682.jpg\" alt=\"\" class=\"wp-image-235\" srcset=\"https:\/\/greenwellnessbeauty.com\/wp-content\/uploads\/2023\/11\/stones-1341224_1280-1024x682.jpg 1024w, https:\/\/greenwellnessbeauty.com\/wp-content\/uploads\/2023\/11\/stones-1341224_1280-300x200.jpg 300w, https:\/\/greenwellnessbeauty.com\/wp-content\/uploads\/2023\/11\/stones-1341224_1280-768x512.jpg 768w, https:\/\/greenwellnessbeauty.com\/wp-content\/uploads\/2023\/11\/stones-1341224_1280.jpg 1280w\" sizes=\"auto, (max-width: 1024px) 100vw, 1024px\" \/><\/figure>\n<\/div>\n<\/div>\n\n\n\n<div style=\"height:var(--wp--preset--spacing--40)\" aria-hidden=\"true\" class=\"wp-block-spacer\"><\/div>\n\n\n\n<div class=\"wp-block-columns alignwide is-layout-flex wp-container-core-columns-is-layout-d1c656ed wp-block-columns-is-layout-flex\">\n<div class=\"wp-block-column is-layout-flow wp-block-column-is-layout-flow\" style=\"flex-basis:50%\">\n<figure class=\"wp-block-image size-large is-style-rounded is-style-rounded--2\"><img loading=\"lazy\" decoding=\"async\" width=\"1024\" height=\"768\" src=\"https:\/\/greenwellnessbeauty.com\/wp-content\/uploads\/2023\/11\/lemon-906141_1280-1024x768.jpg\" alt=\"\" class=\"wp-image-237\" srcset=\"https:\/\/greenwellnessbeauty.com\/wp-content\/uploads\/2023\/11\/lemon-906141_1280-1024x768.jpg 1024w, https:\/\/greenwellnessbeauty.com\/wp-content\/uploads\/2023\/11\/lemon-906141_1280-300x225.jpg 300w, https:\/\/greenwellnessbeauty.com\/wp-content\/uploads\/2023\/11\/lemon-906141_1280-768x576.jpg 768w, https:\/\/greenwellnessbeauty.com\/wp-content\/uploads\/2023\/11\/lemon-906141_1280.jpg 1280w\" sizes=\"auto, (max-width: 1024px) 100vw, 1024px\" \/><\/figure>\n<\/div>\n\n\n\n<div class=\"wp-block-column is-vertically-aligned-center is-layout-flow wp-block-column-is-layout-flow\" style=\"flex-basis:40%\">\n<h3 class=\"wp-block-heading has-text-align-center\">\u00bfPor qu\u00e9 elegir <br>Green Wellness Beauty?<\/h3>\n\n\n\n<ul class=\"wp-block-list\">\n<li><strong>Selecci\u00f3n de productos sanos y seguros<\/strong>Cada producto recomendado est\u00e1 clasificado <strong>al menos 80\/100 en Yuka<\/strong>, garantizando f\u00f3rmulas libres de ingredientes nocivos y ricas en componentes naturales para el bienestar de la piel.<\/li>\n\n\n\n<li><strong>Compromiso de transparencia<\/strong>Ofrecemos fichas descriptivas detalladas, rese\u00f1as honestas e informaci\u00f3n sobre ingredientes y certificaciones, para ayudarle a elegir. <strong>decisiones informadas<\/strong>.<\/li>\n\n\n\n<li><strong>Belleza sostenible<\/strong>Seleccionamos marcas que comparten nuestra filosof\u00eda: <strong>cosm\u00e9tica natural, vegana y sin crueldad<\/strong> y con envases respetuosos con el medio ambiente: para cuidarte en armon\u00eda con la naturaleza. \ud83c\udf3f<\/li>\n<\/ul>\n<\/div>\n<\/div>\n<\/div>\n\n\n\n<div style=\"height:var(--wp--preset--spacing--40)\" aria-hidden=\"true\" class=\"wp-block-spacer\"><\/div>\n\n\n\n<h3 class=\"wp-block-heading has-text-align-center\">Nuestra visi\u00f3n<\/h3>\n\n\n\n<p class=\"has-text-align-center\">Imaginamos un mundo en el que la belleza sea sin\u00f3nimo de conciencia, en el que cada producto que utilices sea un paso hacia un estilo de vida m\u00e1s saludable y sostenible. A trav\u00e9s de nuestra gama de productos cuidadosamente seleccionados, pretendemos que puedas tomar decisiones informadas sobre tu rutina de cuidado de la piel y el cuerpo.<\/p>\n\n\n\n<div style=\"height:var(--wp--preset--spacing--40)\" aria-hidden=\"true\" class=\"wp-block-spacer\"><\/div>\n\n\n\n<h3 class=\"wp-block-heading has-text-align-center\">Nuestra historia<\/h3>\n\n\n\n<p class=\"has-text-align-center\">Green Wellness Beauty naci\u00f3 del deseo de unir <strong>belleza, salud y sostenibilidad<\/strong> en una \u00fanica plataforma. Todo empez\u00f3 con una idea sencilla: crear un lugar donde fuera f\u00e1cil encontrar <strong>productos fiables y seleccionados con esp\u00edritu cr\u00edtico<\/strong>, evitando largas b\u00fasquedas y dudas sobre los ingredientes. <\/p>\n\n\n\n<p class=\"has-text-align-center\">Hoy nuestro objetivo sigue siendo el mismo: <strong>le ayudamos a elegir con confianza<\/strong>, inspir\u00e1ndote hacia una belleza m\u00e1s verde, m\u00e1s consciente y m\u00e1s tuya. \ud83c\udf38<\/p>\n\n\n\n<div style=\"height:var(--wp--preset--spacing--40)\" aria-hidden=\"true\" class=\"wp-block-spacer\"><\/div>\n\n\n\n<h3 class=\"wp-block-heading has-text-align-center\">\u2696\ufe0f Nuestra transparencia<\/h3>\n\n\n\n<p>Green Wellness Beauty no est\u00e1 afiliada a Yuka SAS.<br>S\u00f3lo utilizamos las puntuaciones proporcionadas por la aplicaci\u00f3n Yuka como <strong>informaci\u00f3n de referencia<\/strong> para ayudarle a identificar productos con f\u00f3rmulas seguras.<br>El sitio tambi\u00e9n participa en el <strong>Programa de afiliaci\u00f3n de Amazon UE<\/strong> y otros programas de afiliaci\u00f3n: esto significa que podemos recibir una peque\u00f1a comisi\u00f3n por las compras que cumplan los requisitos, <strong>sin coste adicional para usted.<\/strong><\/p>\n\n\n\n<div style=\"height:var(--wp--preset--spacing--40)\" aria-hidden=\"true\" class=\"wp-block-spacer\"><\/div>\n\n\n\n<h3 class=\"wp-block-heading has-text-align-center\">Nuestra promesa<\/h3>\n\n\n\n<blockquote class=\"wp-block-quote has-text-align-center is-layout-flow wp-block-quote-is-layout-flow\">\n<p>S\u00f3lo seleccionamos lo que nosotros tambi\u00e9n utilizar\u00edamos.<\/p>\n\n\n\n<p>Green Wellness Beauty es m\u00e1s que un portal: es una invitaci\u00f3n a redescubrir la belleza aut\u00e9ntica, hecha de ingredientes limpios, valores verdaderos y respeto por la naturaleza. \ud83c\udf3f<\/p>\n<\/blockquote>\n\n\n\n<div style=\"height:var(--wp--preset--spacing--40)\" aria-hidden=\"true\" class=\"wp-block-spacer\"><\/div>\n<\/div>\n\n\n\n<div class=\"wp-block-group alignfull has-global-padding is-layout-constrained wp-container-core-group-is-layout-daa29608 wp-block-group-is-layout-constrained\" style=\"margin-top:0;margin-bottom:0;padding-top:var(--wp--preset--spacing--50);padding-right:var(--wp--preset--spacing--50);padding-bottom:var(--wp--preset--spacing--50);padding-left:var(--wp--preset--spacing--50)\">\n<div class=\"wp-block-cover alignfull has-parallax\" style=\"min-height:850px;aspect-ratio:unset;\"><div class=\"wp-block-cover__image-background wp-image-224 has-parallax\" style=\"background-position:50% 50%;background-image:url(https:\/\/greenwellnessbeauty.com\/wp-content\/uploads\/2023\/11\/aloe-scaled.jpg)\"><\/div><span aria-hidden=\"true\" class=\"wp-block-cover__background has-background-dim\" style=\"background-color:#0e1808\"><\/span><div class=\"wp-block-cover__inner-container has-global-padding is-layout-constrained wp-block-cover-is-layout-constrained\">\n<div style=\"height:var(--wp--preset--spacing--40)\" aria-hidden=\"true\" class=\"wp-block-spacer\"><\/div>\n\n\n\n<div class=\"wp-block-columns alignfull is-layout-flex wp-container-core-columns-is-layout-28f84493 wp-block-columns-is-layout-flex\">\n<div class=\"wp-block-column is-layout-flow wp-block-column-is-layout-flow\" style=\"flex-basis:70%\"><\/div>\n\n\n\n<div class=\"wp-block-column is-layout-flow wp-block-column-is-layout-flow\" style=\"flex-basis:50%\">\n<h2 class=\"wp-block-heading has-text-align-center has-text-color has-link-color has-x-large-font-size wp-elements-99bbe68aed4cc8ee498524a5d06f9b8b\" style=\"color:#ffffff\">Gracias por formar parte de la familia <br>Green Wellness Beauty. <\/h2>\n\n\n\n<h2 class=\"wp-block-heading has-text-align-center has-x-large-font-size\">Le invitamos a explorar nuestra colecci\u00f3n y a embarcarse en un viaje hacia una belleza radiante y consciente.<\/h2>\n\n\n\n<div style=\"height:30px\" aria-hidden=\"true\" class=\"wp-block-spacer\"><\/div>\n\n\n\n<div class=\"wp-block-buttons is-content-justification-center is-layout-flex wp-container-core-buttons-is-layout-a89b3969 wp-block-buttons-is-layout-flex\">\n<div class=\"wp-block-button\"><a class=\"wp-block-button__link wp-element-button\" href=\"https:\/\/greenwellnessbeauty.com\/es\/#categorie\">Nuestros productos<\/a><\/div>\n<\/div>\n<\/div>\n\n\n\n<div class=\"wp-block-column is-layout-flow wp-block-column-is-layout-flow\" style=\"flex-basis:25%\"><\/div>\n<\/div>\n\n\n\n<div style=\"height:var(--wp--preset--spacing--40)\" aria-hidden=\"true\" class=\"wp-block-spacer\"><\/div>\n<\/div><\/div>\n<\/div>","protected":false},"excerpt":{"rendered":"<p>\ud83c\udf3f A proposito di Green Wellness Beauty Benvenuti su Green Wellness Beauty, dove la bellezza incontra il benessere \ud83c\udf38 Crediamo che la vera bellezza nasca da scelte consapevoli, dal rispetto per la propria pelle e dall\u2019amore per la natura.La nostra missione \u00e8 offrirti una selezione curata di prodotti naturali e sicuri, scelti in base alla [&hellip;]<\/p>\n","protected":false},"author":1,"featured_media":0,"parent":0,"menu_order":0,"comment_status":"closed","ping_status":"closed","template":"page-no-title","meta":{"_editorskit_title_hidden":true,"_editorskit_reading_time":0,"_editorskit_is_block_options_detached":false,"_editorskit_block_options_position":"{}","footnotes":""},"class_list":["post-215","page","type-page","status-publish","hentry"],"yoast_head":"<!-- This site is optimized with the Yoast SEO plugin v27.4 - https:\/\/yoast.com\/product\/yoast-seo-wordpress\/ -->\n<title>Chi Siamo - Green Wellness Beauty<\/title>\n<meta name=\"robots\" content=\"index, follow, max-snippet:-1, max-image-preview:large, max-video-preview:-1\" \/>\n<link rel=\"canonical\" href=\"https:\/\/greenwellnessbeauty.com\/es\/quienes-somos\/\" \/>\n<meta property=\"og:locale\" content=\"es_ES\" \/>\n<meta property=\"og:type\" content=\"article\" \/>\n<meta property=\"og:title\" content=\"Chi Siamo - Green Wellness Beauty\" \/>\n<meta property=\"og:description\" content=\"\ud83c\udf3f A proposito di Green Wellness Beauty Benvenuti su Green Wellness Beauty, dove la bellezza incontra il benessere \ud83c\udf38 Crediamo che la vera bellezza nasca da scelte consapevoli, dal rispetto per la propria pelle e dall\u2019amore per la natura.La nostra missione \u00e8 offrirti una selezione curata di prodotti naturali e sicuri, scelti in base alla [&hellip;]\" \/>\n<meta property=\"og:url\" content=\"https:\/\/greenwellnessbeauty.com\/es\/quienes-somos\/\" \/>\n<meta property=\"og:site_name\" content=\"Green Wellness Beauty\" \/>\n<meta property=\"article:modified_time\" content=\"2025-10-12T19:50:43+00:00\" \/>\n<meta property=\"og:image\" content=\"https:\/\/greenwellnessbeauty.com\/wp-content\/uploads\/2023\/11\/stones-1341224_1280.jpg\" \/>\n\t<meta property=\"og:image:width\" content=\"1280\" \/>\n\t<meta property=\"og:image:height\" content=\"853\" \/>\n\t<meta property=\"og:image:type\" content=\"image\/jpeg\" \/>\n<meta name=\"twitter:card\" content=\"summary_large_image\" \/>\n<meta name=\"twitter:label1\" content=\"Tiempo de lectura\" \/>\n\t<meta name=\"twitter:data1\" content=\"3 minutos\" \/>\n<script type=\"application\/ld+json\" class=\"yoast-schema-graph\">{\"@context\":\"https:\\\/\\\/schema.org\",\"@graph\":[{\"@type\":\"WebPage\",\"@id\":\"https:\\\/\\\/greenwellnessbeauty.com\\\/chi-siamo\\\/\",\"url\":\"https:\\\/\\\/greenwellnessbeauty.com\\\/chi-siamo\\\/\",\"name\":\"Chi Siamo - Green Wellness Beauty\",\"isPartOf\":{\"@id\":\"https:\\\/\\\/greenwellnessbeauty.com\\\/#website\"},\"primaryImageOfPage\":{\"@id\":\"https:\\\/\\\/greenwellnessbeauty.com\\\/chi-siamo\\\/#primaryimage\"},\"image\":{\"@id\":\"https:\\\/\\\/greenwellnessbeauty.com\\\/chi-siamo\\\/#primaryimage\"},\"thumbnailUrl\":\"https:\\\/\\\/greenwellnessbeauty.com\\\/wp-content\\\/uploads\\\/2023\\\/11\\\/stones-1341224_1280-1024x682.jpg\",\"datePublished\":\"2023-11-11T20:51:51+00:00\",\"dateModified\":\"2025-10-12T19:50:43+00:00\",\"breadcrumb\":{\"@id\":\"https:\\\/\\\/greenwellnessbeauty.com\\\/chi-siamo\\\/#breadcrumb\"},\"inLanguage\":\"es\",\"potentialAction\":[{\"@type\":\"ReadAction\",\"target\":[\"https:\\\/\\\/greenwellnessbeauty.com\\\/chi-siamo\\\/\"]}]},{\"@type\":\"ImageObject\",\"inLanguage\":\"es\",\"@id\":\"https:\\\/\\\/greenwellnessbeauty.com\\\/chi-siamo\\\/#primaryimage\",\"url\":\"https:\\\/\\\/greenwellnessbeauty.com\\\/wp-content\\\/uploads\\\/2023\\\/11\\\/stones-1341224_1280-1024x682.jpg\",\"contentUrl\":\"https:\\\/\\\/greenwellnessbeauty.com\\\/wp-content\\\/uploads\\\/2023\\\/11\\\/stones-1341224_1280-1024x682.jpg\"},{\"@type\":\"BreadcrumbList\",\"@id\":\"https:\\\/\\\/greenwellnessbeauty.com\\\/chi-siamo\\\/#breadcrumb\",\"itemListElement\":[{\"@type\":\"ListItem\",\"position\":1,\"name\":\"Home\",\"item\":\"https:\\\/\\\/greenwellnessbeauty.com\\\/\"},{\"@type\":\"ListItem\",\"position\":2,\"name\":\"Chi Siamo\"}]},{\"@type\":\"WebSite\",\"@id\":\"https:\\\/\\\/greenwellnessbeauty.com\\\/#website\",\"url\":\"https:\\\/\\\/greenwellnessbeauty.com\\\/\",\"name\":\"Green Wellness Beauty\",\"description\":\"Riscopri il benessere autentico: prodotti valutati positivamente da Yuka per una bellezza sicura e naturale.\",\"publisher\":{\"@id\":\"https:\\\/\\\/greenwellnessbeauty.com\\\/#\\\/schema\\\/person\\\/78392f21841425f9e8d8b2b34010b901\"},\"potentialAction\":[{\"@type\":\"SearchAction\",\"target\":{\"@type\":\"EntryPoint\",\"urlTemplate\":\"https:\\\/\\\/greenwellnessbeauty.com\\\/?s={search_term_string}\"},\"query-input\":{\"@type\":\"PropertyValueSpecification\",\"valueRequired\":true,\"valueName\":\"search_term_string\"}}],\"inLanguage\":\"es\"},{\"@type\":[\"Person\",\"Organization\"],\"@id\":\"https:\\\/\\\/greenwellnessbeauty.com\\\/#\\\/schema\\\/person\\\/78392f21841425f9e8d8b2b34010b901\",\"name\":\"daniele\",\"image\":{\"@type\":\"ImageObject\",\"inLanguage\":\"es\",\"@id\":\"https:\\\/\\\/greenwellnessbeauty.com\\\/wp-content\\\/uploads\\\/2023\\\/11\\\/Logo-grigio-stretto-1.jpg\",\"url\":\"https:\\\/\\\/greenwellnessbeauty.com\\\/wp-content\\\/uploads\\\/2023\\\/11\\\/Logo-grigio-stretto-1.jpg\",\"contentUrl\":\"https:\\\/\\\/greenwellnessbeauty.com\\\/wp-content\\\/uploads\\\/2023\\\/11\\\/Logo-grigio-stretto-1.jpg\",\"width\":2508,\"height\":772,\"caption\":\"daniele\"},\"logo\":{\"@id\":\"https:\\\/\\\/greenwellnessbeauty.com\\\/wp-content\\\/uploads\\\/2023\\\/11\\\/Logo-grigio-stretto-1.jpg\"},\"sameAs\":[\"http:\\\/\\\/devisdeswg.cluster028.hosting.ovh.net\"]}]}<\/script>\n<!-- \/ Yoast SEO plugin. -->","yoast_head_json":{"title":"Qui\u00e9nes somos - Green Wellness Beauty","robots":{"index":"index","follow":"follow","max-snippet":"max-snippet:-1","max-image-preview":"max-image-preview:large","max-video-preview":"max-video-preview:-1"},"canonical":"https:\/\/greenwellnessbeauty.com\/es\/quienes-somos\/","og_locale":"es_ES","og_type":"article","og_title":"Chi Siamo - Green Wellness Beauty","og_description":"\ud83c\udf3f A proposito di Green Wellness Beauty Benvenuti su Green Wellness Beauty, dove la bellezza incontra il benessere \ud83c\udf38 Crediamo che la vera bellezza nasca da scelte consapevoli, dal rispetto per la propria pelle e dall\u2019amore per la natura.La nostra missione \u00e8 offrirti una selezione curata di prodotti naturali e sicuri, scelti in base alla [&hellip;]","og_url":"https:\/\/greenwellnessbeauty.com\/es\/quienes-somos\/","og_site_name":"Green Wellness Beauty","article_modified_time":"2025-10-12T19:50:43+00:00","og_image":[{"width":1280,"height":853,"url":"https:\/\/greenwellnessbeauty.com\/wp-content\/uploads\/2023\/11\/stones-1341224_1280.jpg","type":"image\/jpeg"}],"twitter_card":"summary_large_image","twitter_misc":{"Tiempo de lectura":"3 minutos"},"schema":{"@context":"https:\/\/schema.org","@graph":[{"@type":"WebPage","@id":"https:\/\/greenwellnessbeauty.com\/chi-siamo\/","url":"https:\/\/greenwellnessbeauty.com\/chi-siamo\/","name":"Qui\u00e9nes somos - Green Wellness Beauty","isPartOf":{"@id":"https:\/\/greenwellnessbeauty.com\/#website"},"primaryImageOfPage":{"@id":"https:\/\/greenwellnessbeauty.com\/chi-siamo\/#primaryimage"},"image":{"@id":"https:\/\/greenwellnessbeauty.com\/chi-siamo\/#primaryimage"},"thumbnailUrl":"https:\/\/greenwellnessbeauty.com\/wp-content\/uploads\/2023\/11\/stones-1341224_1280-1024x682.jpg","datePublished":"2023-11-11T20:51:51+00:00","dateModified":"2025-10-12T19:50:43+00:00","breadcrumb":{"@id":"https:\/\/greenwellnessbeauty.com\/chi-siamo\/#breadcrumb"},"inLanguage":"es","potentialAction":[{"@type":"ReadAction","target":["https:\/\/greenwellnessbeauty.com\/chi-siamo\/"]}]},{"@type":"ImageObject","inLanguage":"es","@id":"https:\/\/greenwellnessbeauty.com\/chi-siamo\/#primaryimage","url":"https:\/\/greenwellnessbeauty.com\/wp-content\/uploads\/2023\/11\/stones-1341224_1280-1024x682.jpg","contentUrl":"https:\/\/greenwellnessbeauty.com\/wp-content\/uploads\/2023\/11\/stones-1341224_1280-1024x682.jpg"},{"@type":"BreadcrumbList","@id":"https:\/\/greenwellnessbeauty.com\/chi-siamo\/#breadcrumb","itemListElement":[{"@type":"ListItem","position":1,"name":"Home","item":"https:\/\/greenwellnessbeauty.com\/"},{"@type":"ListItem","position":2,"name":"Chi Siamo"}]},{"@type":"WebSite","@id":"https:\/\/greenwellnessbeauty.com\/#website","url":"https:\/\/greenwellnessbeauty.com\/","name":"Green Wellness Beauty","description":"Redescubra el aut\u00e9ntico bienestar: los productos de Yuka, valorados positivamente, para una belleza segura y natural.","publisher":{"@id":"https:\/\/greenwellnessbeauty.com\/#\/schema\/person\/78392f21841425f9e8d8b2b34010b901"},"potentialAction":[{"@type":"SearchAction","target":{"@type":"EntryPoint","urlTemplate":"https:\/\/greenwellnessbeauty.com\/?s={search_term_string}"},"query-input":{"@type":"PropertyValueSpecification","valueRequired":true,"valueName":"search_term_string"}}],"inLanguage":"es"},{"@type":["Person","Organization"],"@id":"https:\/\/greenwellnessbeauty.com\/#\/schema\/person\/78392f21841425f9e8d8b2b34010b901","name":"daniele","image":{"@type":"ImageObject","inLanguage":"es","@id":"https:\/\/greenwellnessbeauty.com\/wp-content\/uploads\/2023\/11\/Logo-grigio-stretto-1.jpg","url":"https:\/\/greenwellnessbeauty.com\/wp-content\/uploads\/2023\/11\/Logo-grigio-stretto-1.jpg","contentUrl":"https:\/\/greenwellnessbeauty.com\/wp-content\/uploads\/2023\/11\/Logo-grigio-stretto-1.jpg","width":2508,"height":772,"caption":"daniele"},"logo":{"@id":"https:\/\/greenwellnessbeauty.com\/wp-content\/uploads\/2023\/11\/Logo-grigio-stretto-1.jpg"},"sameAs":["http:\/\/devisdeswg.cluster028.hosting.ovh.net"]}]}},"_links":{"self":[{"href":"https:\/\/greenwellnessbeauty.com\/es\/wp-json\/wp\/v2\/pages\/215","targetHints":{"allow":["GET"]}}],"collection":[{"href":"https:\/\/greenwellnessbeauty.com\/es\/wp-json\/wp\/v2\/pages"}],"about":[{"href":"https:\/\/greenwellnessbeauty.com\/es\/wp-json\/wp\/v2\/types\/page"}],"author":[{"embeddable":true,"href":"https:\/\/greenwellnessbeauty.com\/es\/wp-json\/wp\/v2\/users\/1"}],"replies":[{"embeddable":true,"href":"https:\/\/greenwellnessbeauty.com\/es\/wp-json\/wp\/v2\/comments?post=215"}],"version-history":[{"count":30,"href":"https:\/\/greenwellnessbeauty.com\/es\/wp-json\/wp\/v2\/pages\/215\/revisions"}],"predecessor-version":[{"id":1008,"href":"https:\/\/greenwellnessbeauty.com\/es\/wp-json\/wp\/v2\/pages\/215\/revisions\/1008"}],"wp:attachment":[{"href":"https:\/\/greenwellnessbeauty.com\/es\/wp-json\/wp\/v2\/media?parent=215"}],"curies":[{"name":"wp","href":"https:\/\/api.w.org\/{rel}","templated":true}]}}