{"id":981,"date":"2025-10-12T20:58:28","date_gmt":"2025-10-12T18:58:28","guid":{"rendered":"https:\/\/greenwellnessbeauty.com\/?page_id=981"},"modified":"2026-01-07T20:49:11","modified_gmt":"2026-01-07T19:49:11","slug":"wie-wir-produkte-auf-green-wellness-beauty-auswahlen","status":"publish","type":"page","link":"https:\/\/greenwellnessbeauty.com\/de\/wie-wir-produkte-auf-green-wellness-beauty-auswahlen\/","title":{"rendered":"Wie wir Produkte auf Green Wellness Beauty ausw\u00e4hlen"},"content":{"rendered":"<div class=\"wp-block-group alignwide has-global-padding is-layout-constrained wp-container-core-group-is-layout-bea02a06 wp-block-group-is-layout-constrained\">\n<h1 class=\"wp-block-heading has-text-align-center\"><strong>Wie es funktioniert<\/strong> \ud83c\udf3f <\/h1>\n\n\n\n<div style=\"margin-top:var(--wp--preset--spacing--30);margin-bottom:var(--wp--preset--spacing--30);height:var(--wp--preset--spacing--30)\" aria-hidden=\"true\" class=\"wp-block-spacer\"><\/div>\n\n\n\n<h2 class=\"wp-block-heading has-text-align-center\">\ud83d\udc9a Unsere Auswahlmethode<\/h2>\n\n\n\n<p class=\"has-text-align-center\">Unter <em>Green Wellness Beauty<\/em> Wir sind der Meinung, dass Sch\u00f6nheit niemals auf Kosten der Gesundheit oder der Umwelt gehen sollte. Deshalb wird jedes Produkt, das Sie auf unserer Website sehen, sorgf\u00e4ltig in einem transparenten Prozess ausgew\u00e4hlt, der Folgendes kombiniert <strong>objektive Analyse, Kompetenz und ethische Sensibilit\u00e4t<\/strong>.<\/p>\n\n\n\n<div style=\"margin-top:var(--wp--preset--spacing--30);margin-bottom:var(--wp--preset--spacing--30);height:var(--wp--preset--spacing--30)\" aria-hidden=\"true\" class=\"wp-block-spacer\"><\/div>\n\n\n\n<h2 class=\"wp-block-heading has-text-align-center\">\ud83d\udd0d 1. analysieren wir den Yuka-Score<\/h2>\n\n\n\n<p class=\"has-text-align-center\">Der erste Schritt ist die \u00dcberpr\u00fcfung durch <strong>Yuka<\/strong>, eine unabh\u00e4ngige Anwendung, die Produkte auf der Grundlage der <strong>Zusammensetzung der Zutaten<\/strong>. Wir ber\u00fccksichtigen nur Kosmetika mit einer Punktzahl von <strong>\u201cGut\u201d oder \u201cAusgezeichnet\u201d<\/strong>, weil sie f\u00fcr hohe Sicherheits- und Qualit\u00e4tsstandards stehen.<\/p>\n\n\n\n<blockquote class=\"wp-block-quote is-layout-flow wp-block-quote-is-layout-flow\">\n<p class=\"has-text-align-center has-large-font-size\">\ud83d\udca1 <em>Wichtiger Hinweis:<\/em> Green Wellness Beauty ist weder mit Yuka SAS verbunden noch von ihr genehmigt.<br>Wir verwenden Yuka-Scores als <strong>Informationshinweis<\/strong>, um Ihnen zu helfen, fundierte Entscheidungen zu treffen.<\/p>\n<\/blockquote>\n\n\n\n<div style=\"margin-top:var(--wp--preset--spacing--30);margin-bottom:var(--wp--preset--spacing--30);height:var(--wp--preset--spacing--30)\" aria-hidden=\"true\" class=\"wp-block-spacer\"><\/div>\n\n\n\n<h2 class=\"wp-block-heading has-text-align-center\">\ud83e\uddf4 2. wir w\u00e4hlen die wirksamsten und g\u00fcnstigsten Produkte aus<\/h2>\n\n\n\n<p class=\"has-text-align-center\">Aus den Produkten, die unsere Kriterien erf\u00fcllen, w\u00e4hlen wir diejenigen aus, die folgende Vorteile bieten:<\/p>\n\n\n\n<ul class=\"wp-block-list\">\n<li><strong>hervorragendes Preis-Leistungs-Verh\u00e4ltnis<\/strong><\/li>\n\n\n\n<li><strong>einfache Verf\u00fcgbarkeit<\/strong> (haupts\u00e4chlich bei Amazon oder zuverl\u00e4ssigen italienischen Partnern)<\/li>\n\n\n\n<li><strong>echtes positives Feedback<\/strong> von denen, die sie bereits ausprobiert haben<\/li>\n<\/ul>\n\n\n\n<p class=\"has-text-align-center\">\ud83d\udc9a Auf diese Weise bieten wir Ihnen <strong>nur das, was wir auch verwenden w\u00fcrden<\/strong>.<\/p>\n\n\n\n<div style=\"margin-top:var(--wp--preset--spacing--30);margin-bottom:var(--wp--preset--spacing--30);height:var(--wp--preset--spacing--30)\" aria-hidden=\"true\" class=\"wp-block-spacer\"><\/div>\n\n\n\n<h2 class=\"wp-block-heading has-text-align-center\">\ud83d\udcac 3. wir begleiten Sie bei Ihrer Wahl<\/h2>\n\n\n\n<p class=\"has-text-align-center\">Unser Ziel ist es, Ihre Suche zu vereinfachen. Auf jeder Seite werden Sie finden:<\/p>\n\n\n\n<ul class=\"wp-block-list\">\n<li>a <strong>klare Produktbeschreibung<\/strong>, mit Vorteilen und Empfehlungen f\u00fcr die Anwendung<\/li>\n\n\n\n<li>a <strong>direkter Link zum offiziellen H\u00e4ndler<\/strong> f\u00fcr sicheren Einkauf<\/li>\n<\/ul>\n\n\n\n<p class=\"has-text-align-center\">So k\u00f6nnen Sie in aller Ruhe, informiert und transparent w\u00e4hlen.<\/p>\n\n\n\n<div style=\"margin-top:var(--wp--preset--spacing--30);margin-bottom:var(--wp--preset--spacing--30);height:var(--wp--preset--spacing--30)\" aria-hidden=\"true\" class=\"wp-block-spacer\"><\/div>\n\n\n\n<h2 class=\"wp-block-heading has-text-align-center\">\u2696\ufe0f 4. Unabh\u00e4ngigkeit und Transparenz<\/h2>\n\n\n\n<p class=\"has-text-align-center\">Green Wellness Beauty <strong>erh\u00e4lt keine direkte Verg\u00fctung von Marken<\/strong> um Produkte einzubeziehen.<br>Wir beteiligen uns an der <strong>Amazon EU-Partnerprogramm<\/strong> und andere ethische Partnerprogramme: Das bedeutet, dass wir, wenn Sie \u00fcber unsere Links einen Kauf t\u00e4tigen, eine kleine Provision erhalten, die uns hilft, die Website aktiv zu halten. <strong>ohne zus\u00e4tzliche Kosten f\u00fcr Sie.<\/strong><\/p>\n\n\n\n<blockquote class=\"wp-block-quote is-layout-flow wp-block-quote-is-layout-flow\">\n<p class=\"has-text-align-center\">\ud83d\udd12 Unsere Priorit\u00e4t bleibt Unabh\u00e4ngigkeit und Ehrlichkeit:<br>Wir pr\u00fcfen nur Produkte, die unsere Sicherheits- und Qualit\u00e4tskriterien erf\u00fcllen.<\/p>\n<\/blockquote>\n\n\n\n<div style=\"margin-top:var(--wp--preset--spacing--30);margin-bottom:var(--wp--preset--spacing--30);height:var(--wp--preset--spacing--30)\" aria-hidden=\"true\" class=\"wp-block-spacer\"><\/div>\n\n\n\n<h2 class=\"wp-block-heading has-text-align-center\">\u2728 Unser Auftrag<\/h2>\n\n\n\n<p class=\"has-text-align-center\">Wir m\u00f6chten, dass Green Wellness Beauty zu Ihrem <strong>Referenzpunkt f\u00fcr sichere und bewusste Sch\u00f6nheit<\/strong>. Nicht nur eine Liste von Produkten, sondern eine <strong>vertrauensw\u00fcrdiger F\u00fchrer<\/strong> das Sie Schritt f\u00fcr Schritt dabei begleitet, eine nat\u00fcrliche, nachhaltige Routine im Einklang mit Ihrem K\u00f6rper zu entwickeln.<\/p>\n\n\n\n<blockquote class=\"wp-block-quote is-layout-flow wp-block-quote-is-layout-flow\">\n<p class=\"has-text-align-center\">\ud83d\udc9a <em>Entdecken Sie unsere ausgew\u00e4hlten Produkte mit hervorragenden Yuka-Bewertungen:<\/em><br><\/p>\n\n\n\n<div class=\"wp-block-buttons is-content-justification-center is-layout-flex wp-container-core-buttons-is-layout-a89b3969 wp-block-buttons-is-layout-flex\">\n<div class=\"wp-block-button\"><a class=\"wp-block-button__link has-text-align-center wp-element-button\" href=\"https:\/\/greenwellnessbeauty.com\/de\/#categorie\">Erkunden Sie die Kategorien \u2192<\/a><\/div>\n<\/div>\n<\/blockquote>\n\n\n\n<div style=\"margin-top:var(--wp--preset--spacing--30);margin-bottom:var(--wp--preset--spacing--30);height:var(--wp--preset--spacing--30)\" aria-hidden=\"true\" class=\"wp-block-spacer\"><\/div>\n<\/div>","protected":false},"excerpt":{"rendered":"<p>Come funziona \ud83c\udf3f \ud83d\udc9a Il nostro metodo di selezione Su Green Wellness Beauty crediamo che la bellezza non debba mai compromettere la salute o l\u2019ambiente. Per questo ogni prodotto che vedi sul nostro sito \u00e8 scelto con cura, attraverso un processo trasparente che unisce analisi oggettiva, competenza e sensibilit\u00e0 etica. \ud83d\udd0d 1. Analizziamo il punteggio [&hellip;]<\/p>\n","protected":false},"author":1,"featured_media":0,"parent":0,"menu_order":0,"comment_status":"closed","ping_status":"closed","template":"","meta":{"_editorskit_title_hidden":true,"_editorskit_reading_time":0,"_editorskit_is_block_options_detached":false,"_editorskit_block_options_position":"{}","footnotes":""},"class_list":["post-981","page","type-page","status-publish","hentry"],"yoast_head":"<!-- This site is optimized with the Yoast SEO plugin v27.4 - https:\/\/yoast.com\/product\/yoast-seo-wordpress\/ -->\n<title>Come selezioniamo i prodotti su Green Wellness Beauty - Green Wellness Beauty<\/title>\n<meta name=\"robots\" content=\"index, follow, max-snippet:-1, max-image-preview:large, max-video-preview:-1\" \/>\n<link rel=\"canonical\" href=\"https:\/\/greenwellnessbeauty.com\/de\/wie-wir-produkte-auf-green-wellness-beauty-auswahlen\/\" \/>\n<meta property=\"og:locale\" content=\"de_DE\" \/>\n<meta property=\"og:type\" content=\"article\" \/>\n<meta property=\"og:title\" content=\"Come selezioniamo i prodotti su Green Wellness Beauty - Green Wellness Beauty\" \/>\n<meta property=\"og:description\" content=\"Come funziona \ud83c\udf3f \ud83d\udc9a Il nostro metodo di selezione Su Green Wellness Beauty crediamo che la bellezza non debba mai compromettere la salute o l\u2019ambiente. Per questo ogni prodotto che vedi sul nostro sito \u00e8 scelto con cura, attraverso un processo trasparente che unisce analisi oggettiva, competenza e sensibilit\u00e0 etica. \ud83d\udd0d 1. Analizziamo il punteggio [&hellip;]\" \/>\n<meta property=\"og:url\" content=\"https:\/\/greenwellnessbeauty.com\/de\/wie-wir-produkte-auf-green-wellness-beauty-auswahlen\/\" \/>\n<meta property=\"og:site_name\" content=\"Green Wellness Beauty\" \/>\n<meta property=\"article:modified_time\" content=\"2026-01-07T19:49:11+00:00\" \/>\n<meta name=\"twitter:card\" content=\"summary_large_image\" \/>\n<meta name=\"twitter:label1\" content=\"Gesch\u00e4tzte Lesezeit\" \/>\n\t<meta name=\"twitter:data1\" content=\"2\u00a0Minuten\" \/>\n<script type=\"application\/ld+json\" class=\"yoast-schema-graph\">{\"@context\":\"https:\\\/\\\/schema.org\",\"@graph\":[{\"@type\":\"WebPage\",\"@id\":\"https:\\\/\\\/greenwellnessbeauty.com\\\/come-selezioniamo-i-prodotti-su-green-wellness-beauty\\\/\",\"url\":\"https:\\\/\\\/greenwellnessbeauty.com\\\/come-selezioniamo-i-prodotti-su-green-wellness-beauty\\\/\",\"name\":\"Come selezioniamo i prodotti su Green Wellness Beauty - Green Wellness Beauty\",\"isPartOf\":{\"@id\":\"https:\\\/\\\/greenwellnessbeauty.com\\\/#website\"},\"datePublished\":\"2025-10-12T18:58:28+00:00\",\"dateModified\":\"2026-01-07T19:49:11+00:00\",\"breadcrumb\":{\"@id\":\"https:\\\/\\\/greenwellnessbeauty.com\\\/come-selezioniamo-i-prodotti-su-green-wellness-beauty\\\/#breadcrumb\"},\"inLanguage\":\"de\",\"potentialAction\":[{\"@type\":\"ReadAction\",\"target\":[\"https:\\\/\\\/greenwellnessbeauty.com\\\/come-selezioniamo-i-prodotti-su-green-wellness-beauty\\\/\"]}]},{\"@type\":\"BreadcrumbList\",\"@id\":\"https:\\\/\\\/greenwellnessbeauty.com\\\/come-selezioniamo-i-prodotti-su-green-wellness-beauty\\\/#breadcrumb\",\"itemListElement\":[{\"@type\":\"ListItem\",\"position\":1,\"name\":\"Home\",\"item\":\"https:\\\/\\\/greenwellnessbeauty.com\\\/\"},{\"@type\":\"ListItem\",\"position\":2,\"name\":\"Come selezioniamo i prodotti su Green Wellness Beauty\"}]},{\"@type\":\"WebSite\",\"@id\":\"https:\\\/\\\/greenwellnessbeauty.com\\\/#website\",\"url\":\"https:\\\/\\\/greenwellnessbeauty.com\\\/\",\"name\":\"Green Wellness Beauty\",\"description\":\"Riscopri il benessere autentico: prodotti valutati positivamente da Yuka per una bellezza sicura e naturale.\",\"publisher\":{\"@id\":\"https:\\\/\\\/greenwellnessbeauty.com\\\/#\\\/schema\\\/person\\\/78392f21841425f9e8d8b2b34010b901\"},\"potentialAction\":[{\"@type\":\"SearchAction\",\"target\":{\"@type\":\"EntryPoint\",\"urlTemplate\":\"https:\\\/\\\/greenwellnessbeauty.com\\\/?s={search_term_string}\"},\"query-input\":{\"@type\":\"PropertyValueSpecification\",\"valueRequired\":true,\"valueName\":\"search_term_string\"}}],\"inLanguage\":\"de\"},{\"@type\":[\"Person\",\"Organization\"],\"@id\":\"https:\\\/\\\/greenwellnessbeauty.com\\\/#\\\/schema\\\/person\\\/78392f21841425f9e8d8b2b34010b901\",\"name\":\"daniele\",\"image\":{\"@type\":\"ImageObject\",\"inLanguage\":\"de\",\"@id\":\"https:\\\/\\\/greenwellnessbeauty.com\\\/wp-content\\\/uploads\\\/2023\\\/11\\\/Logo-grigio-stretto-1.jpg\",\"url\":\"https:\\\/\\\/greenwellnessbeauty.com\\\/wp-content\\\/uploads\\\/2023\\\/11\\\/Logo-grigio-stretto-1.jpg\",\"contentUrl\":\"https:\\\/\\\/greenwellnessbeauty.com\\\/wp-content\\\/uploads\\\/2023\\\/11\\\/Logo-grigio-stretto-1.jpg\",\"width\":2508,\"height\":772,\"caption\":\"daniele\"},\"logo\":{\"@id\":\"https:\\\/\\\/greenwellnessbeauty.com\\\/wp-content\\\/uploads\\\/2023\\\/11\\\/Logo-grigio-stretto-1.jpg\"},\"sameAs\":[\"http:\\\/\\\/devisdeswg.cluster028.hosting.ovh.net\"]}]}<\/script>\n<!-- \/ Yoast SEO plugin. -->","yoast_head_json":{"title":"Wie wir Produkte auf Green Wellness Beauty ausw\u00e4hlen - Green Wellness Beauty","robots":{"index":"index","follow":"follow","max-snippet":"max-snippet:-1","max-image-preview":"max-image-preview:large","max-video-preview":"max-video-preview:-1"},"canonical":"https:\/\/greenwellnessbeauty.com\/de\/wie-wir-produkte-auf-green-wellness-beauty-auswahlen\/","og_locale":"de_DE","og_type":"article","og_title":"Come selezioniamo i prodotti su Green Wellness Beauty - Green Wellness Beauty","og_description":"Come funziona \ud83c\udf3f \ud83d\udc9a Il nostro metodo di selezione Su Green Wellness Beauty crediamo che la bellezza non debba mai compromettere la salute o l\u2019ambiente. Per questo ogni prodotto che vedi sul nostro sito \u00e8 scelto con cura, attraverso un processo trasparente che unisce analisi oggettiva, competenza e sensibilit\u00e0 etica. \ud83d\udd0d 1. Analizziamo il punteggio [&hellip;]","og_url":"https:\/\/greenwellnessbeauty.com\/de\/wie-wir-produkte-auf-green-wellness-beauty-auswahlen\/","og_site_name":"Green Wellness Beauty","article_modified_time":"2026-01-07T19:49:11+00:00","twitter_card":"summary_large_image","twitter_misc":{"Gesch\u00e4tzte Lesezeit":"2\u00a0Minuten"},"schema":{"@context":"https:\/\/schema.org","@graph":[{"@type":"WebPage","@id":"https:\/\/greenwellnessbeauty.com\/come-selezioniamo-i-prodotti-su-green-wellness-beauty\/","url":"https:\/\/greenwellnessbeauty.com\/come-selezioniamo-i-prodotti-su-green-wellness-beauty\/","name":"Wie wir Produkte auf Green Wellness Beauty ausw\u00e4hlen - Green Wellness Beauty","isPartOf":{"@id":"https:\/\/greenwellnessbeauty.com\/#website"},"datePublished":"2025-10-12T18:58:28+00:00","dateModified":"2026-01-07T19:49:11+00:00","breadcrumb":{"@id":"https:\/\/greenwellnessbeauty.com\/come-selezioniamo-i-prodotti-su-green-wellness-beauty\/#breadcrumb"},"inLanguage":"de","potentialAction":[{"@type":"ReadAction","target":["https:\/\/greenwellnessbeauty.com\/come-selezioniamo-i-prodotti-su-green-wellness-beauty\/"]}]},{"@type":"BreadcrumbList","@id":"https:\/\/greenwellnessbeauty.com\/come-selezioniamo-i-prodotti-su-green-wellness-beauty\/#breadcrumb","itemListElement":[{"@type":"ListItem","position":1,"name":"Home","item":"https:\/\/greenwellnessbeauty.com\/"},{"@type":"ListItem","position":2,"name":"Come selezioniamo i prodotti su Green Wellness Beauty"}]},{"@type":"WebSite","@id":"https:\/\/greenwellnessbeauty.com\/#website","url":"https:\/\/greenwellnessbeauty.com\/","name":"Green Wellness Beauty","description":"Entdecken Sie authentisches Wohlbefinden wieder: Yukas positiv bewertete Produkte f\u00fcr sichere und nat\u00fcrliche Sch\u00f6nheit.","publisher":{"@id":"https:\/\/greenwellnessbeauty.com\/#\/schema\/person\/78392f21841425f9e8d8b2b34010b901"},"potentialAction":[{"@type":"SearchAction","target":{"@type":"EntryPoint","urlTemplate":"https:\/\/greenwellnessbeauty.com\/?s={search_term_string}"},"query-input":{"@type":"PropertyValueSpecification","valueRequired":true,"valueName":"search_term_string"}}],"inLanguage":"de"},{"@type":["Person","Organization"],"@id":"https:\/\/greenwellnessbeauty.com\/#\/schema\/person\/78392f21841425f9e8d8b2b34010b901","name":"daniele","image":{"@type":"ImageObject","inLanguage":"de","@id":"https:\/\/greenwellnessbeauty.com\/wp-content\/uploads\/2023\/11\/Logo-grigio-stretto-1.jpg","url":"https:\/\/greenwellnessbeauty.com\/wp-content\/uploads\/2023\/11\/Logo-grigio-stretto-1.jpg","contentUrl":"https:\/\/greenwellnessbeauty.com\/wp-content\/uploads\/2023\/11\/Logo-grigio-stretto-1.jpg","width":2508,"height":772,"caption":"daniele"},"logo":{"@id":"https:\/\/greenwellnessbeauty.com\/wp-content\/uploads\/2023\/11\/Logo-grigio-stretto-1.jpg"},"sameAs":["http:\/\/devisdeswg.cluster028.hosting.ovh.net"]}]}},"_links":{"self":[{"href":"https:\/\/greenwellnessbeauty.com\/de\/wp-json\/wp\/v2\/pages\/981","targetHints":{"allow":["GET"]}}],"collection":[{"href":"https:\/\/greenwellnessbeauty.com\/de\/wp-json\/wp\/v2\/pages"}],"about":[{"href":"https:\/\/greenwellnessbeauty.com\/de\/wp-json\/wp\/v2\/types\/page"}],"author":[{"embeddable":true,"href":"https:\/\/greenwellnessbeauty.com\/de\/wp-json\/wp\/v2\/users\/1"}],"replies":[{"embeddable":true,"href":"https:\/\/greenwellnessbeauty.com\/de\/wp-json\/wp\/v2\/comments?post=981"}],"version-history":[{"count":7,"href":"https:\/\/greenwellnessbeauty.com\/de\/wp-json\/wp\/v2\/pages\/981\/revisions"}],"predecessor-version":[{"id":1067,"href":"https:\/\/greenwellnessbeauty.com\/de\/wp-json\/wp\/v2\/pages\/981\/revisions\/1067"}],"wp:attachment":[{"href":"https:\/\/greenwellnessbeauty.com\/de\/wp-json\/wp\/v2\/media?parent=981"}],"curies":[{"name":"wp","href":"https:\/\/api.w.org\/{rel}","templated":true}]}}