{"id":88,"date":"2023-11-11T15:58:50","date_gmt":"2023-11-11T14:58:50","guid":{"rendered":"https:\/\/greenwellnessbeauty.com\/?page_id=88"},"modified":"2024-11-26T18:57:34","modified_gmt":"2024-11-26T17:57:34","slug":"shampoo","status":"publish","type":"page","link":"https:\/\/greenwellnessbeauty.com\/de\/shampoo\/","title":{"rendered":"Shampoo"},"content":{"rendered":"<div class=\"wp-block-query alignwide is-layout-flow wp-block-query-is-layout-flow\">\n\n\n<div class=\"wp-block-group is-layout-flow wp-block-group-is-layout-flow\" style=\"margin-top:0;margin-bottom:0;padding-top:var(--wp--preset--spacing--50);padding-right:0;padding-bottom:var(--wp--preset--spacing--50);padding-left:0\"><ul class=\"columns-3 alignfull wp-block-post-template is-layout-grid wp-container-core-post-template-is-layout-2d080239 wp-block-post-template-is-layout-grid\"><li class=\"wp-block-post post-532 post type-post status-publish format-standard has-post-thumbnail hentry category-shampoo\">\n<figure style=\"aspect-ratio:3\/4; padding-bottom:var(--wp--preset--spacing--20);margin-bottom:0;\" class=\"wp-block-post-featured-image\"><a href=\"https:\/\/greenwellnessbeauty.com\/de\/rene-furterer\/\" target=\"_self\"  ><img loading=\"lazy\" decoding=\"async\" width=\"109\" height=\"399\" src=\"https:\/\/greenwellnessbeauty.com\/wp-content\/uploads\/2025\/01\/Rene-Furterer.jpg\" class=\"attachment-post-thumbnail size-post-thumbnail wp-post-image\" alt=\"Rene Furterer\" style=\"width:100%;height:100%;object-fit:cover;\" srcset=\"https:\/\/greenwellnessbeauty.com\/wp-content\/uploads\/2025\/01\/Rene-Furterer.jpg 109w, https:\/\/greenwellnessbeauty.com\/wp-content\/uploads\/2025\/01\/Rene-Furterer-82x300.jpg 82w\" sizes=\"auto, (max-width: 109px) 100vw, 109px\" \/><\/a><\/figure>\n\n\n<div class=\"wp-block-group is-vertical is-nowrap is-layout-flex wp-container-core-group-is-layout-97ba36a5 wp-block-group-is-layout-flex\" style=\"margin-top:var(--wp--preset--spacing--20);padding-top:0\"><h2 class=\"wp-block-post-title has-large-font-size wp-container-content-32e3a40d\"><a href=\"https:\/\/greenwellnessbeauty.com\/de\/rene-furterer\/\" target=\"_self\" >Rene Furterer<\/a><\/h2>\n\n<div class=\"wp-block-post-excerpt has-text-color has-contrast-2-color has-small-font-size wp-container-content-32e3a40d\"><p class=\"wp-block-post-excerpt__excerpt\">Rene Furterer BIO Sanftes Mizellares Shampoo 400 ml <\/p><\/div>\n\n\n<div style=\"height:0px\" aria-hidden=\"true\" class=\"wp-block-spacer wp-container-content-32e3a40d\"><\/div>\n<\/div>\n\n<\/li><li class=\"wp-block-post post-528 post type-post status-publish format-standard has-post-thumbnail hentry category-shampoo\">\n<figure style=\"aspect-ratio:3\/4; padding-bottom:var(--wp--preset--spacing--20);margin-bottom:0;\" class=\"wp-block-post-featured-image\"><a href=\"https:\/\/greenwellnessbeauty.com\/de\/ducray\/\" target=\"_self\"  ><img loading=\"lazy\" decoding=\"async\" width=\"481\" height=\"693\" src=\"https:\/\/greenwellnessbeauty.com\/wp-content\/uploads\/2025\/01\/Ducray.jpg\" class=\"attachment-post-thumbnail size-post-thumbnail wp-post-image\" alt=\"Ducray\" style=\"width:100%;height:100%;object-fit:cover;\" srcset=\"https:\/\/greenwellnessbeauty.com\/wp-content\/uploads\/2025\/01\/Ducray.jpg 481w, https:\/\/greenwellnessbeauty.com\/wp-content\/uploads\/2025\/01\/Ducray-208x300.jpg 208w\" sizes=\"auto, (max-width: 481px) 100vw, 481px\" \/><\/a><\/figure>\n\n\n<div class=\"wp-block-group is-vertical is-nowrap is-layout-flex wp-container-core-group-is-layout-97ba36a5 wp-block-group-is-layout-flex\" style=\"margin-top:var(--wp--preset--spacing--20);padding-top:0\"><h2 class=\"wp-block-post-title has-large-font-size wp-container-content-32e3a40d\"><a href=\"https:\/\/greenwellnessbeauty.com\/de\/ducray\/\" target=\"_self\" >Ducray<\/a><\/h2>\n\n<div class=\"wp-block-post-excerpt has-text-color has-contrast-2-color has-small-font-size wp-container-content-32e3a40d\"><p class=\"wp-block-post-excerpt__excerpt\">Ducray Pack Extra Sanftes Shampoo - 2X400Mml <\/p><\/div>\n\n\n<div style=\"height:0px\" aria-hidden=\"true\" class=\"wp-block-spacer wp-container-content-32e3a40d\"><\/div>\n<\/div>\n\n<\/li><li class=\"wp-block-post post-522 post type-post status-publish format-standard has-post-thumbnail hentry category-shampoo\">\n<figure style=\"aspect-ratio:3\/4; padding-bottom:var(--wp--preset--spacing--20);margin-bottom:0;\" class=\"wp-block-post-featured-image\"><a href=\"https:\/\/greenwellnessbeauty.com\/de\/le-petit-olivier-2\/\" target=\"_self\"  ><img loading=\"lazy\" decoding=\"async\" width=\"373\" height=\"931\" src=\"https:\/\/greenwellnessbeauty.com\/wp-content\/uploads\/2025\/01\/LE-PETIT-OLIVIER.jpg\" class=\"attachment-post-thumbnail size-post-thumbnail wp-post-image\" alt=\"Le Petit Olivier\" style=\"width:100%;height:100%;object-fit:cover;\" srcset=\"https:\/\/greenwellnessbeauty.com\/wp-content\/uploads\/2025\/01\/LE-PETIT-OLIVIER.jpg 373w, https:\/\/greenwellnessbeauty.com\/wp-content\/uploads\/2025\/01\/LE-PETIT-OLIVIER-120x300.jpg 120w\" sizes=\"auto, (max-width: 373px) 100vw, 373px\" \/><\/a><\/figure>\n\n\n<div class=\"wp-block-group is-vertical is-nowrap is-layout-flex wp-container-core-group-is-layout-97ba36a5 wp-block-group-is-layout-flex\" style=\"margin-top:var(--wp--preset--spacing--20);padding-top:0\"><h2 class=\"wp-block-post-title has-large-font-size wp-container-content-32e3a40d\"><a href=\"https:\/\/greenwellnessbeauty.com\/de\/le-petit-olivier-2\/\" target=\"_self\" >Le Petit Olivier<\/a><\/h2>\n\n<div class=\"wp-block-post-excerpt has-text-color has-contrast-2-color has-small-font-size wp-container-content-32e3a40d\"><p class=\"wp-block-post-excerpt__excerpt\">Shampoo f\u00fcr trockenes Haar - 250ml <\/p><\/div>\n\n\n<div style=\"height:0px\" aria-hidden=\"true\" class=\"wp-block-spacer wp-container-content-32e3a40d\"><\/div>\n<\/div>\n\n<\/li><li class=\"wp-block-post post-517 post type-post status-publish format-standard has-post-thumbnail hentry category-shampoo\">\n<figure style=\"aspect-ratio:3\/4; padding-bottom:var(--wp--preset--spacing--20);margin-bottom:0;\" class=\"wp-block-post-featured-image\"><a href=\"https:\/\/greenwellnessbeauty.com\/de\/le-petit-olivier\/\" target=\"_self\"  ><img loading=\"lazy\" decoding=\"async\" width=\"692\" height=\"1500\" src=\"https:\/\/greenwellnessbeauty.com\/wp-content\/uploads\/2025\/01\/Softening-Shampoo.jpg\" class=\"attachment-post-thumbnail size-post-thumbnail wp-post-image\" alt=\"Le Petit Olivier\" style=\"width:100%;height:100%;object-fit:cover;\" srcset=\"https:\/\/greenwellnessbeauty.com\/wp-content\/uploads\/2025\/01\/Softening-Shampoo.jpg 692w, https:\/\/greenwellnessbeauty.com\/wp-content\/uploads\/2025\/01\/Softening-Shampoo-138x300.jpg 138w, https:\/\/greenwellnessbeauty.com\/wp-content\/uploads\/2025\/01\/Softening-Shampoo-472x1024.jpg 472w\" sizes=\"auto, (max-width: 692px) 100vw, 692px\" \/><\/a><\/figure>\n\n\n<div class=\"wp-block-group is-vertical is-nowrap is-layout-flex wp-container-core-group-is-layout-97ba36a5 wp-block-group-is-layout-flex\" style=\"margin-top:var(--wp--preset--spacing--20);padding-top:0\"><h2 class=\"wp-block-post-title has-large-font-size wp-container-content-32e3a40d\"><a href=\"https:\/\/greenwellnessbeauty.com\/de\/le-petit-olivier\/\" target=\"_self\" >Le Petit Olivier<\/a><\/h2>\n\n<div class=\"wp-block-post-excerpt has-text-color has-contrast-2-color has-small-font-size wp-container-content-32e3a40d\"><p class=\"wp-block-post-excerpt__excerpt\">Weichmachendes Shampoo f\u00fcr normales Haar Mandelmilch und Reiscreme (Milk Shampoo) <\/p><\/div>\n\n\n<div style=\"height:0px\" aria-hidden=\"true\" class=\"wp-block-spacer wp-container-content-32e3a40d\"><\/div>\n<\/div>\n\n<\/li><li class=\"wp-block-post post-511 post type-post status-publish format-standard has-post-thumbnail hentry category-shampoo\">\n<figure style=\"aspect-ratio:3\/4; padding-bottom:var(--wp--preset--spacing--20);margin-bottom:0;\" class=\"wp-block-post-featured-image\"><a href=\"https:\/\/greenwellnessbeauty.com\/de\/shea-moisture-starkendes-und-reparierendes-shampoo\/\" target=\"_self\"  ><img loading=\"lazy\" decoding=\"async\" width=\"401\" height=\"1038\" src=\"https:\/\/greenwellnessbeauty.com\/wp-content\/uploads\/2024\/11\/Shea-Moisture-shampoo-rinforzante-e-riparatore.jpg\" class=\"attachment-post-thumbnail size-post-thumbnail wp-post-image\" alt=\"Shea Moisture, st\u00e4rkendes und reparierendes Shampoo\" style=\"width:100%;height:100%;object-fit:cover;\" srcset=\"https:\/\/greenwellnessbeauty.com\/wp-content\/uploads\/2024\/11\/Shea-Moisture-shampoo-rinforzante-e-riparatore.jpg 401w, https:\/\/greenwellnessbeauty.com\/wp-content\/uploads\/2024\/11\/Shea-Moisture-shampoo-rinforzante-e-riparatore-116x300.jpg 116w, https:\/\/greenwellnessbeauty.com\/wp-content\/uploads\/2024\/11\/Shea-Moisture-shampoo-rinforzante-e-riparatore-396x1024.jpg 396w\" sizes=\"auto, (max-width: 401px) 100vw, 401px\" \/><\/a><\/figure>\n\n\n<div class=\"wp-block-group is-vertical is-nowrap is-layout-flex wp-container-core-group-is-layout-97ba36a5 wp-block-group-is-layout-flex\" style=\"margin-top:var(--wp--preset--spacing--20);padding-top:0\"><h2 class=\"wp-block-post-title has-large-font-size wp-container-content-32e3a40d\"><a href=\"https:\/\/greenwellnessbeauty.com\/de\/shea-moisture-starkendes-und-reparierendes-shampoo\/\" target=\"_self\" >Shea Moisture, st\u00e4rkendes und reparierendes Shampoo<\/a><\/h2>\n\n<div class=\"wp-block-post-excerpt has-text-color has-contrast-2-color has-small-font-size wp-container-content-32e3a40d\"><p class=\"wp-block-post-excerpt__excerpt\">Shea Moisture, st\u00e4rkendes und reparierendes Shampoo auf der Basis von jamaikanischem schwarzem Rizinus\u00f6l, 506 ml <\/p><\/div>\n\n\n<div style=\"height:0px\" aria-hidden=\"true\" class=\"wp-block-spacer wp-container-content-32e3a40d\"><\/div>\n<\/div>\n\n<\/li><li class=\"wp-block-post post-508 post type-post status-publish format-standard has-post-thumbnail hentry category-shampoo\">\n<figure style=\"aspect-ratio:3\/4; padding-bottom:var(--wp--preset--spacing--20);margin-bottom:0;\" class=\"wp-block-post-featured-image\"><a href=\"https:\/\/greenwellnessbeauty.com\/de\/shea-moisture-shampoo-fur-lockiges-haar\/\" target=\"_self\"  ><img loading=\"lazy\" decoding=\"async\" width=\"609\" height=\"1451\" src=\"https:\/\/greenwellnessbeauty.com\/wp-content\/uploads\/2024\/11\/Shea-Moisture-ricci.jpg\" class=\"attachment-post-thumbnail size-post-thumbnail wp-post-image\" alt=\"Shea Moisture, Shampoo f\u00fcr lockiges Haar\" style=\"width:100%;height:100%;object-fit:cover;\" srcset=\"https:\/\/greenwellnessbeauty.com\/wp-content\/uploads\/2024\/11\/Shea-Moisture-ricci.jpg 609w, https:\/\/greenwellnessbeauty.com\/wp-content\/uploads\/2024\/11\/Shea-Moisture-ricci-126x300.jpg 126w, https:\/\/greenwellnessbeauty.com\/wp-content\/uploads\/2024\/11\/Shea-Moisture-ricci-430x1024.jpg 430w\" sizes=\"auto, (max-width: 609px) 100vw, 609px\" \/><\/a><\/figure>\n\n\n<div class=\"wp-block-group is-vertical is-nowrap is-layout-flex wp-container-core-group-is-layout-97ba36a5 wp-block-group-is-layout-flex\" style=\"margin-top:var(--wp--preset--spacing--20);padding-top:0\"><h2 class=\"wp-block-post-title has-large-font-size wp-container-content-32e3a40d\"><a href=\"https:\/\/greenwellnessbeauty.com\/de\/shea-moisture-shampoo-fur-lockiges-haar\/\" target=\"_self\" >Shea Moisture, Shampoo f\u00fcr lockiges Haar<\/a><\/h2>\n\n<div class=\"wp-block-post-excerpt has-text-color has-contrast-2-color has-small-font-size wp-container-content-32e3a40d\"><p class=\"wp-block-post-excerpt__excerpt\">Shea Moisture, Shampoo f\u00fcr lockiges Haar, Duft: Kokosnuss und Hibiskus, 384 ml <\/p><\/div>\n\n\n<div style=\"height:0px\" aria-hidden=\"true\" class=\"wp-block-spacer wp-container-content-32e3a40d\"><\/div>\n<\/div>\n\n<\/li><li class=\"wp-block-post post-505 post type-post status-publish format-standard has-post-thumbnail hentry category-shampoo\">\n<figure style=\"aspect-ratio:3\/4; padding-bottom:var(--wp--preset--spacing--20);margin-bottom:0;\" class=\"wp-block-post-featured-image\"><a href=\"https:\/\/greenwellnessbeauty.com\/de\/shea-feuchtigkeit-manuka-honig-mafura-ol\/\" target=\"_self\"  ><img loading=\"lazy\" decoding=\"async\" width=\"768\" height=\"1500\" src=\"https:\/\/greenwellnessbeauty.com\/wp-content\/uploads\/2024\/11\/Shea-Moisture-Manuka-Honey-mafura-Oil.jpg\" class=\"attachment-post-thumbnail size-post-thumbnail wp-post-image\" alt=\"Shea Moisture Manuka Honig &amp; Mafura \u00d6l\" style=\"width:100%;height:100%;object-fit:cover;\" srcset=\"https:\/\/greenwellnessbeauty.com\/wp-content\/uploads\/2024\/11\/Shea-Moisture-Manuka-Honey-mafura-Oil.jpg 768w, https:\/\/greenwellnessbeauty.com\/wp-content\/uploads\/2024\/11\/Shea-Moisture-Manuka-Honey-mafura-Oil-154x300.jpg 154w, https:\/\/greenwellnessbeauty.com\/wp-content\/uploads\/2024\/11\/Shea-Moisture-Manuka-Honey-mafura-Oil-524x1024.jpg 524w\" sizes=\"auto, (max-width: 768px) 100vw, 768px\" \/><\/a><\/figure>\n\n\n<div class=\"wp-block-group is-vertical is-nowrap is-layout-flex wp-container-core-group-is-layout-97ba36a5 wp-block-group-is-layout-flex\" style=\"margin-top:var(--wp--preset--spacing--20);padding-top:0\"><h2 class=\"wp-block-post-title has-large-font-size wp-container-content-32e3a40d\"><a href=\"https:\/\/greenwellnessbeauty.com\/de\/shea-feuchtigkeit-manuka-honig-mafura-ol\/\" target=\"_self\" >Shea Moisture Manuka Honig &amp; Mafura \u00d6l<\/a><\/h2>\n\n<div class=\"wp-block-post-excerpt has-text-color has-contrast-2-color has-small-font-size wp-container-content-32e3a40d\"><p class=\"wp-block-post-excerpt__excerpt\">Shea Moisture Manuka Honig &amp; Mafura \u00d6l Intensive Feuchtigkeit Shampoo mit African Rock FIG &amp; Baobab \u00d6l 13oz <\/p><\/div>\n\n\n<div style=\"height:0px\" aria-hidden=\"true\" class=\"wp-block-spacer wp-container-content-32e3a40d\"><\/div>\n<\/div>\n\n<\/li><li class=\"wp-block-post post-496 post type-post status-publish format-standard has-post-thumbnail hentry category-shampoo\">\n<figure style=\"aspect-ratio:3\/4; padding-bottom:var(--wp--preset--spacing--20);margin-bottom:0;\" class=\"wp-block-post-featured-image\"><a href=\"https:\/\/greenwellnessbeauty.com\/de\/winnis-naturel-bio-shampoo\/\" target=\"_self\"  ><img loading=\"lazy\" decoding=\"async\" width=\"1494\" height=\"1341\" src=\"https:\/\/greenwellnessbeauty.com\/wp-content\/uploads\/2024\/11\/Winnis-Naturel-Shampoo-Bio.jpg\" class=\"attachment-post-thumbnail size-post-thumbnail wp-post-image\" alt=\"Winni&#039;s Naturel Shampoo Bio\" style=\"width:100%;height:100%;object-fit:cover;\" srcset=\"https:\/\/greenwellnessbeauty.com\/wp-content\/uploads\/2024\/11\/Winnis-Naturel-Shampoo-Bio.jpg 1494w, https:\/\/greenwellnessbeauty.com\/wp-content\/uploads\/2024\/11\/Winnis-Naturel-Shampoo-Bio-300x269.jpg 300w, https:\/\/greenwellnessbeauty.com\/wp-content\/uploads\/2024\/11\/Winnis-Naturel-Shampoo-Bio-1024x919.jpg 1024w, https:\/\/greenwellnessbeauty.com\/wp-content\/uploads\/2024\/11\/Winnis-Naturel-Shampoo-Bio-768x689.jpg 768w\" sizes=\"auto, (max-width: 1494px) 100vw, 1494px\" \/><\/a><\/figure>\n\n\n<div class=\"wp-block-group is-vertical is-nowrap is-layout-flex wp-container-core-group-is-layout-97ba36a5 wp-block-group-is-layout-flex\" style=\"margin-top:var(--wp--preset--spacing--20);padding-top:0\"><h2 class=\"wp-block-post-title has-large-font-size wp-container-content-32e3a40d\"><a href=\"https:\/\/greenwellnessbeauty.com\/de\/winnis-naturel-bio-shampoo\/\" target=\"_self\" >Winni's Naturel Shampoo Bio<\/a><\/h2>\n\n<div class=\"wp-block-post-excerpt has-text-color has-contrast-2-color has-small-font-size wp-container-content-32e3a40d\"><p class=\"wp-block-post-excerpt__excerpt\">Winni's Naturel Hypoallergenes Bio-Shampoo f\u00fcr h\u00e4ufigen Gebrauch Reinigendes Haar und empfindliche Haut Reparierende und st\u00e4rkende Wirkung Gr\u00fcner Tee und Birkenduft - 3 x 250ml Flaschen <\/p><\/div>\n\n\n<div style=\"height:0px\" aria-hidden=\"true\" class=\"wp-block-spacer wp-container-content-32e3a40d\"><\/div>\n<\/div>\n\n<\/li><\/ul>\n\n\n<div style=\"margin-top:0;margin-bottom:0;height:var(--wp--preset--spacing--40)\" aria-hidden=\"true\" class=\"wp-block-spacer\"><\/div>\n\n\n<\/div>\n<\/div>","protected":false},"excerpt":{"rendered":"","protected":false},"author":1,"featured_media":0,"parent":0,"menu_order":0,"comment_status":"closed","ping_status":"closed","template":"page-no-title","meta":{"_editorskit_title_hidden":false,"_editorskit_reading_time":0,"_editorskit_is_block_options_detached":false,"_editorskit_block_options_position":"{}","footnotes":""},"class_list":["post-88","page","type-page","status-publish","hentry"],"yoast_head":"<!-- This site is optimized with the Yoast SEO plugin v27.4 - https:\/\/yoast.com\/product\/yoast-seo-wordpress\/ -->\n<title>Shampoo - Green Wellness Beauty<\/title>\n<meta name=\"robots\" content=\"index, follow, max-snippet:-1, max-image-preview:large, max-video-preview:-1\" \/>\n<link rel=\"canonical\" href=\"https:\/\/greenwellnessbeauty.com\/de\/shampoo\/\" \/>\n<meta property=\"og:locale\" content=\"de_DE\" \/>\n<meta property=\"og:type\" content=\"article\" \/>\n<meta property=\"og:title\" content=\"Shampoo - Green Wellness Beauty\" \/>\n<meta property=\"og:url\" content=\"https:\/\/greenwellnessbeauty.com\/de\/shampoo\/\" \/>\n<meta property=\"og:site_name\" content=\"Green Wellness Beauty\" \/>\n<meta property=\"article:modified_time\" content=\"2024-11-26T17:57:34+00:00\" \/>\n<meta name=\"twitter:card\" content=\"summary_large_image\" \/>\n<script type=\"application\/ld+json\" class=\"yoast-schema-graph\">{\"@context\":\"https:\\\/\\\/schema.org\",\"@graph\":[{\"@type\":\"WebPage\",\"@id\":\"https:\\\/\\\/greenwellnessbeauty.com\\\/shampoo\\\/\",\"url\":\"https:\\\/\\\/greenwellnessbeauty.com\\\/shampoo\\\/\",\"name\":\"Shampoo - Green Wellness Beauty\",\"isPartOf\":{\"@id\":\"https:\\\/\\\/greenwellnessbeauty.com\\\/#website\"},\"datePublished\":\"2023-11-11T14:58:50+00:00\",\"dateModified\":\"2024-11-26T17:57:34+00:00\",\"breadcrumb\":{\"@id\":\"https:\\\/\\\/greenwellnessbeauty.com\\\/shampoo\\\/#breadcrumb\"},\"inLanguage\":\"de\",\"potentialAction\":[{\"@type\":\"ReadAction\",\"target\":[\"https:\\\/\\\/greenwellnessbeauty.com\\\/shampoo\\\/\"]}]},{\"@type\":\"BreadcrumbList\",\"@id\":\"https:\\\/\\\/greenwellnessbeauty.com\\\/shampoo\\\/#breadcrumb\",\"itemListElement\":[{\"@type\":\"ListItem\",\"position\":1,\"name\":\"Home\",\"item\":\"https:\\\/\\\/greenwellnessbeauty.com\\\/\"},{\"@type\":\"ListItem\",\"position\":2,\"name\":\"Shampoo\"}]},{\"@type\":\"WebSite\",\"@id\":\"https:\\\/\\\/greenwellnessbeauty.com\\\/#website\",\"url\":\"https:\\\/\\\/greenwellnessbeauty.com\\\/\",\"name\":\"Green Wellness Beauty\",\"description\":\"Riscopri il benessere autentico: prodotti valutati positivamente da Yuka per una bellezza sicura e naturale.\",\"publisher\":{\"@id\":\"https:\\\/\\\/greenwellnessbeauty.com\\\/#\\\/schema\\\/person\\\/78392f21841425f9e8d8b2b34010b901\"},\"potentialAction\":[{\"@type\":\"SearchAction\",\"target\":{\"@type\":\"EntryPoint\",\"urlTemplate\":\"https:\\\/\\\/greenwellnessbeauty.com\\\/?s={search_term_string}\"},\"query-input\":{\"@type\":\"PropertyValueSpecification\",\"valueRequired\":true,\"valueName\":\"search_term_string\"}}],\"inLanguage\":\"de\"},{\"@type\":[\"Person\",\"Organization\"],\"@id\":\"https:\\\/\\\/greenwellnessbeauty.com\\\/#\\\/schema\\\/person\\\/78392f21841425f9e8d8b2b34010b901\",\"name\":\"daniele\",\"image\":{\"@type\":\"ImageObject\",\"inLanguage\":\"de\",\"@id\":\"https:\\\/\\\/greenwellnessbeauty.com\\\/wp-content\\\/uploads\\\/2023\\\/11\\\/Logo-grigio-stretto-1.jpg\",\"url\":\"https:\\\/\\\/greenwellnessbeauty.com\\\/wp-content\\\/uploads\\\/2023\\\/11\\\/Logo-grigio-stretto-1.jpg\",\"contentUrl\":\"https:\\\/\\\/greenwellnessbeauty.com\\\/wp-content\\\/uploads\\\/2023\\\/11\\\/Logo-grigio-stretto-1.jpg\",\"width\":2508,\"height\":772,\"caption\":\"daniele\"},\"logo\":{\"@id\":\"https:\\\/\\\/greenwellnessbeauty.com\\\/wp-content\\\/uploads\\\/2023\\\/11\\\/Logo-grigio-stretto-1.jpg\"},\"sameAs\":[\"http:\\\/\\\/devisdeswg.cluster028.hosting.ovh.net\"]}]}<\/script>\n<!-- \/ Yoast SEO plugin. -->","yoast_head_json":{"title":"Shampoo - Gr\u00fcne Wellness Sch\u00f6nheit","robots":{"index":"index","follow":"follow","max-snippet":"max-snippet:-1","max-image-preview":"max-image-preview:large","max-video-preview":"max-video-preview:-1"},"canonical":"https:\/\/greenwellnessbeauty.com\/de\/shampoo\/","og_locale":"de_DE","og_type":"article","og_title":"Shampoo - Green Wellness Beauty","og_url":"https:\/\/greenwellnessbeauty.com\/de\/shampoo\/","og_site_name":"Green Wellness Beauty","article_modified_time":"2024-11-26T17:57:34+00:00","twitter_card":"summary_large_image","schema":{"@context":"https:\/\/schema.org","@graph":[{"@type":"WebPage","@id":"https:\/\/greenwellnessbeauty.com\/shampoo\/","url":"https:\/\/greenwellnessbeauty.com\/shampoo\/","name":"Shampoo - Gr\u00fcne Wellness Sch\u00f6nheit","isPartOf":{"@id":"https:\/\/greenwellnessbeauty.com\/#website"},"datePublished":"2023-11-11T14:58:50+00:00","dateModified":"2024-11-26T17:57:34+00:00","breadcrumb":{"@id":"https:\/\/greenwellnessbeauty.com\/shampoo\/#breadcrumb"},"inLanguage":"de","potentialAction":[{"@type":"ReadAction","target":["https:\/\/greenwellnessbeauty.com\/shampoo\/"]}]},{"@type":"BreadcrumbList","@id":"https:\/\/greenwellnessbeauty.com\/shampoo\/#breadcrumb","itemListElement":[{"@type":"ListItem","position":1,"name":"Home","item":"https:\/\/greenwellnessbeauty.com\/"},{"@type":"ListItem","position":2,"name":"Shampoo"}]},{"@type":"WebSite","@id":"https:\/\/greenwellnessbeauty.com\/#website","url":"https:\/\/greenwellnessbeauty.com\/","name":"Green Wellness Beauty","description":"Entdecken Sie authentisches Wohlbefinden wieder: Yukas positiv bewertete Produkte f\u00fcr sichere und nat\u00fcrliche Sch\u00f6nheit.","publisher":{"@id":"https:\/\/greenwellnessbeauty.com\/#\/schema\/person\/78392f21841425f9e8d8b2b34010b901"},"potentialAction":[{"@type":"SearchAction","target":{"@type":"EntryPoint","urlTemplate":"https:\/\/greenwellnessbeauty.com\/?s={search_term_string}"},"query-input":{"@type":"PropertyValueSpecification","valueRequired":true,"valueName":"search_term_string"}}],"inLanguage":"de"},{"@type":["Person","Organization"],"@id":"https:\/\/greenwellnessbeauty.com\/#\/schema\/person\/78392f21841425f9e8d8b2b34010b901","name":"daniele","image":{"@type":"ImageObject","inLanguage":"de","@id":"https:\/\/greenwellnessbeauty.com\/wp-content\/uploads\/2023\/11\/Logo-grigio-stretto-1.jpg","url":"https:\/\/greenwellnessbeauty.com\/wp-content\/uploads\/2023\/11\/Logo-grigio-stretto-1.jpg","contentUrl":"https:\/\/greenwellnessbeauty.com\/wp-content\/uploads\/2023\/11\/Logo-grigio-stretto-1.jpg","width":2508,"height":772,"caption":"daniele"},"logo":{"@id":"https:\/\/greenwellnessbeauty.com\/wp-content\/uploads\/2023\/11\/Logo-grigio-stretto-1.jpg"},"sameAs":["http:\/\/devisdeswg.cluster028.hosting.ovh.net"]}]}},"_links":{"self":[{"href":"https:\/\/greenwellnessbeauty.com\/de\/wp-json\/wp\/v2\/pages\/88","targetHints":{"allow":["GET"]}}],"collection":[{"href":"https:\/\/greenwellnessbeauty.com\/de\/wp-json\/wp\/v2\/pages"}],"about":[{"href":"https:\/\/greenwellnessbeauty.com\/de\/wp-json\/wp\/v2\/types\/page"}],"author":[{"embeddable":true,"href":"https:\/\/greenwellnessbeauty.com\/de\/wp-json\/wp\/v2\/users\/1"}],"replies":[{"embeddable":true,"href":"https:\/\/greenwellnessbeauty.com\/de\/wp-json\/wp\/v2\/comments?post=88"}],"version-history":[{"count":3,"href":"https:\/\/greenwellnessbeauty.com\/de\/wp-json\/wp\/v2\/pages\/88\/revisions"}],"predecessor-version":[{"id":504,"href":"https:\/\/greenwellnessbeauty.com\/de\/wp-json\/wp\/v2\/pages\/88\/revisions\/504"}],"wp:attachment":[{"href":"https:\/\/greenwellnessbeauty.com\/de\/wp-json\/wp\/v2\/media?parent=88"}],"curies":[{"name":"wp","href":"https:\/\/api.w.org\/{rel}","templated":true}]}}