{"id":697,"date":"2025-02-23T19:18:12","date_gmt":"2025-02-23T18:18:12","guid":{"rendered":"https:\/\/greenwellnessbeauty.com\/?page_id=697"},"modified":"2025-10-29T22:38:22","modified_gmt":"2025-10-29T21:38:22","slug":"bedingungen-und-konditionen","status":"publish","type":"page","link":"https:\/\/greenwellnessbeauty.com\/de\/bedingungen-und-konditionen\/","title":{"rendered":"Bedingungen und Konditionen"},"content":{"rendered":"<h2 class=\"wp-block-heading\"><strong>Bedingungen und Konditionen<\/strong><\/h2>\n\n\n\n<p><strong>Zuletzt aktualisiert:<\/strong> 23\/02\/2025<\/p>\n\n\n\n<p>Willkommen bei <strong>Green Wellness Beauty<\/strong>. Durch den Zugriff auf und die Nutzung unserer Website <a href=\"https:\/\/greenwellnessbeauty.com\/de\/\">https:\/\/greenwellnessbeauty.com\/<\/a>, erkl\u00e4ren Sie sich mit den folgenden Bedingungen und Konditionen einverstanden. Wenn Sie mit einer der Bedingungen nicht einverstanden sind, nutzen Sie unsere Website bitte nicht.<\/p>\n\n\n\n<h2 class=\"wp-block-heading\"><strong>1. Begriffsbestimmungen<\/strong><\/h2>\n\n\n\n<ul class=\"wp-block-list\">\n<li><strong>\u201cStandort\u201d<\/strong>: die Website <a href=\"https:\/\/greenwellnessbeauty.com\/de\/\">www.greenwellnessbeauty.com<\/a><\/li>\n\n\n\n<li><strong>\u201cBenutzer\u201d<\/strong>: jede Person, die auf die Website zugreift und sie nutzt<\/li>\n\n\n\n<li><strong>\u201cZugeh\u00f6rigkeit\u201d.\u201d<\/strong>Teilnahme an der <strong>Amazon Partnerprogramm<\/strong>, durch die die Website eine Provision f\u00fcr K\u00e4ufe erhalten kann, die \u00fcber Links auf den Seiten get\u00e4tigt werden.<\/li>\n<\/ul>\n\n\n\n<h2 class=\"wp-block-heading\"><strong>2. Art der Dienstleistung<\/strong><\/h2>\n\n\n\n<p>Die Website verkauft keine Produkte direkt, sondern bietet Beratung und Bewertungen zu K\u00f6rperpflege- und Wellnessprodukten. Einige Links stammen von Amazon Affiliates oder anderen Partnern: Wenn Sie \u00fcber diese Links einen Kauf t\u00e4tigen, erhalten wir m\u00f6glicherweise eine Provision, ohne dass Ihnen dadurch zus\u00e4tzliche Kosten entstehen.<br>Wir beziehen uns auf die Bewertungen der Yuka-App, die die Zusammensetzung der Produktinhaltsstoffe analysiert und eine Bewertung auf der Grundlage von Gesundheits- und Qualit\u00e4tskriterien vornimmt. Gr\u00fcne Wellness Sch\u00f6nheit <strong>ist weder mit Yuka SAS verbunden noch von Yuka SAS genehmigt<\/strong>. Die Informationen werden zu Informationszwecken bereitgestellt; wir empfehlen den Nutzern dringend, vor dem Kauf offizielle Quellen zu konsultieren.<\/p>\n\n\n\n<h2 class=\"wp-block-heading\"><strong>3. Produkthaftung<\/strong><\/h2>\n\n\n\n<p>Da alle K\u00e4ufe auf Amazon oder anderen Websites Dritter get\u00e4tigt werden, <strong>Green Wellness Beauty ist nicht verantwortlich f\u00fcr die Qualit\u00e4t, Verf\u00fcgbarkeit, Lieferung oder den Kundenservice der gekauften Produkte<\/strong>. Alle Beschwerden, R\u00fccksendungen oder Serviceanfragen sollten direkt an den Verk\u00e4ufer auf Amazon gerichtet werden.<\/p>\n\n\n\n<h2 class=\"wp-block-heading\"><strong>4. Genauigkeit der Informationen<\/strong><\/h2>\n\n\n\n<p>Wir tun unser Bestes, um genaue und aktuelle Informationen zu liefern, aber wir k\u00f6nnen nicht garantieren, dass die Produktbeschreibungen, die von Yuka abgegebenen Bewertungen, die Preise oder die Verf\u00fcgbarkeit immer korrekt sind, da sich diese Angaben ohne vorherige Ank\u00fcndigung \u00e4ndern k\u00f6nnen.<\/p>\n\n\n\n<h2 class=\"wp-block-heading\"><strong>5. Geistiges Eigentum<\/strong><\/h2>\n\n\n\n<p>Der gesamte Inhalt der Website, einschlie\u00dflich der Texte, Bilder, Logos und Grafiken, ist Eigentum von Green Wellness Beauty und durch das Urheberrecht gesch\u00fctzt. Die Vervielf\u00e4ltigung oder Verbreitung ohne Genehmigung ist verboten.<\/p>\n\n\n\n<h2 class=\"wp-block-heading\"><strong>6. Begrenzung der Haftung<\/strong><\/h2>\n\n\n\n<p>Green Wellness Beauty ist nicht verantwortlich f\u00fcr:<\/p>\n\n\n\n<ul class=\"wp-block-list\">\n<li>Jegliche Fehler oder Auslassungen in den auf der Website bereitgestellten Informationen<\/li>\n\n\n\n<li>Jegliche Sch\u00e4den, die durch die Nutzung der Website oder der Partnerlinks entstehen<\/li>\n\n\n\n<li>Probleme mit K\u00e4ufen auf Amazon oder anderen Plattformen Dritter<\/li>\n\n\n\n<li>Noten oder Produktbewertungen, die von Yuka bereitgestellt werden, da es sich um einen unabh\u00e4ngigen externen Dienst handelt<\/li>\n<\/ul>\n\n\n\n<p>Die Nutzung der Website erfolgt auf eigene Gefahr.<\/p>\n\n\n\n<h2 class=\"wp-block-heading\"><strong>7. \u00c4nderungen der Bedingungen<\/strong><\/h2>\n\n\n\n<p>Wir behalten uns das Recht vor, diese Allgemeinen Gesch\u00e4ftsbedingungen jederzeit zu \u00e4ndern. Die \u00c4nderungen treten mit dem Datum der Ver\u00f6ffentlichung auf der Website in Kraft.<\/p>\n\n\n\n<h2 class=\"wp-block-heading\"><strong>8. Anwendbares Recht<\/strong><\/h2>\n\n\n\n<p>Die vorliegenden Bedingungen unterliegen dem italienischen Recht. <\/p>\n\n\n\n<h2 class=\"wp-block-heading\"><strong>9. Marken und Zitate von Dritten<\/strong><\/h2>\n\n\n\n<p>Yuka ist eine eingetragene Marke im Besitz von <strong>Yuka SAS<\/strong>.<br><strong>Green Wellness Beauty<\/strong> ist nicht mit Yuka SAS verbunden, wird nicht von Yuka SAS gesponsert oder bef\u00fcrwortet.<br>Die auf der Website angegebenen Yuka-Bewertungen werden zu folgenden Zwecken zur Verf\u00fcgung gestellt <strong>rein informativ<\/strong> und beruhen auf manuellen \u00dcberpr\u00fcfungen durch unser Team.<br>Alle erw\u00e4hnten Marken, Logos und Handelsnamen sind Eigentum ihrer jeweiligen Inhaber und werden nur zu Beschreibungs- oder Identifikationszwecken verwendet.<\/p>\n\n\n\n<h2 class=\"wp-block-heading\"><strong>11. Transparenz der Werbung<\/strong><\/h2>\n\n\n\n<p>Als Partner von Amazon EU und anderen Partnerprogrammen kann Green Wellness Beauty eine Provision f\u00fcr berechtigte K\u00e4ufe erhalten, die \u00fcber Links auf der Website get\u00e4tigt werden, ohne dass dem Nutzer zus\u00e4tzliche Kosten entstehen.<\/p>\n\n\n\n<h2 class=\"wp-block-heading\"><strong>12. Kontakt<\/strong><\/h2>\n\n\n\n<p>Wenn Sie Fragen haben, wenden Sie sich bitte an uns:<br><strong>E-Mail<\/strong>: danieledevis@hotmail.com<br><strong>Adresse<\/strong>: via ca\u2019 nova 12 - 37010 - Costermano sul Garda (VR)<\/p>","protected":false},"excerpt":{"rendered":"<p>Termini e Condizioni Ultimo aggiornamento: 23\/02\/2025 Benvenuto su Green Wellness Beauty. Accedendo e utilizzando il nostro sito web https:\/\/greenwellnessbeauty.com\/, accetti i seguenti Termini e Condizioni. Se non sei d\u2019accordo con uno qualsiasi dei termini, ti invitiamo a non utilizzare il nostro sito. 1. Definizioni 2. Natura del Servizio Il Sito non vende direttamente prodotti, ma [&hellip;]<\/p>\n","protected":false},"author":1,"featured_media":0,"parent":0,"menu_order":0,"comment_status":"closed","ping_status":"closed","template":"page-no-title","meta":{"_editorskit_title_hidden":false,"_editorskit_reading_time":0,"_editorskit_is_block_options_detached":false,"_editorskit_block_options_position":"{}","footnotes":""},"class_list":["post-697","page","type-page","status-publish","hentry"],"yoast_head":"<!-- This site is optimized with the Yoast SEO plugin v27.4 - https:\/\/yoast.com\/product\/yoast-seo-wordpress\/ -->\n<title>Termini e Condizioni - Green Wellness Beauty<\/title>\n<meta name=\"robots\" content=\"index, follow, max-snippet:-1, max-image-preview:large, max-video-preview:-1\" \/>\n<link rel=\"canonical\" href=\"https:\/\/greenwellnessbeauty.com\/de\/bedingungen-und-konditionen\/\" \/>\n<meta property=\"og:locale\" content=\"de_DE\" \/>\n<meta property=\"og:type\" content=\"article\" \/>\n<meta property=\"og:title\" content=\"Termini e Condizioni - Green Wellness Beauty\" \/>\n<meta property=\"og:description\" content=\"Termini e Condizioni Ultimo aggiornamento: 23\/02\/2025 Benvenuto su Green Wellness Beauty. Accedendo e utilizzando il nostro sito web https:\/\/greenwellnessbeauty.com\/, accetti i seguenti Termini e Condizioni. Se non sei d\u2019accordo con uno qualsiasi dei termini, ti invitiamo a non utilizzare il nostro sito. 1. Definizioni 2. Natura del Servizio Il Sito non vende direttamente prodotti, ma [&hellip;]\" \/>\n<meta property=\"og:url\" content=\"https:\/\/greenwellnessbeauty.com\/de\/bedingungen-und-konditionen\/\" \/>\n<meta property=\"og:site_name\" content=\"Green Wellness Beauty\" \/>\n<meta property=\"article:modified_time\" content=\"2025-10-29T21:38:22+00:00\" \/>\n<meta name=\"twitter:card\" content=\"summary_large_image\" \/>\n<meta name=\"twitter:label1\" content=\"Gesch\u00e4tzte Lesezeit\" \/>\n\t<meta name=\"twitter:data1\" content=\"3\u00a0Minuten\" \/>\n<script type=\"application\/ld+json\" class=\"yoast-schema-graph\">{\"@context\":\"https:\\\/\\\/schema.org\",\"@graph\":[{\"@type\":\"WebPage\",\"@id\":\"https:\\\/\\\/greenwellnessbeauty.com\\\/termini-e-condizioni\\\/\",\"url\":\"https:\\\/\\\/greenwellnessbeauty.com\\\/termini-e-condizioni\\\/\",\"name\":\"Termini e Condizioni - Green Wellness Beauty\",\"isPartOf\":{\"@id\":\"https:\\\/\\\/greenwellnessbeauty.com\\\/#website\"},\"datePublished\":\"2025-02-23T18:18:12+00:00\",\"dateModified\":\"2025-10-29T21:38:22+00:00\",\"breadcrumb\":{\"@id\":\"https:\\\/\\\/greenwellnessbeauty.com\\\/termini-e-condizioni\\\/#breadcrumb\"},\"inLanguage\":\"de\",\"potentialAction\":[{\"@type\":\"ReadAction\",\"target\":[\"https:\\\/\\\/greenwellnessbeauty.com\\\/termini-e-condizioni\\\/\"]}]},{\"@type\":\"BreadcrumbList\",\"@id\":\"https:\\\/\\\/greenwellnessbeauty.com\\\/termini-e-condizioni\\\/#breadcrumb\",\"itemListElement\":[{\"@type\":\"ListItem\",\"position\":1,\"name\":\"Home\",\"item\":\"https:\\\/\\\/greenwellnessbeauty.com\\\/\"},{\"@type\":\"ListItem\",\"position\":2,\"name\":\"Termini e Condizioni\"}]},{\"@type\":\"WebSite\",\"@id\":\"https:\\\/\\\/greenwellnessbeauty.com\\\/#website\",\"url\":\"https:\\\/\\\/greenwellnessbeauty.com\\\/\",\"name\":\"Green Wellness Beauty\",\"description\":\"Riscopri il benessere autentico: prodotti valutati positivamente da Yuka per una bellezza sicura e naturale.\",\"publisher\":{\"@id\":\"https:\\\/\\\/greenwellnessbeauty.com\\\/#\\\/schema\\\/person\\\/78392f21841425f9e8d8b2b34010b901\"},\"potentialAction\":[{\"@type\":\"SearchAction\",\"target\":{\"@type\":\"EntryPoint\",\"urlTemplate\":\"https:\\\/\\\/greenwellnessbeauty.com\\\/?s={search_term_string}\"},\"query-input\":{\"@type\":\"PropertyValueSpecification\",\"valueRequired\":true,\"valueName\":\"search_term_string\"}}],\"inLanguage\":\"de\"},{\"@type\":[\"Person\",\"Organization\"],\"@id\":\"https:\\\/\\\/greenwellnessbeauty.com\\\/#\\\/schema\\\/person\\\/78392f21841425f9e8d8b2b34010b901\",\"name\":\"daniele\",\"image\":{\"@type\":\"ImageObject\",\"inLanguage\":\"de\",\"@id\":\"https:\\\/\\\/greenwellnessbeauty.com\\\/wp-content\\\/uploads\\\/2023\\\/11\\\/Logo-grigio-stretto-1.jpg\",\"url\":\"https:\\\/\\\/greenwellnessbeauty.com\\\/wp-content\\\/uploads\\\/2023\\\/11\\\/Logo-grigio-stretto-1.jpg\",\"contentUrl\":\"https:\\\/\\\/greenwellnessbeauty.com\\\/wp-content\\\/uploads\\\/2023\\\/11\\\/Logo-grigio-stretto-1.jpg\",\"width\":2508,\"height\":772,\"caption\":\"daniele\"},\"logo\":{\"@id\":\"https:\\\/\\\/greenwellnessbeauty.com\\\/wp-content\\\/uploads\\\/2023\\\/11\\\/Logo-grigio-stretto-1.jpg\"},\"sameAs\":[\"http:\\\/\\\/devisdeswg.cluster028.hosting.ovh.net\"]}]}<\/script>\n<!-- \/ Yoast SEO plugin. -->","yoast_head_json":{"title":"Bedingungen und Konditionen - Green Wellness Beauty","robots":{"index":"index","follow":"follow","max-snippet":"max-snippet:-1","max-image-preview":"max-image-preview:large","max-video-preview":"max-video-preview:-1"},"canonical":"https:\/\/greenwellnessbeauty.com\/de\/bedingungen-und-konditionen\/","og_locale":"de_DE","og_type":"article","og_title":"Termini e Condizioni - Green Wellness Beauty","og_description":"Termini e Condizioni Ultimo aggiornamento: 23\/02\/2025 Benvenuto su Green Wellness Beauty. Accedendo e utilizzando il nostro sito web https:\/\/greenwellnessbeauty.com\/, accetti i seguenti Termini e Condizioni. Se non sei d\u2019accordo con uno qualsiasi dei termini, ti invitiamo a non utilizzare il nostro sito. 1. Definizioni 2. Natura del Servizio Il Sito non vende direttamente prodotti, ma [&hellip;]","og_url":"https:\/\/greenwellnessbeauty.com\/de\/bedingungen-und-konditionen\/","og_site_name":"Green Wellness Beauty","article_modified_time":"2025-10-29T21:38:22+00:00","twitter_card":"summary_large_image","twitter_misc":{"Gesch\u00e4tzte Lesezeit":"3\u00a0Minuten"},"schema":{"@context":"https:\/\/schema.org","@graph":[{"@type":"WebPage","@id":"https:\/\/greenwellnessbeauty.com\/termini-e-condizioni\/","url":"https:\/\/greenwellnessbeauty.com\/termini-e-condizioni\/","name":"Bedingungen und Konditionen - Green Wellness Beauty","isPartOf":{"@id":"https:\/\/greenwellnessbeauty.com\/#website"},"datePublished":"2025-02-23T18:18:12+00:00","dateModified":"2025-10-29T21:38:22+00:00","breadcrumb":{"@id":"https:\/\/greenwellnessbeauty.com\/termini-e-condizioni\/#breadcrumb"},"inLanguage":"de","potentialAction":[{"@type":"ReadAction","target":["https:\/\/greenwellnessbeauty.com\/termini-e-condizioni\/"]}]},{"@type":"BreadcrumbList","@id":"https:\/\/greenwellnessbeauty.com\/termini-e-condizioni\/#breadcrumb","itemListElement":[{"@type":"ListItem","position":1,"name":"Home","item":"https:\/\/greenwellnessbeauty.com\/"},{"@type":"ListItem","position":2,"name":"Termini e Condizioni"}]},{"@type":"WebSite","@id":"https:\/\/greenwellnessbeauty.com\/#website","url":"https:\/\/greenwellnessbeauty.com\/","name":"Green Wellness Beauty","description":"Entdecken Sie authentisches Wohlbefinden wieder: Yukas positiv bewertete Produkte f\u00fcr sichere und nat\u00fcrliche Sch\u00f6nheit.","publisher":{"@id":"https:\/\/greenwellnessbeauty.com\/#\/schema\/person\/78392f21841425f9e8d8b2b34010b901"},"potentialAction":[{"@type":"SearchAction","target":{"@type":"EntryPoint","urlTemplate":"https:\/\/greenwellnessbeauty.com\/?s={search_term_string}"},"query-input":{"@type":"PropertyValueSpecification","valueRequired":true,"valueName":"search_term_string"}}],"inLanguage":"de"},{"@type":["Person","Organization"],"@id":"https:\/\/greenwellnessbeauty.com\/#\/schema\/person\/78392f21841425f9e8d8b2b34010b901","name":"daniele","image":{"@type":"ImageObject","inLanguage":"de","@id":"https:\/\/greenwellnessbeauty.com\/wp-content\/uploads\/2023\/11\/Logo-grigio-stretto-1.jpg","url":"https:\/\/greenwellnessbeauty.com\/wp-content\/uploads\/2023\/11\/Logo-grigio-stretto-1.jpg","contentUrl":"https:\/\/greenwellnessbeauty.com\/wp-content\/uploads\/2023\/11\/Logo-grigio-stretto-1.jpg","width":2508,"height":772,"caption":"daniele"},"logo":{"@id":"https:\/\/greenwellnessbeauty.com\/wp-content\/uploads\/2023\/11\/Logo-grigio-stretto-1.jpg"},"sameAs":["http:\/\/devisdeswg.cluster028.hosting.ovh.net"]}]}},"_links":{"self":[{"href":"https:\/\/greenwellnessbeauty.com\/de\/wp-json\/wp\/v2\/pages\/697","targetHints":{"allow":["GET"]}}],"collection":[{"href":"https:\/\/greenwellnessbeauty.com\/de\/wp-json\/wp\/v2\/pages"}],"about":[{"href":"https:\/\/greenwellnessbeauty.com\/de\/wp-json\/wp\/v2\/types\/page"}],"author":[{"embeddable":true,"href":"https:\/\/greenwellnessbeauty.com\/de\/wp-json\/wp\/v2\/users\/1"}],"replies":[{"embeddable":true,"href":"https:\/\/greenwellnessbeauty.com\/de\/wp-json\/wp\/v2\/comments?post=697"}],"version-history":[{"count":5,"href":"https:\/\/greenwellnessbeauty.com\/de\/wp-json\/wp\/v2\/pages\/697\/revisions"}],"predecessor-version":[{"id":1037,"href":"https:\/\/greenwellnessbeauty.com\/de\/wp-json\/wp\/v2\/pages\/697\/revisions\/1037"}],"wp:attachment":[{"href":"https:\/\/greenwellnessbeauty.com\/de\/wp-json\/wp\/v2\/media?parent=697"}],"curies":[{"name":"wp","href":"https:\/\/api.w.org\/{rel}","templated":true}]}}