{"id":215,"date":"2023-11-11T21:51:51","date_gmt":"2023-11-11T20:51:51","guid":{"rendered":"https:\/\/greenwellnessbeauty.com\/?page_id=215"},"modified":"2025-10-12T21:50:43","modified_gmt":"2025-10-12T19:50:43","slug":"wer-wir-sind","status":"publish","type":"page","link":"https:\/\/greenwellnessbeauty.com\/de\/wer-wir-sind\/","title":{"rendered":"\u00dcber uns"},"content":{"rendered":"<div class=\"wp-block-group alignfull has-global-padding is-layout-constrained wp-container-core-group-is-layout-d89aad35 wp-block-group-is-layout-constrained\" style=\"margin-top:0;margin-bottom:0;padding-top:var(--wp--preset--spacing--50);padding-right:var(--wp--preset--spacing--50);padding-bottom:var(--wp--preset--spacing--50);padding-left:var(--wp--preset--spacing--50)\">\n<div class=\"wp-block-group alignwide has-global-padding is-layout-constrained wp-container-core-group-is-layout-19e250f3 wp-block-group-is-layout-constrained\">\n<div class=\"wp-block-group is-vertical is-content-justification-center is-layout-flex wp-container-core-group-is-layout-6329a8f3 wp-block-group-is-layout-flex\">\n<h3 class=\"wp-block-heading has-text-align-center\">\ud83c\udf3f \u00dcber Green Wellness Beauty<\/h3>\n\n\n\n<p class=\"has-text-align-center\">Willkommen bei <strong>Green Wellness Beauty<\/strong>, wo Sch\u00f6nheit auf Wohlbefinden trifft \ud83c\udf38<\/p>\n\n\n\n<p class=\"has-text-align-center\">Wir glauben, dass wahre Sch\u00f6nheit entsteht durch <strong>bewusste Entscheidungen<\/strong>, Respekt vor der eigenen Haut und Liebe zur Natur.<br>Unser Ziel ist es, Ihnen ein <strong>sorgf\u00e4ltige Auswahl von nat\u00fcrlichen und sicheren Produkten<\/strong>, die aufgrund ihrer Qualit\u00e4t, Wirksamkeit und Nachhaltigkeit ausgew\u00e4hlt wurden, um Sie dabei zu unterst\u00fctzen, sich auf m\u00f6glichst gesunde und authentische Weise um sich selbst zu k\u00fcmmern.<\/p>\n<\/div>\n\n\n\n<div style=\"height:var(--wp--preset--spacing--40)\" aria-hidden=\"true\" class=\"wp-block-spacer\"><\/div>\n\n\n\n<div class=\"wp-block-columns alignwide is-layout-flex wp-container-core-columns-is-layout-d1c656ed wp-block-columns-is-layout-flex\">\n<div class=\"wp-block-column is-vertically-aligned-center is-layout-flow wp-block-column-is-layout-flow\" style=\"flex-basis:40%\">\n<h3 class=\"wp-block-heading has-text-align-center\">\ud83d\udc9a Unser Engagement<\/h3>\n\n\n\n<ul class=\"wp-block-list\">\n<li><strong>Qualit\u00e4t<\/strong>Jedes Produkt, das auf Green Wellness Beauty empfohlen wird, wurde sorgf\u00e4ltig ausgew\u00e4hlt und getestet, um Folgendes zu garantieren <strong>hohe Standards f\u00fcr Sicherheit und Leistung<\/strong>.<\/li>\n\n\n\n<li><strong>Nachhaltigkeit<\/strong>Wir f\u00f6rdern umweltfreundliche Marken und Praktiken, von der Auswahl der Rohstoffe bis hin zur Endverpackung. Wir sind der Meinung, dass K\u00f6rperpflegeprodukte den Planeten nicht belasten sollten. \ud83c\udf0d<\/li>\n\n\n\n<li><strong>Transparenz<\/strong>Wir glauben an Transparenz. Sie verdienen es zu wissen, was Sie auf Ihre Haut auftragen, und wir sind hier, um klare und ehrliche Informationen \u00fcber die von uns empfohlenen Produkte zu liefern.<\/li>\n<\/ul>\n<\/div>\n\n\n\n<div class=\"wp-block-column is-layout-flow wp-block-column-is-layout-flow\" style=\"flex-basis:50%\">\n<figure class=\"wp-block-image size-large is-style-rounded is-style-rounded--1\"><img loading=\"lazy\" decoding=\"async\" width=\"1024\" height=\"682\" src=\"https:\/\/greenwellnessbeauty.com\/wp-content\/uploads\/2023\/11\/stones-1341224_1280-1024x682.jpg\" alt=\"\" class=\"wp-image-235\" srcset=\"https:\/\/greenwellnessbeauty.com\/wp-content\/uploads\/2023\/11\/stones-1341224_1280-1024x682.jpg 1024w, https:\/\/greenwellnessbeauty.com\/wp-content\/uploads\/2023\/11\/stones-1341224_1280-300x200.jpg 300w, https:\/\/greenwellnessbeauty.com\/wp-content\/uploads\/2023\/11\/stones-1341224_1280-768x512.jpg 768w, https:\/\/greenwellnessbeauty.com\/wp-content\/uploads\/2023\/11\/stones-1341224_1280.jpg 1280w\" sizes=\"auto, (max-width: 1024px) 100vw, 1024px\" \/><\/figure>\n<\/div>\n<\/div>\n\n\n\n<div style=\"height:var(--wp--preset--spacing--40)\" aria-hidden=\"true\" class=\"wp-block-spacer\"><\/div>\n\n\n\n<div class=\"wp-block-columns alignwide is-layout-flex wp-container-core-columns-is-layout-d1c656ed wp-block-columns-is-layout-flex\">\n<div class=\"wp-block-column is-layout-flow wp-block-column-is-layout-flow\" style=\"flex-basis:50%\">\n<figure class=\"wp-block-image size-large is-style-rounded is-style-rounded--2\"><img loading=\"lazy\" decoding=\"async\" width=\"1024\" height=\"768\" src=\"https:\/\/greenwellnessbeauty.com\/wp-content\/uploads\/2023\/11\/lemon-906141_1280-1024x768.jpg\" alt=\"\" class=\"wp-image-237\" srcset=\"https:\/\/greenwellnessbeauty.com\/wp-content\/uploads\/2023\/11\/lemon-906141_1280-1024x768.jpg 1024w, https:\/\/greenwellnessbeauty.com\/wp-content\/uploads\/2023\/11\/lemon-906141_1280-300x225.jpg 300w, https:\/\/greenwellnessbeauty.com\/wp-content\/uploads\/2023\/11\/lemon-906141_1280-768x576.jpg 768w, https:\/\/greenwellnessbeauty.com\/wp-content\/uploads\/2023\/11\/lemon-906141_1280.jpg 1280w\" sizes=\"auto, (max-width: 1024px) 100vw, 1024px\" \/><\/figure>\n<\/div>\n\n\n\n<div class=\"wp-block-column is-vertically-aligned-center is-layout-flow wp-block-column-is-layout-flow\" style=\"flex-basis:40%\">\n<h3 class=\"wp-block-heading has-text-align-center\">Warum w\u00e4hlen <br>Green Wellness Beauty ?<\/h3>\n\n\n\n<ul class=\"wp-block-list\">\n<li><strong>Auswahl von gesunden und sicheren Produkten<\/strong>Jedes empfohlene Produkt ist bewertet <strong>mindestens 80\/100 auf Yuka<\/strong>, Sie garantieren Formeln, die frei von sch\u00e4dlichen Inhaltsstoffen und reich an nat\u00fcrlichen Komponenten f\u00fcr das Wohlbefinden der Haut sind.<\/li>\n\n\n\n<li><strong>Verpflichtung zur Transparenz<\/strong>Wir bieten ausf\u00fchrliche Datenbl\u00e4tter, ehrliche Bewertungen und Informationen \u00fcber Inhaltsstoffe und Zertifizierungen, um Ihnen die Entscheidung zu erleichtern. <strong>fundierte Entscheidungen<\/strong>.<\/li>\n\n\n\n<li><strong>Nachhaltige Sch\u00f6nheit<\/strong>Wir w\u00e4hlen Marken aus, die unsere Philosophie teilen: <strong>nat\u00fcrliche, vegane, grausam-freie Kosmetik<\/strong> und mit umweltfreundlicher Verpackung - um Sie im Einklang mit der Natur zu versorgen. \ud83c\udf3f<\/li>\n<\/ul>\n<\/div>\n<\/div>\n<\/div>\n\n\n\n<div style=\"height:var(--wp--preset--spacing--40)\" aria-hidden=\"true\" class=\"wp-block-spacer\"><\/div>\n\n\n\n<h3 class=\"wp-block-heading has-text-align-center\">Unsere Vision<\/h3>\n\n\n\n<p class=\"has-text-align-center\">Wir stellen uns eine Welt vor, in der Sch\u00f6nheit gleichbedeutend mit Bewusstsein ist, in der jedes Produkt, das Sie verwenden, ein Schritt in Richtung eines ges\u00fcnderen, nachhaltigeren Lebensstils ist. Mit unserem Sortiment sorgf\u00e4ltig ausgew\u00e4hlter Produkte m\u00f6chten wir Sie in die Lage versetzen, eine bewusste Entscheidung f\u00fcr Ihre Haut- und K\u00f6rperpflege zu treffen.<\/p>\n\n\n\n<div style=\"height:var(--wp--preset--spacing--40)\" aria-hidden=\"true\" class=\"wp-block-spacer\"><\/div>\n\n\n\n<h3 class=\"wp-block-heading has-text-align-center\">Unsere Geschichte<\/h3>\n\n\n\n<p class=\"has-text-align-center\">Green Wellness Beauty wurde aus dem Wunsch heraus geboren, die <strong>Sch\u00f6nheit, Gesundheit und Nachhaltigkeit<\/strong> zu einer einzigen Plattform. Alles begann mit einer einfachen Idee: einen Ort zu schaffen, an dem es einfach war, die <strong>zuverl\u00e4ssige und kritisch ausgew\u00e4hlte Produkte<\/strong>, Vermeidung von zeitaufw\u00e4ndigen Recherchen und Zweifeln an den Inhaltsstoffen. <\/p>\n\n\n\n<p class=\"has-text-align-center\">Unser Ziel ist auch heute noch dasselbe: <strong>damit Sie mit gutem Gewissen w\u00e4hlen k\u00f6nnen<\/strong>, die Sie zu einer gr\u00fcneren, bewussteren und pers\u00f6nlicheren Sch\u00f6nheit inspirieren. \ud83c\udf38<\/p>\n\n\n\n<div style=\"height:var(--wp--preset--spacing--40)\" aria-hidden=\"true\" class=\"wp-block-spacer\"><\/div>\n\n\n\n<h3 class=\"wp-block-heading has-text-align-center\">\u2696\ufe0f Unsere Transparenz<\/h3>\n\n\n\n<p>Green Wellness Beauty ist nicht mit Yuka SAS verbunden.<br>Wir verwenden nur die von der Yuka-App gelieferten Werte als <strong>Informationshinweis<\/strong> um Ihnen zu helfen, Produkte mit sicheren Formulierungen zu finden.<br>Die Website beteiligt sich auch an der <strong>Amazon EU-Partnerprogramm<\/strong> und andere Affiliate-Programme: Das bedeutet, dass wir m\u00f6glicherweise eine kleine Provision f\u00fcr berechtigte K\u00e4ufe erhalten, <strong>ohne zus\u00e4tzliche Kosten f\u00fcr Sie.<\/strong><\/p>\n\n\n\n<div style=\"height:var(--wp--preset--spacing--40)\" aria-hidden=\"true\" class=\"wp-block-spacer\"><\/div>\n\n\n\n<h3 class=\"wp-block-heading has-text-align-center\">\ud83d\udcab Unser Versprechen<\/h3>\n\n\n\n<blockquote class=\"wp-block-quote has-text-align-center is-layout-flow wp-block-quote-is-layout-flow\">\n<p>Wir w\u00e4hlen nur aus, was wir auch verwenden w\u00fcrden.<\/p>\n\n\n\n<p>Green Wellness Beauty ist mehr als ein Portal: Es ist eine Einladung, authentische Sch\u00f6nheit wiederzuentdecken, die aus sauberen Inhaltsstoffen, wahren Werten und Respekt vor der Natur besteht. \ud83c\udf3f<\/p>\n<\/blockquote>\n\n\n\n<div style=\"height:var(--wp--preset--spacing--40)\" aria-hidden=\"true\" class=\"wp-block-spacer\"><\/div>\n<\/div>\n\n\n\n<div class=\"wp-block-group alignfull has-global-padding is-layout-constrained wp-container-core-group-is-layout-daa29608 wp-block-group-is-layout-constrained\" style=\"margin-top:0;margin-bottom:0;padding-top:var(--wp--preset--spacing--50);padding-right:var(--wp--preset--spacing--50);padding-bottom:var(--wp--preset--spacing--50);padding-left:var(--wp--preset--spacing--50)\">\n<div class=\"wp-block-cover alignfull has-parallax\" style=\"min-height:850px;aspect-ratio:unset;\"><div class=\"wp-block-cover__image-background wp-image-224 has-parallax\" style=\"background-position:50% 50%;background-image:url(https:\/\/greenwellnessbeauty.com\/wp-content\/uploads\/2023\/11\/aloe-scaled.jpg)\"><\/div><span aria-hidden=\"true\" class=\"wp-block-cover__background has-background-dim\" style=\"background-color:#0e1808\"><\/span><div class=\"wp-block-cover__inner-container has-global-padding is-layout-constrained wp-block-cover-is-layout-constrained\">\n<div style=\"height:var(--wp--preset--spacing--40)\" aria-hidden=\"true\" class=\"wp-block-spacer\"><\/div>\n\n\n\n<div class=\"wp-block-columns alignfull is-layout-flex wp-container-core-columns-is-layout-28f84493 wp-block-columns-is-layout-flex\">\n<div class=\"wp-block-column is-layout-flow wp-block-column-is-layout-flow\" style=\"flex-basis:70%\"><\/div>\n\n\n\n<div class=\"wp-block-column is-layout-flow wp-block-column-is-layout-flow\" style=\"flex-basis:50%\">\n<h2 class=\"wp-block-heading has-text-align-center has-text-color has-link-color has-x-large-font-size wp-elements-99bbe68aed4cc8ee498524a5d06f9b8b\" style=\"color:#ffffff\">Danke, dass Sie Teil der Familie sind <br>Green Wellness Beauty. <\/h2>\n\n\n\n<h2 class=\"wp-block-heading has-text-align-center has-x-large-font-size\">Wir laden Sie ein, unsere Kollektion zu entdecken und sich auf eine Reise zu strahlender, bewusster Sch\u00f6nheit zu begeben.<\/h2>\n\n\n\n<div style=\"height:30px\" aria-hidden=\"true\" class=\"wp-block-spacer\"><\/div>\n\n\n\n<div class=\"wp-block-buttons is-content-justification-center is-layout-flex wp-container-core-buttons-is-layout-a89b3969 wp-block-buttons-is-layout-flex\">\n<div class=\"wp-block-button\"><a class=\"wp-block-button__link wp-element-button\" href=\"https:\/\/greenwellnessbeauty.com\/de\/#categorie\">Unsere Produkte<\/a><\/div>\n<\/div>\n<\/div>\n\n\n\n<div class=\"wp-block-column is-layout-flow wp-block-column-is-layout-flow\" style=\"flex-basis:25%\"><\/div>\n<\/div>\n\n\n\n<div style=\"height:var(--wp--preset--spacing--40)\" aria-hidden=\"true\" class=\"wp-block-spacer\"><\/div>\n<\/div><\/div>\n<\/div>","protected":false},"excerpt":{"rendered":"<p>\ud83c\udf3f A proposito di Green Wellness Beauty Benvenuti su Green Wellness Beauty, dove la bellezza incontra il benessere \ud83c\udf38 Crediamo che la vera bellezza nasca da scelte consapevoli, dal rispetto per la propria pelle e dall\u2019amore per la natura.La nostra missione \u00e8 offrirti una selezione curata di prodotti naturali e sicuri, scelti in base alla [&hellip;]<\/p>\n","protected":false},"author":1,"featured_media":0,"parent":0,"menu_order":0,"comment_status":"closed","ping_status":"closed","template":"page-no-title","meta":{"_editorskit_title_hidden":true,"_editorskit_reading_time":0,"_editorskit_is_block_options_detached":false,"_editorskit_block_options_position":"{}","footnotes":""},"class_list":["post-215","page","type-page","status-publish","hentry"],"yoast_head":"<!-- This site is optimized with the Yoast SEO plugin v27.4 - https:\/\/yoast.com\/product\/yoast-seo-wordpress\/ -->\n<title>Chi Siamo - Green Wellness Beauty<\/title>\n<meta name=\"robots\" content=\"index, follow, max-snippet:-1, max-image-preview:large, max-video-preview:-1\" \/>\n<link rel=\"canonical\" href=\"https:\/\/greenwellnessbeauty.com\/de\/wer-wir-sind\/\" \/>\n<meta property=\"og:locale\" content=\"de_DE\" \/>\n<meta property=\"og:type\" content=\"article\" \/>\n<meta property=\"og:title\" content=\"Chi Siamo - Green Wellness Beauty\" \/>\n<meta property=\"og:description\" content=\"\ud83c\udf3f A proposito di Green Wellness Beauty Benvenuti su Green Wellness Beauty, dove la bellezza incontra il benessere \ud83c\udf38 Crediamo che la vera bellezza nasca da scelte consapevoli, dal rispetto per la propria pelle e dall\u2019amore per la natura.La nostra missione \u00e8 offrirti una selezione curata di prodotti naturali e sicuri, scelti in base alla [&hellip;]\" \/>\n<meta property=\"og:url\" content=\"https:\/\/greenwellnessbeauty.com\/de\/wer-wir-sind\/\" \/>\n<meta property=\"og:site_name\" content=\"Green Wellness Beauty\" \/>\n<meta property=\"article:modified_time\" content=\"2025-10-12T19:50:43+00:00\" \/>\n<meta property=\"og:image\" content=\"https:\/\/greenwellnessbeauty.com\/wp-content\/uploads\/2023\/11\/stones-1341224_1280.jpg\" \/>\n\t<meta property=\"og:image:width\" content=\"1280\" \/>\n\t<meta property=\"og:image:height\" content=\"853\" \/>\n\t<meta property=\"og:image:type\" content=\"image\/jpeg\" \/>\n<meta name=\"twitter:card\" content=\"summary_large_image\" \/>\n<meta name=\"twitter:label1\" content=\"Gesch\u00e4tzte Lesezeit\" \/>\n\t<meta name=\"twitter:data1\" content=\"3\u00a0Minuten\" \/>\n<script type=\"application\/ld+json\" class=\"yoast-schema-graph\">{\"@context\":\"https:\\\/\\\/schema.org\",\"@graph\":[{\"@type\":\"WebPage\",\"@id\":\"https:\\\/\\\/greenwellnessbeauty.com\\\/chi-siamo\\\/\",\"url\":\"https:\\\/\\\/greenwellnessbeauty.com\\\/chi-siamo\\\/\",\"name\":\"Chi Siamo - Green Wellness Beauty\",\"isPartOf\":{\"@id\":\"https:\\\/\\\/greenwellnessbeauty.com\\\/#website\"},\"primaryImageOfPage\":{\"@id\":\"https:\\\/\\\/greenwellnessbeauty.com\\\/chi-siamo\\\/#primaryimage\"},\"image\":{\"@id\":\"https:\\\/\\\/greenwellnessbeauty.com\\\/chi-siamo\\\/#primaryimage\"},\"thumbnailUrl\":\"https:\\\/\\\/greenwellnessbeauty.com\\\/wp-content\\\/uploads\\\/2023\\\/11\\\/stones-1341224_1280-1024x682.jpg\",\"datePublished\":\"2023-11-11T20:51:51+00:00\",\"dateModified\":\"2025-10-12T19:50:43+00:00\",\"breadcrumb\":{\"@id\":\"https:\\\/\\\/greenwellnessbeauty.com\\\/chi-siamo\\\/#breadcrumb\"},\"inLanguage\":\"de\",\"potentialAction\":[{\"@type\":\"ReadAction\",\"target\":[\"https:\\\/\\\/greenwellnessbeauty.com\\\/chi-siamo\\\/\"]}]},{\"@type\":\"ImageObject\",\"inLanguage\":\"de\",\"@id\":\"https:\\\/\\\/greenwellnessbeauty.com\\\/chi-siamo\\\/#primaryimage\",\"url\":\"https:\\\/\\\/greenwellnessbeauty.com\\\/wp-content\\\/uploads\\\/2023\\\/11\\\/stones-1341224_1280-1024x682.jpg\",\"contentUrl\":\"https:\\\/\\\/greenwellnessbeauty.com\\\/wp-content\\\/uploads\\\/2023\\\/11\\\/stones-1341224_1280-1024x682.jpg\"},{\"@type\":\"BreadcrumbList\",\"@id\":\"https:\\\/\\\/greenwellnessbeauty.com\\\/chi-siamo\\\/#breadcrumb\",\"itemListElement\":[{\"@type\":\"ListItem\",\"position\":1,\"name\":\"Home\",\"item\":\"https:\\\/\\\/greenwellnessbeauty.com\\\/\"},{\"@type\":\"ListItem\",\"position\":2,\"name\":\"Chi Siamo\"}]},{\"@type\":\"WebSite\",\"@id\":\"https:\\\/\\\/greenwellnessbeauty.com\\\/#website\",\"url\":\"https:\\\/\\\/greenwellnessbeauty.com\\\/\",\"name\":\"Green Wellness Beauty\",\"description\":\"Riscopri il benessere autentico: prodotti valutati positivamente da Yuka per una bellezza sicura e naturale.\",\"publisher\":{\"@id\":\"https:\\\/\\\/greenwellnessbeauty.com\\\/#\\\/schema\\\/person\\\/78392f21841425f9e8d8b2b34010b901\"},\"potentialAction\":[{\"@type\":\"SearchAction\",\"target\":{\"@type\":\"EntryPoint\",\"urlTemplate\":\"https:\\\/\\\/greenwellnessbeauty.com\\\/?s={search_term_string}\"},\"query-input\":{\"@type\":\"PropertyValueSpecification\",\"valueRequired\":true,\"valueName\":\"search_term_string\"}}],\"inLanguage\":\"de\"},{\"@type\":[\"Person\",\"Organization\"],\"@id\":\"https:\\\/\\\/greenwellnessbeauty.com\\\/#\\\/schema\\\/person\\\/78392f21841425f9e8d8b2b34010b901\",\"name\":\"daniele\",\"image\":{\"@type\":\"ImageObject\",\"inLanguage\":\"de\",\"@id\":\"https:\\\/\\\/greenwellnessbeauty.com\\\/wp-content\\\/uploads\\\/2023\\\/11\\\/Logo-grigio-stretto-1.jpg\",\"url\":\"https:\\\/\\\/greenwellnessbeauty.com\\\/wp-content\\\/uploads\\\/2023\\\/11\\\/Logo-grigio-stretto-1.jpg\",\"contentUrl\":\"https:\\\/\\\/greenwellnessbeauty.com\\\/wp-content\\\/uploads\\\/2023\\\/11\\\/Logo-grigio-stretto-1.jpg\",\"width\":2508,\"height\":772,\"caption\":\"daniele\"},\"logo\":{\"@id\":\"https:\\\/\\\/greenwellnessbeauty.com\\\/wp-content\\\/uploads\\\/2023\\\/11\\\/Logo-grigio-stretto-1.jpg\"},\"sameAs\":[\"http:\\\/\\\/devisdeswg.cluster028.hosting.ovh.net\"]}]}<\/script>\n<!-- \/ Yoast SEO plugin. -->","yoast_head_json":{"title":"\u00dcber uns - Green Wellness Beauty","robots":{"index":"index","follow":"follow","max-snippet":"max-snippet:-1","max-image-preview":"max-image-preview:large","max-video-preview":"max-video-preview:-1"},"canonical":"https:\/\/greenwellnessbeauty.com\/de\/wer-wir-sind\/","og_locale":"de_DE","og_type":"article","og_title":"Chi Siamo - Green Wellness Beauty","og_description":"\ud83c\udf3f A proposito di Green Wellness Beauty Benvenuti su Green Wellness Beauty, dove la bellezza incontra il benessere \ud83c\udf38 Crediamo che la vera bellezza nasca da scelte consapevoli, dal rispetto per la propria pelle e dall\u2019amore per la natura.La nostra missione \u00e8 offrirti una selezione curata di prodotti naturali e sicuri, scelti in base alla [&hellip;]","og_url":"https:\/\/greenwellnessbeauty.com\/de\/wer-wir-sind\/","og_site_name":"Green Wellness Beauty","article_modified_time":"2025-10-12T19:50:43+00:00","og_image":[{"width":1280,"height":853,"url":"https:\/\/greenwellnessbeauty.com\/wp-content\/uploads\/2023\/11\/stones-1341224_1280.jpg","type":"image\/jpeg"}],"twitter_card":"summary_large_image","twitter_misc":{"Gesch\u00e4tzte Lesezeit":"3\u00a0Minuten"},"schema":{"@context":"https:\/\/schema.org","@graph":[{"@type":"WebPage","@id":"https:\/\/greenwellnessbeauty.com\/chi-siamo\/","url":"https:\/\/greenwellnessbeauty.com\/chi-siamo\/","name":"\u00dcber uns - Green Wellness Beauty","isPartOf":{"@id":"https:\/\/greenwellnessbeauty.com\/#website"},"primaryImageOfPage":{"@id":"https:\/\/greenwellnessbeauty.com\/chi-siamo\/#primaryimage"},"image":{"@id":"https:\/\/greenwellnessbeauty.com\/chi-siamo\/#primaryimage"},"thumbnailUrl":"https:\/\/greenwellnessbeauty.com\/wp-content\/uploads\/2023\/11\/stones-1341224_1280-1024x682.jpg","datePublished":"2023-11-11T20:51:51+00:00","dateModified":"2025-10-12T19:50:43+00:00","breadcrumb":{"@id":"https:\/\/greenwellnessbeauty.com\/chi-siamo\/#breadcrumb"},"inLanguage":"de","potentialAction":[{"@type":"ReadAction","target":["https:\/\/greenwellnessbeauty.com\/chi-siamo\/"]}]},{"@type":"ImageObject","inLanguage":"de","@id":"https:\/\/greenwellnessbeauty.com\/chi-siamo\/#primaryimage","url":"https:\/\/greenwellnessbeauty.com\/wp-content\/uploads\/2023\/11\/stones-1341224_1280-1024x682.jpg","contentUrl":"https:\/\/greenwellnessbeauty.com\/wp-content\/uploads\/2023\/11\/stones-1341224_1280-1024x682.jpg"},{"@type":"BreadcrumbList","@id":"https:\/\/greenwellnessbeauty.com\/chi-siamo\/#breadcrumb","itemListElement":[{"@type":"ListItem","position":1,"name":"Home","item":"https:\/\/greenwellnessbeauty.com\/"},{"@type":"ListItem","position":2,"name":"Chi Siamo"}]},{"@type":"WebSite","@id":"https:\/\/greenwellnessbeauty.com\/#website","url":"https:\/\/greenwellnessbeauty.com\/","name":"Green Wellness Beauty","description":"Entdecken Sie authentisches Wohlbefinden wieder: Yukas positiv bewertete Produkte f\u00fcr sichere und nat\u00fcrliche Sch\u00f6nheit.","publisher":{"@id":"https:\/\/greenwellnessbeauty.com\/#\/schema\/person\/78392f21841425f9e8d8b2b34010b901"},"potentialAction":[{"@type":"SearchAction","target":{"@type":"EntryPoint","urlTemplate":"https:\/\/greenwellnessbeauty.com\/?s={search_term_string}"},"query-input":{"@type":"PropertyValueSpecification","valueRequired":true,"valueName":"search_term_string"}}],"inLanguage":"de"},{"@type":["Person","Organization"],"@id":"https:\/\/greenwellnessbeauty.com\/#\/schema\/person\/78392f21841425f9e8d8b2b34010b901","name":"daniele","image":{"@type":"ImageObject","inLanguage":"de","@id":"https:\/\/greenwellnessbeauty.com\/wp-content\/uploads\/2023\/11\/Logo-grigio-stretto-1.jpg","url":"https:\/\/greenwellnessbeauty.com\/wp-content\/uploads\/2023\/11\/Logo-grigio-stretto-1.jpg","contentUrl":"https:\/\/greenwellnessbeauty.com\/wp-content\/uploads\/2023\/11\/Logo-grigio-stretto-1.jpg","width":2508,"height":772,"caption":"daniele"},"logo":{"@id":"https:\/\/greenwellnessbeauty.com\/wp-content\/uploads\/2023\/11\/Logo-grigio-stretto-1.jpg"},"sameAs":["http:\/\/devisdeswg.cluster028.hosting.ovh.net"]}]}},"_links":{"self":[{"href":"https:\/\/greenwellnessbeauty.com\/de\/wp-json\/wp\/v2\/pages\/215","targetHints":{"allow":["GET"]}}],"collection":[{"href":"https:\/\/greenwellnessbeauty.com\/de\/wp-json\/wp\/v2\/pages"}],"about":[{"href":"https:\/\/greenwellnessbeauty.com\/de\/wp-json\/wp\/v2\/types\/page"}],"author":[{"embeddable":true,"href":"https:\/\/greenwellnessbeauty.com\/de\/wp-json\/wp\/v2\/users\/1"}],"replies":[{"embeddable":true,"href":"https:\/\/greenwellnessbeauty.com\/de\/wp-json\/wp\/v2\/comments?post=215"}],"version-history":[{"count":30,"href":"https:\/\/greenwellnessbeauty.com\/de\/wp-json\/wp\/v2\/pages\/215\/revisions"}],"predecessor-version":[{"id":1008,"href":"https:\/\/greenwellnessbeauty.com\/de\/wp-json\/wp\/v2\/pages\/215\/revisions\/1008"}],"wp:attachment":[{"href":"https:\/\/greenwellnessbeauty.com\/de\/wp-json\/wp\/v2\/media?parent=215"}],"curies":[{"name":"wp","href":"https:\/\/api.w.org\/{rel}","templated":true}]}}